{"id":220,"date":"2022-12-07T13:52:56","date_gmt":"2022-12-07T13:52:56","guid":{"rendered":"https:\/\/stopkondenz.block.rs\/?page_id=220"},"modified":"2023-01-17T12:04:33","modified_gmt":"2023-01-17T12:04:33","slug":"wasserdicht","status":"publish","type":"page","link":"https:\/\/stopkondenz.com\/de\/wasserdicht\/","title":{"rendered":"WASSERDICHT"},"content":{"rendered":"<div data-elementor-type=\"wp-page\" data-elementor-id=\"220\" class=\"elementor elementor-220\" data-elementor-post-type=\"page\">\n\t\t\t\t<div class=\"elementor-element elementor-element-0b54ab2 e-con-full e-flex e-con e-parent\" data-id=\"0b54ab2\" data-element_type=\"container\" data-e-type=\"container\">\n\t\t<div class=\"elementor-element elementor-element-bde6a50 e-con-full e-flex e-con e-parent\" data-id=\"bde6a50\" data-element_type=\"container\" data-e-type=\"container\" data-settings=\"{&quot;background_background&quot;:&quot;classic&quot;}\">\n\t\t<div class=\"elementor-element elementor-element-1c35bd5 e-con-full e-flex e-con e-parent\" data-id=\"1c35bd5\" data-element_type=\"container\" data-e-type=\"container\">\n\t\t\t\t<div class=\"elementor-element elementor-element-c21d10c elementor-widget elementor-widget-heading\" data-id=\"c21d10c\" data-element_type=\"widget\" data-e-type=\"widget\" data-widget_type=\"heading.default\">\n\t\t\t\t<div class=\"elementor-widget-container\">\n\t\t\t\t\t<h1 class=\"elementor-heading-title elementor-size-default\">WASSERDICHT<\/h1>\t\t\t\t<\/div>\n\t\t\t\t<\/div>\n\t\t\t\t<div class=\"elementor-element elementor-element-7d517d4 elementor-widget elementor-widget-heading\" data-id=\"7d517d4\" data-element_type=\"widget\" data-e-type=\"widget\" data-widget_type=\"heading.default\">\n\t\t\t\t<div class=\"elementor-widget-container\">\n\t\t\t\t\t<p class=\"elementor-heading-title elementor-size-default\">ELASTISCHES DICHTMITTEL<br> ZUR ABDICHTUNG VON RISSEN<br> AUF D\u00c4CHERN UND ANDEREN<br> OBERFL\u00c4CHEN<\/p>\t\t\t\t<\/div>\n\t\t\t\t<\/div>\n\t\t\t\t<\/div>\n\t\t\t\t<div class=\"elementor-element elementor-element-b16af41 elementor-widget elementor-widget-image\" data-id=\"b16af41\" data-element_type=\"widget\" data-e-type=\"widget\" data-widget_type=\"image.default\">\n\t\t\t\t<div class=\"elementor-widget-container\">\n\t\t\t\t\t\t\t\t\t\t\t\t\t\t\t<img fetchpriority=\"high\" decoding=\"async\" width=\"404\" height=\"476\" src=\"https:\/\/stopkondenz.com\/wp-content\/uploads\/2022\/12\/Wasserdicht-limenka-2-CMYK.png\" class=\"attachment-full size-full wp-image-222\" alt=\"\" srcset=\"https:\/\/stopkondenz.com\/wp-content\/uploads\/2022\/12\/Wasserdicht-limenka-2-CMYK.png 404w, https:\/\/stopkondenz.com\/wp-content\/uploads\/2022\/12\/Wasserdicht-limenka-2-CMYK-255x300.png 255w\" sizes=\"(max-width: 404px) 100vw, 404px\" \/>\t\t\t\t\t\t\t\t\t\t\t\t\t\t\t<\/div>\n\t\t\t\t<\/div>\n\t\t\t\t<\/div>\n\t\t<div class=\"elementor-element elementor-element-b07d12f e-con-full e-flex e-con e-parent\" data-id=\"b07d12f\" data-element_type=\"container\" data-e-type=\"container\" data-settings=\"{&quot;background_background&quot;:&quot;classic&quot;}\">\n\t\t\t\t<\/div>\n\t\t\t\t<\/div>\n\t\t<div class=\"elementor-element elementor-element-0ba693f e-flex e-con-boxed e-con e-parent\" data-id=\"0ba693f\" data-element_type=\"container\" data-e-type=\"container\">\n\t\t\t\t\t<div class=\"e-con-inner\">\n\t\t<div class=\"elementor-element elementor-element-7915643 e-con-full e-flex e-con e-parent\" data-id=\"7915643\" data-element_type=\"container\" data-e-type=\"container\">\n\t\t\t\t<div class=\"elementor-element elementor-element-b4c57d8 elementor-widget elementor-widget-text-editor\" data-id=\"b4c57d8\" data-element_type=\"widget\" data-e-type=\"widget\" data-widget_type=\"text-editor.default\">\n\t\t\t\t<div class=\"elementor-widget-container\">\n\t\t\t\t\t\t\t\t\t<div id=\"av_section_2\" class=\"avia-section main_color avia-section-default avia-no-shadow avia-bg-style-scroll avia-builder-el-7 el_after_av_section el_before_av_section container_wrap fullsize\"><div class=\"container\"><div class=\"template-page content av-content-full alpha units\"><div class=\"post-entry post-entry-type-page post-entry-918\"><div class=\"entry-content-wrapper clearfix\"><div class=\"flex_column av_one_full flex_column_div av-zero-column-padding first avia-builder-el-8 avia-builder-el-no-sibling\"><section class=\"av_textblock_section\"><div class=\"avia_textblock\"><p><strong>WASSERDICHT<\/strong><\/p><p>WASSERDICHT haftet auf allen Arten von Dachmaterialien, zum Beispiel Teer, Bitumen, Dachpappe, geschwei\u00dftes Band, Faserzement, Hart-PVC, Aluminium, Zink, Kupfer, Blei, Stein, Beton, Schiefer, Schindeln und Glas. WASSERDICHT dichtet sofort und dauerhaft ab, auch bei Regen und Frost. Risse bis zu 1 cm werden mit Dralon-Fasern \u00fcberbr\u00fcckt. Nicht geeignet f\u00fcr den Einsatz unter Wasser, Druckwasser und Styropor.<\/p><p><strong>Vorbereitung des Substrats<\/strong><\/p><p>Schmutz, nicht haftende Teile und Moos entfernen. Aluminium, Zink und Kupfer mit handels\u00fcblichen Reinigern gr\u00fcndlich reinigen.<\/p><p><strong>Anwendung<\/strong><\/p><p>Unverd\u00fcnnt mit einem breiten Pinsel in einer dicken Schicht auftragen (in Extremf\u00e4llen nach ca. 8 Tagen eine zweite Schicht auftragen). Das Werkzeug mit Nitroverd\u00fcnnung reinigen. WASSERDICHT kann mit Acrylfarben \u00fcberstrichen werden.<\/p><p>dana). Alat o\u010distite\u00a0nitro\u00a0razre\u0111iva\u010dem.\u00a0WASSERDICHT se mo\u017ee premazati\u00a0akrilnim\u00a0bojama.<\/p><p><strong>Verpackung<\/strong><\/p><p>750 ml<\/p><p><strong>Verbrauch<\/strong><\/p><p>Ca. 2l \/ m2 je nach Art des Substrats.<\/p><p><strong>Farbe:<\/strong>\u00a0grau<\/p><p><strong>Trocknung<\/strong><\/p><p>(bei 20\u00b0C, 55% relative Luftfeuchtigkeit): nach ca. 3 Stunden zu Staub trocknen.<\/p><p><strong>Anwendungstemperatur:<\/strong><strong>:<\/strong><\/p><p>von -5\u00b0C bis +30\u00b0C.<\/p><\/div><\/section><\/div><\/div><\/div><\/div><\/div><\/div>\t\t\t\t\t\t\t\t<\/div>\n\t\t\t\t<\/div>\n\t\t\t\t<\/div>\n\t\t\t\t\t<\/div>\n\t\t\t\t<\/div>\n\t\t<div class=\"elementor-element elementor-element-07f734d e-flex e-con-boxed e-con e-parent\" data-id=\"07f734d\" data-element_type=\"container\" data-e-type=\"container\" data-settings=\"{&quot;background_background&quot;:&quot;classic&quot;}\">\n\t\t\t\t\t<div class=\"e-con-inner\">\n\t\t\t\t<div class=\"elementor-element elementor-element-8ae553f elementor-widget elementor-widget-heading\" data-id=\"8ae553f\" data-element_type=\"widget\" data-e-type=\"widget\" data-widget_type=\"heading.default\">\n\t\t\t\t<div class=\"elementor-widget-container\">\n\t\t\t\t\t<h2 class=\"elementor-heading-title elementor-size-default translation-block\">ONLINE<br> BESTELLEN<\/h2>\t\t\t\t<\/div>\n\t\t\t\t<\/div>\n\t\t\t\t<div class=\"elementor-element elementor-element-afdf644 elementor-align-center elementor-widget elementor-widget-button\" data-id=\"afdf644\" data-element_type=\"widget\" data-e-type=\"widget\" data-widget_type=\"button.default\">\n\t\t\t\t<div class=\"elementor-widget-container\">\n\t\t\t\t\t\t\t\t\t<div class=\"elementor-button-wrapper\">\n\t\t\t\t\t<a class=\"elementor-button elementor-button-link elementor-size-sm\" href=\"https:\/\/roma.rs\/wasserdicht-0-75-1-stop-kondenz\">\n\t\t\t\t\t\t<span class=\"elementor-button-content-wrapper\">\n\t\t\t\t\t\t\t\t\t<span class=\"elementor-button-text\">Cliquer ici pour commander Wasserdicht<\/span>\n\t\t\t\t\t<\/span>\n\t\t\t\t\t<\/a>\n\t\t\t\t<\/div>\n\t\t\t\t\t\t\t\t<\/div>\n\t\t\t\t<\/div>\n\t\t\t\t<div class=\"elementor-element elementor-element-b1339f2 elementor-widget elementor-widget-heading\" data-id=\"b1339f2\" data-element_type=\"widget\" data-e-type=\"widget\" data-widget_type=\"heading.default\">\n\t\t\t\t<div class=\"elementor-widget-container\">\n\t\t\t\t\t<span class=\"elementor-heading-title elementor-size-default\">+382 77 27 27 00 f\u00fcr Montenegro<\/span>\t\t\t\t<\/div>\n\t\t\t\t<\/div>\n\t\t\t\t<div class=\"elementor-element elementor-element-3520953 elementor-align-center elementor-widget elementor-widget-button\" data-id=\"3520953\" data-element_type=\"widget\" data-e-type=\"widget\" data-widget_type=\"button.default\">\n\t\t\t\t<div class=\"elementor-widget-container\">\n\t\t\t\t\t\t\t\t\t<div class=\"elementor-button-wrapper\">\n\t\t\t\t\t<a class=\"elementor-button elementor-button-link elementor-size-sm\" href=\"https:\/\/stopkondenz.com\/de\/gde-kupiti\/\">\n\t\t\t\t\t\t<span class=\"elementor-button-content-wrapper\">\n\t\t\t\t\t\t\t\t\t<span class=\"elementor-button-text\">Klicken sie hier f\u00fcr die liste aller verkaufsstellen<\/span>\n\t\t\t\t\t<\/span>\n\t\t\t\t\t<\/a>\n\t\t\t\t<\/div>\n\t\t\t\t\t\t\t\t<\/div>\n\t\t\t\t<\/div>\n\t\t\t\t\t<\/div>\n\t\t\t\t<\/div>\n\t\t\t\t<\/div>","protected":false},"excerpt":{"rendered":"<p>WASSERDICHT Elasti\u010dna zaptivna masa za zaptivanje pukotina na krovovima i drugim povr\u0161inama WASSERDICHT WASSERDICHT prijanja na sve vrste materijala koje se koriste kod krovnih pokriva\u010da, na primer katran, bitumen, krovna lepenka, zavarene trake, vlaknasti cement, tvrdi PVC, aluminijum, cink, bakar, olovo, kamen, beton, \u0161kriljac, \u0161indra i staklo. WASSERDICHT zaptiva trenutno i trajno, \u010dak i na [&hellip;]<\/p>\n","protected":false},"author":7,"featured_media":0,"parent":0,"menu_order":0,"comment_status":"closed","ping_status":"closed","template":"","meta":{"_monsterinsights_skip_tracking":false,"_monsterinsights_sitenote_active":false,"_monsterinsights_sitenote_note":"","_monsterinsights_sitenote_category":0,"_uf_show_specific_survey":0,"_uf_disable_surveys":false,"footnotes":""},"class_list":["post-220","page","type-page","status-publish","hentry"],"_links":{"self":[{"href":"https:\/\/stopkondenz.com\/de\/wp-json\/wp\/v2\/pages\/220","targetHints":{"allow":["GET"]}}],"collection":[{"href":"https:\/\/stopkondenz.com\/de\/wp-json\/wp\/v2\/pages"}],"about":[{"href":"https:\/\/stopkondenz.com\/de\/wp-json\/wp\/v2\/types\/page"}],"author":[{"embeddable":true,"href":"https:\/\/stopkondenz.com\/de\/wp-json\/wp\/v2\/users\/7"}],"replies":[{"embeddable":true,"href":"https:\/\/stopkondenz.com\/de\/wp-json\/wp\/v2\/comments?post=220"}],"version-history":[{"count":11,"href":"https:\/\/stopkondenz.com\/de\/wp-json\/wp\/v2\/pages\/220\/revisions"}],"predecessor-version":[{"id":447,"href":"https:\/\/stopkondenz.com\/de\/wp-json\/wp\/v2\/pages\/220\/revisions\/447"}],"wp:attachment":[{"href":"https:\/\/stopkondenz.com\/de\/wp-json\/wp\/v2\/media?parent=220"}],"curies":[{"name":"wp","href":"https:\/\/api.w.org\/{rel}","templated":true}]}}