{"id":206,"date":"2022-12-07T13:28:33","date_gmt":"2022-12-07T13:28:33","guid":{"rendered":"https:\/\/stopkondenz.block.rs\/?page_id=206"},"modified":"2025-01-15T12:38:36","modified_gmt":"2025-01-15T12:38:36","slug":"aqua-tile-color","status":"publish","type":"page","link":"https:\/\/stopkondenz.com\/en\/aqua-tile-color\/","title":{"rendered":"Aqua tile color"},"content":{"rendered":"<div data-elementor-type=\"wp-page\" data-elementor-id=\"206\" class=\"elementor elementor-206\" data-elementor-post-type=\"page\">\n\t\t\t\t<div class=\"elementor-element elementor-element-02d8458 e-con-full e-flex e-con e-parent\" data-id=\"02d8458\" data-element_type=\"container\" data-e-type=\"container\">\n\t\t<div class=\"elementor-element elementor-element-add5aeb e-con-full e-flex e-con e-child\" data-id=\"add5aeb\" data-element_type=\"container\" data-e-type=\"container\" data-settings=\"{&quot;background_background&quot;:&quot;classic&quot;}\">\n\t\t<div class=\"elementor-element elementor-element-514d05f e-con-full e-flex e-con e-child\" data-id=\"514d05f\" data-element_type=\"container\" data-e-type=\"container\">\n\t\t\t\t<div class=\"elementor-element elementor-element-f3c4e81 elementor-widget elementor-widget-heading\" data-id=\"f3c4e81\" data-element_type=\"widget\" data-e-type=\"widget\" data-widget_type=\"heading.default\">\n\t\t\t\t<div class=\"elementor-widget-container\">\n\t\t\t\t\t<h1 class=\"elementor-heading-title elementor-size-default\">Paint for wall<br> tiles\n<\/h1>\t\t\t\t<\/div>\n\t\t\t\t<\/div>\n\t\t\t\t<div class=\"elementor-element elementor-element-1b43437 elementor-widget elementor-widget-heading\" data-id=\"1b43437\" data-element_type=\"widget\" data-e-type=\"widget\" data-widget_type=\"heading.default\">\n\t\t\t\t<div class=\"elementor-widget-container\">\n\t\t\t\t\t<p class=\"elementor-heading-title elementor-size-default\">AQUA TILE COLOR<\/p>\t\t\t\t<\/div>\n\t\t\t\t<\/div>\n\t\t\t\t<\/div>\n\t\t\t\t<div class=\"elementor-element elementor-element-383d3fa elementor-widget elementor-widget-image\" data-id=\"383d3fa\" data-element_type=\"widget\" data-e-type=\"widget\" data-widget_type=\"image.default\">\n\t\t\t\t<div class=\"elementor-widget-container\">\n\t\t\t\t\t\t\t\t\t\t\t\t\t\t\t<img fetchpriority=\"high\" decoding=\"async\" width=\"404\" height=\"476\" src=\"https:\/\/stopkondenz.com\/wp-content\/uploads\/2022\/12\/Aqua-tile-limenka-2-CMYK.png\" class=\"attachment-full size-full wp-image-208\" alt=\"\" srcset=\"https:\/\/stopkondenz.com\/wp-content\/uploads\/2022\/12\/Aqua-tile-limenka-2-CMYK.png 404w, https:\/\/stopkondenz.com\/wp-content\/uploads\/2022\/12\/Aqua-tile-limenka-2-CMYK-255x300.png 255w\" sizes=\"(max-width: 404px) 100vw, 404px\" \/>\t\t\t\t\t\t\t\t\t\t\t\t\t\t\t<\/div>\n\t\t\t\t<\/div>\n\t\t\t\t<\/div>\n\t\t<div class=\"elementor-element elementor-element-a3cf8d0 e-con-full e-flex e-con e-child\" data-id=\"a3cf8d0\" data-element_type=\"container\" data-e-type=\"container\" data-settings=\"{&quot;background_background&quot;:&quot;classic&quot;}\">\n\t\t\t\t<\/div>\n\t\t\t\t<\/div>\n\t\t<div class=\"elementor-element elementor-element-00d8262 e-flex e-con-boxed e-con e-parent\" data-id=\"00d8262\" data-element_type=\"container\" data-e-type=\"container\" id=\"at-video\">\n\t\t\t\t\t<div class=\"e-con-inner\">\n\t\t<div class=\"elementor-element elementor-element-01f01d6 e-con-full e-flex e-con e-child\" data-id=\"01f01d6\" data-element_type=\"container\" data-e-type=\"container\">\n\t\t\t\t<div class=\"elementor-element elementor-element-c6609b8 elementor-widget__width-initial elementor-widget elementor-widget-video\" data-id=\"c6609b8\" data-element_type=\"widget\" data-e-type=\"widget\" data-settings=\"{&quot;youtube_url&quot;:&quot;https:\\\/\\\/www.youtube.com\\\/watch?v=_-rfZXL9SQk&quot;,&quot;video_type&quot;:&quot;youtube&quot;,&quot;controls&quot;:&quot;yes&quot;}\" data-widget_type=\"video.default\">\n\t\t\t\t<div class=\"elementor-widget-container\">\n\t\t\t\t\t\t\t<div class=\"elementor-wrapper elementor-open-inline\">\n\t\t\t<div class=\"elementor-video\"><\/div>\t\t<\/div>\n\t\t\t\t\t\t<\/div>\n\t\t\t\t<\/div>\n\t\t\t\t<\/div>\n\t\t<div class=\"elementor-element elementor-element-7bb4d07 e-con-full e-flex e-con e-child\" data-id=\"7bb4d07\" data-element_type=\"container\" data-e-type=\"container\">\n\t\t\t\t<div class=\"elementor-element elementor-element-82ff87f elementor-widget elementor-widget-text-editor\" data-id=\"82ff87f\" data-element_type=\"widget\" data-e-type=\"widget\" data-widget_type=\"text-editor.default\">\n\t\t\t\t<div class=\"elementor-widget-container\">\n\t\t\t\t\t\t\t\t\t<div id=\"av_section_2\" class=\"avia-section main_color avia-section-default avia-no-shadow avia-bg-style-scroll  avia-builder-el-7  el_after_av_section  el_before_av_section  container_wrap fullsize\"><div class=\"container\"><div class=\"template-page content  av-content-full alpha units\"><div class=\"post-entry post-entry-type-page post-entry-918\"><div class=\"entry-content-wrapper clearfix\"><div class=\"flex_column av_one_full  flex_column_div av-zero-column-padding first  avia-builder-el-8  avia-builder-el-no-sibling\"><section class=\"av_textblock_section\"><div class=\"avia_textblock\"><p><strong>AQUA TILE COLOR<\/strong><\/p><p>Quality one-component water-based paint intended for direct application on wall ceramic tiles in kitchens, bathrooms and toilets. It is adapted for interior use. It is suitable for damp areas. Avoid standing water. Substrate on which it can be applied: ceramic wall tiles and porcelain ceramics.<\/p><ul><li>Water-based, with a weak odor<\/li><li>It is applied directly to the tiles \u2013 no primer or surface sanding is necessary<\/li><li>Excellent coverage<\/li><li>3 in 1 system: sealing, base and final color in one<\/li><li>Color: white<\/li><li>Gloss level: semi-gloss<\/li><\/ul><p><strong>Preparation of the substrate<\/strong><\/p><p>The tiles must be clean, dry, free of dust and grease. Remove limescale residues with a limescale remover and then rinse the surface well. Remove the remains of silicone. Joints must be stable and solid. Close all possible cracks beforehand.<\/p><p><strong>Conditions of application<\/strong><\/p><p>During the entire period of application and drying of the material, the substrate temperature and the air temperature must be between 8\u00b0C and 30\u00b0C, and the relative air humidity between 30% and 75%. Excessive air humidity, low temperature, excessive film thickness and lack of air movement can slow down the drying of the paint film.<\/p><p><strong>Application<\/strong><\/p><p>In 2 to 3 layers with a quality short-pile roller or low-pressure airless paint applicator (such as the Wagner Felxio series). When the paint is applied with a device, one application is sufficient. For tiles in the shower area, 3 coats are definitely recommended.<\/p><p><strong>Packaging<\/strong>750 ml<\/p><p><strong>Coverage<\/strong><\/p><p>8 \u2013 10 m\u00b2 \/ L.<\/p><p><strong>Cleaning tools<\/strong><\/p><p>Immediately after use with plenty of soap and water.<\/p><p><strong>Drying<\/strong><\/p><p>Dry to dust after about 30 minutes, dry to the touch in about 60 minutes, applying the second layer is possible after about 4 hours, and complete drying is achieved after 5 days.<\/p><p><strong>Care<\/strong><\/p><p>Use the usual mild home cleaners. Do not use abrasives. Storage: Store in a cool and dry place in an original and well-sealed package. Protect from freezing.<\/p><div id=\"gtx-trans\">\u00a0<\/div><\/div><\/section><\/div><\/div><\/div><\/div><\/div><\/div><div id=\"av_section_3\" class=\"avia-section main_color avia-section-default avia-no-shadow avia-bg-style-scroll  avia-builder-el-10  el_after_av_section  avia-builder-el-last  container_wrap fullsize\"><div class=\"container\"><div class=\"template-page content  av-content-full alpha units\"><div class=\"post-entry post-entry-type-page post-entry-918\"><div class=\"entry-content-wrapper clearfix\"><div class=\"avia-image-container  av-styling-   avia-builder-el-11  el_before_av_hr  avia-builder-el-first  avia-align-center\"><div class=\"avia-image-container-inner\">\u00a0<\/div><\/div><\/div><\/div><\/div><\/div><\/div>\t\t\t\t\t\t\t\t<\/div>\n\t\t\t\t<\/div>\n\t\t\t\t<\/div>\n\t\t\t\t\t<\/div>\n\t\t\t\t<\/div>\n\t\t<div class=\"elementor-element elementor-element-8244847 e-flex e-con-boxed e-con e-parent\" data-id=\"8244847\" data-element_type=\"container\" data-e-type=\"container\" data-settings=\"{&quot;background_background&quot;:&quot;classic&quot;}\">\n\t\t\t\t\t<div class=\"e-con-inner\">\n\t\t\t\t<div class=\"elementor-element elementor-element-0bad7da elementor-widget elementor-widget-heading\" data-id=\"0bad7da\" data-element_type=\"widget\" data-e-type=\"widget\" data-widget_type=\"heading.default\">\n\t\t\t\t<div class=\"elementor-widget-container\">\n\t\t\t\t\t<h2 class=\"elementor-heading-title elementor-size-default translation-block\">ORDER<br> ONLINE<\/h2>\t\t\t\t<\/div>\n\t\t\t\t<\/div>\n\t\t\t\t<div class=\"elementor-element elementor-element-9f48d62 elementor-align-center elementor-widget elementor-widget-button\" data-id=\"9f48d62\" data-element_type=\"widget\" data-e-type=\"widget\" data-widget_type=\"button.default\">\n\t\t\t\t<div class=\"elementor-widget-container\">\n\t\t\t\t\t\t\t\t\t<div class=\"elementor-button-wrapper\">\n\t\t\t\t\t<a class=\"elementor-button elementor-button-link elementor-size-sm\" href=\"https:\/\/roma.rs\/budj-vlaga-i-kondenz\">\n\t\t\t\t\t\t<span class=\"elementor-button-content-wrapper\">\n\t\t\t\t\t\t\t\t\t<span class=\"elementor-button-text\">Click here to order Aqua tile color<\/span>\n\t\t\t\t\t<\/span>\n\t\t\t\t\t<\/a>\n\t\t\t\t<\/div>\n\t\t\t\t\t\t\t\t<\/div>\n\t\t\t\t<\/div>\n\t\t\t\t<div class=\"elementor-element elementor-element-a7ac826 elementor-widget elementor-widget-heading\" data-id=\"a7ac826\" data-element_type=\"widget\" data-e-type=\"widget\" data-widget_type=\"heading.default\">\n\t\t\t\t<div class=\"elementor-widget-container\">\n\t\t\t\t\t<span class=\"elementor-heading-title elementor-size-default\">+382 77 27 27 00 for Montenegro<\/span>\t\t\t\t<\/div>\n\t\t\t\t<\/div>\n\t\t\t\t<div class=\"elementor-element elementor-element-a4155ee elementor-align-center elementor-widget elementor-widget-button\" data-id=\"a4155ee\" data-element_type=\"widget\" data-e-type=\"widget\" data-widget_type=\"button.default\">\n\t\t\t\t<div class=\"elementor-widget-container\">\n\t\t\t\t\t\t\t\t\t<div class=\"elementor-button-wrapper\">\n\t\t\t\t\t<a class=\"elementor-button elementor-button-link elementor-size-sm\" href=\"https:\/\/stopkondenz.com\/en\/gde-kupiti\/\">\n\t\t\t\t\t\t<span class=\"elementor-button-content-wrapper\">\n\t\t\t\t\t\t\t\t\t<span class=\"elementor-button-text\">Click here for a list of all sale points<\/span>\n\t\t\t\t\t<\/span>\n\t\t\t\t\t<\/a>\n\t\t\t\t<\/div>\n\t\t\t\t\t\t\t\t<\/div>\n\t\t\t\t<\/div>\n\t\t\t\t\t<\/div>\n\t\t\t\t<\/div>\n\t\t\t\t<\/div>","protected":false},"excerpt":{"rendered":"<p>Boja za zidne plo\u010dice AQUA TILE COLOR https:\/\/www.youtube.com\/watch?v=_-rfZXL9SQk AQUA TILE COLOR Kvalitetna\u00a0jednokomponentna\u00a0boja na vodenoj bazi namenjena za direktno nano\u0161enje na zidne kerami\u010dke plo\u010dice u kuhinjama, kupatilima i toaletima. Prilago\u0111ena je za upotrebu u enterijeru. Pogodna je za vla\u017ene prostore. Staja\u0107u vodu izbegavati. Podloga na koju se mo\u017ee nanositi: kerami\u010dke zidne plo\u010dice i porcelansku keramiku. Na [&hellip;]<\/p>\n","protected":false},"author":7,"featured_media":0,"parent":0,"menu_order":0,"comment_status":"closed","ping_status":"closed","template":"","meta":{"_monsterinsights_skip_tracking":false,"_monsterinsights_sitenote_active":false,"_monsterinsights_sitenote_note":"","_monsterinsights_sitenote_category":0,"_uf_show_specific_survey":0,"_uf_disable_surveys":false,"footnotes":""},"class_list":["post-206","page","type-page","status-publish","hentry"],"_links":{"self":[{"href":"https:\/\/stopkondenz.com\/en\/wp-json\/wp\/v2\/pages\/206","targetHints":{"allow":["GET"]}}],"collection":[{"href":"https:\/\/stopkondenz.com\/en\/wp-json\/wp\/v2\/pages"}],"about":[{"href":"https:\/\/stopkondenz.com\/en\/wp-json\/wp\/v2\/types\/page"}],"author":[{"embeddable":true,"href":"https:\/\/stopkondenz.com\/en\/wp-json\/wp\/v2\/users\/7"}],"replies":[{"embeddable":true,"href":"https:\/\/stopkondenz.com\/en\/wp-json\/wp\/v2\/comments?post=206"}],"version-history":[{"count":19,"href":"https:\/\/stopkondenz.com\/en\/wp-json\/wp\/v2\/pages\/206\/revisions"}],"predecessor-version":[{"id":672,"href":"https:\/\/stopkondenz.com\/en\/wp-json\/wp\/v2\/pages\/206\/revisions\/672"}],"wp:attachment":[{"href":"https:\/\/stopkondenz.com\/en\/wp-json\/wp\/v2\/media?parent=206"}],"curies":[{"name":"wp","href":"https:\/\/api.w.org\/{rel}","templated":true}]}}