{"id":220,"date":"2022-12-07T13:52:56","date_gmt":"2022-12-07T13:52:56","guid":{"rendered":"https:\/\/stopkondenz.block.rs\/?page_id=220"},"modified":"2023-01-17T12:04:33","modified_gmt":"2023-01-17T12:04:33","slug":"wasserdicht","status":"publish","type":"page","link":"https:\/\/stopkondenz.com\/en\/wasserdicht\/","title":{"rendered":"WASSERDICHT"},"content":{"rendered":"<div data-elementor-type=\"wp-page\" data-elementor-id=\"220\" class=\"elementor elementor-220\" data-elementor-post-type=\"page\">\n\t\t\t\t<div class=\"elementor-element elementor-element-0b54ab2 e-con-full e-flex e-con e-parent\" data-id=\"0b54ab2\" data-element_type=\"container\" data-e-type=\"container\">\n\t\t<div class=\"elementor-element elementor-element-bde6a50 e-con-full e-flex e-con e-parent\" data-id=\"bde6a50\" data-element_type=\"container\" data-e-type=\"container\" data-settings=\"{&quot;background_background&quot;:&quot;classic&quot;}\">\n\t\t<div class=\"elementor-element elementor-element-1c35bd5 e-con-full e-flex e-con e-parent\" data-id=\"1c35bd5\" data-element_type=\"container\" data-e-type=\"container\">\n\t\t\t\t<div class=\"elementor-element elementor-element-c21d10c elementor-widget elementor-widget-heading\" data-id=\"c21d10c\" data-element_type=\"widget\" data-e-type=\"widget\" data-widget_type=\"heading.default\">\n\t\t\t\t<div class=\"elementor-widget-container\">\n\t\t\t\t\t<h1 class=\"elementor-heading-title elementor-size-default\">WASSERDICHT<\/h1>\t\t\t\t<\/div>\n\t\t\t\t<\/div>\n\t\t\t\t<div class=\"elementor-element elementor-element-7d517d4 elementor-widget elementor-widget-heading\" data-id=\"7d517d4\" data-element_type=\"widget\" data-e-type=\"widget\" data-widget_type=\"heading.default\">\n\t\t\t\t<div class=\"elementor-widget-container\">\n\t\t\t\t\t<p class=\"elementor-heading-title elementor-size-default\">ELASTIC SEALANT<br> FOR SEALING CRACKS ON<br> ON ROOFS AND OTHER<br> SURFACES<\/p>\t\t\t\t<\/div>\n\t\t\t\t<\/div>\n\t\t\t\t<\/div>\n\t\t\t\t<div class=\"elementor-element elementor-element-b16af41 elementor-widget elementor-widget-image\" data-id=\"b16af41\" data-element_type=\"widget\" data-e-type=\"widget\" data-widget_type=\"image.default\">\n\t\t\t\t<div class=\"elementor-widget-container\">\n\t\t\t\t\t\t\t\t\t\t\t\t\t\t\t<img fetchpriority=\"high\" decoding=\"async\" width=\"404\" height=\"476\" src=\"https:\/\/stopkondenz.com\/wp-content\/uploads\/2022\/12\/Wasserdicht-limenka-2-CMYK.png\" class=\"attachment-full size-full wp-image-222\" alt=\"\" srcset=\"https:\/\/stopkondenz.com\/wp-content\/uploads\/2022\/12\/Wasserdicht-limenka-2-CMYK.png 404w, https:\/\/stopkondenz.com\/wp-content\/uploads\/2022\/12\/Wasserdicht-limenka-2-CMYK-255x300.png 255w\" sizes=\"(max-width: 404px) 100vw, 404px\" \/>\t\t\t\t\t\t\t\t\t\t\t\t\t\t\t<\/div>\n\t\t\t\t<\/div>\n\t\t\t\t<\/div>\n\t\t<div class=\"elementor-element elementor-element-b07d12f e-con-full e-flex e-con e-parent\" data-id=\"b07d12f\" data-element_type=\"container\" data-e-type=\"container\" data-settings=\"{&quot;background_background&quot;:&quot;classic&quot;}\">\n\t\t\t\t<\/div>\n\t\t\t\t<\/div>\n\t\t<div class=\"elementor-element elementor-element-0ba693f e-flex e-con-boxed e-con e-parent\" data-id=\"0ba693f\" data-element_type=\"container\" data-e-type=\"container\">\n\t\t\t\t\t<div class=\"e-con-inner\">\n\t\t<div class=\"elementor-element elementor-element-7915643 e-con-full e-flex e-con e-parent\" data-id=\"7915643\" data-element_type=\"container\" data-e-type=\"container\">\n\t\t\t\t<div class=\"elementor-element elementor-element-b4c57d8 elementor-widget elementor-widget-text-editor\" data-id=\"b4c57d8\" data-element_type=\"widget\" data-e-type=\"widget\" data-widget_type=\"text-editor.default\">\n\t\t\t\t<div class=\"elementor-widget-container\">\n\t\t\t\t\t\t\t\t\t<div id=\"av_section_2\" class=\"avia-section main_color avia-section-default avia-no-shadow avia-bg-style-scroll avia-builder-el-7 el_after_av_section el_before_av_section container_wrap fullsize\"><div class=\"container\"><div class=\"template-page content av-content-full alpha units\"><div class=\"post-entry post-entry-type-page post-entry-918\"><div class=\"entry-content-wrapper clearfix\"><div class=\"flex_column av_one_full flex_column_div av-zero-column-padding first avia-builder-el-8 avia-builder-el-no-sibling\"><section class=\"av_textblock_section\"><div class=\"avia_textblock\"><p><strong>WASSERDICHT<\/strong><\/p><p>WASSERDICHT adheres to all types of roofing materials, for example tar, bitumen, roofing felt, welded tape, fiber cement, rigid PVC, aluminium, zinc, copper, lead, stone, concrete, slate, shingles and glass. WASSERDICHT seals instantly and permanently, even in rain and frost. Cracks up to 1 cm are bridged with Dralon fibers. Not suitable for use under water, pressurized water and Styrofoam.<\/p><p><strong>Preparation of the substrate<\/strong><\/p><p>Remove dirt, non-stick parts and moss. Thoroughly clean aluminum, zinc and copper with commercial cleaners.<\/p><p><strong>Application<\/strong><\/p><p>Apply undiluted with a wide brush in a thick layer (in extreme cases, apply a second layer after approximately 8<\/p><p>days). Clean the tool with nitro thinner. WASSERDICHT can be coated with acrylic paints.<\/p><p><strong>Packaging<\/strong><\/p><p>750 ml<\/p><p><strong>Consumption<\/strong><\/p><p>approximately 2l \/ m2 depending on the type of substrate.<\/p><p><strong>Color:<\/strong>\u00a0gray<\/p><p><strong>Drying<\/strong><\/p><p>(at 20\u00b0C, 55% relative humidity): dry to dust after approximately 3 hours.<\/p><p><strong>Application temperature:<\/strong><strong>:<\/strong><\/p><p>from -5\u00b0C to +30\u00b0C.<\/p><\/div><\/section><\/div><\/div><\/div><\/div><\/div><\/div>\t\t\t\t\t\t\t\t<\/div>\n\t\t\t\t<\/div>\n\t\t\t\t<\/div>\n\t\t\t\t\t<\/div>\n\t\t\t\t<\/div>\n\t\t<div class=\"elementor-element elementor-element-07f734d e-flex e-con-boxed e-con e-parent\" data-id=\"07f734d\" data-element_type=\"container\" data-e-type=\"container\" data-settings=\"{&quot;background_background&quot;:&quot;classic&quot;}\">\n\t\t\t\t\t<div class=\"e-con-inner\">\n\t\t\t\t<div class=\"elementor-element elementor-element-8ae553f elementor-widget elementor-widget-heading\" data-id=\"8ae553f\" data-element_type=\"widget\" data-e-type=\"widget\" data-widget_type=\"heading.default\">\n\t\t\t\t<div class=\"elementor-widget-container\">\n\t\t\t\t\t<h2 class=\"elementor-heading-title elementor-size-default translation-block\">ORDER<br> ONLINE<\/h2>\t\t\t\t<\/div>\n\t\t\t\t<\/div>\n\t\t\t\t<div class=\"elementor-element elementor-element-afdf644 elementor-align-center elementor-widget elementor-widget-button\" data-id=\"afdf644\" data-element_type=\"widget\" data-e-type=\"widget\" data-widget_type=\"button.default\">\n\t\t\t\t<div class=\"elementor-widget-container\">\n\t\t\t\t\t\t\t\t\t<div class=\"elementor-button-wrapper\">\n\t\t\t\t\t<a class=\"elementor-button elementor-button-link elementor-size-sm\" href=\"https:\/\/roma.rs\/wasserdicht-0-75-1-stop-kondenz\">\n\t\t\t\t\t\t<span class=\"elementor-button-content-wrapper\">\n\t\t\t\t\t\t\t\t\t<span class=\"elementor-button-text\">Click here to order Wasserdicht<\/span>\n\t\t\t\t\t<\/span>\n\t\t\t\t\t<\/a>\n\t\t\t\t<\/div>\n\t\t\t\t\t\t\t\t<\/div>\n\t\t\t\t<\/div>\n\t\t\t\t<div class=\"elementor-element elementor-element-b1339f2 elementor-widget elementor-widget-heading\" data-id=\"b1339f2\" data-element_type=\"widget\" data-e-type=\"widget\" data-widget_type=\"heading.default\">\n\t\t\t\t<div class=\"elementor-widget-container\">\n\t\t\t\t\t<span class=\"elementor-heading-title elementor-size-default\">+382 77 27 27 00 for Montenegro<\/span>\t\t\t\t<\/div>\n\t\t\t\t<\/div>\n\t\t\t\t<div class=\"elementor-element elementor-element-3520953 elementor-align-center elementor-widget elementor-widget-button\" data-id=\"3520953\" data-element_type=\"widget\" data-e-type=\"widget\" data-widget_type=\"button.default\">\n\t\t\t\t<div class=\"elementor-widget-container\">\n\t\t\t\t\t\t\t\t\t<div class=\"elementor-button-wrapper\">\n\t\t\t\t\t<a class=\"elementor-button elementor-button-link elementor-size-sm\" href=\"https:\/\/stopkondenz.com\/en\/gde-kupiti\/\">\n\t\t\t\t\t\t<span class=\"elementor-button-content-wrapper\">\n\t\t\t\t\t\t\t\t\t<span class=\"elementor-button-text\">Click here for a list of all sale points<\/span>\n\t\t\t\t\t<\/span>\n\t\t\t\t\t<\/a>\n\t\t\t\t<\/div>\n\t\t\t\t\t\t\t\t<\/div>\n\t\t\t\t<\/div>\n\t\t\t\t\t<\/div>\n\t\t\t\t<\/div>\n\t\t\t\t<\/div>","protected":false},"excerpt":{"rendered":"<p>WASSERDICHT Elasti\u010dna zaptivna masa za zaptivanje pukotina na krovovima i drugim povr\u0161inama WASSERDICHT WASSERDICHT prijanja na sve vrste materijala koje se koriste kod krovnih pokriva\u010da, na primer katran, bitumen, krovna lepenka, zavarene trake, vlaknasti cement, tvrdi PVC, aluminijum, cink, bakar, olovo, kamen, beton, \u0161kriljac, \u0161indra i staklo. WASSERDICHT zaptiva trenutno i trajno, \u010dak i na [&hellip;]<\/p>\n","protected":false},"author":7,"featured_media":0,"parent":0,"menu_order":0,"comment_status":"closed","ping_status":"closed","template":"","meta":{"_monsterinsights_skip_tracking":false,"_monsterinsights_sitenote_active":false,"_monsterinsights_sitenote_note":"","_monsterinsights_sitenote_category":0,"_uf_show_specific_survey":0,"_uf_disable_surveys":false,"footnotes":""},"class_list":["post-220","page","type-page","status-publish","hentry"],"_links":{"self":[{"href":"https:\/\/stopkondenz.com\/en\/wp-json\/wp\/v2\/pages\/220","targetHints":{"allow":["GET"]}}],"collection":[{"href":"https:\/\/stopkondenz.com\/en\/wp-json\/wp\/v2\/pages"}],"about":[{"href":"https:\/\/stopkondenz.com\/en\/wp-json\/wp\/v2\/types\/page"}],"author":[{"embeddable":true,"href":"https:\/\/stopkondenz.com\/en\/wp-json\/wp\/v2\/users\/7"}],"replies":[{"embeddable":true,"href":"https:\/\/stopkondenz.com\/en\/wp-json\/wp\/v2\/comments?post=220"}],"version-history":[{"count":11,"href":"https:\/\/stopkondenz.com\/en\/wp-json\/wp\/v2\/pages\/220\/revisions"}],"predecessor-version":[{"id":447,"href":"https:\/\/stopkondenz.com\/en\/wp-json\/wp\/v2\/pages\/220\/revisions\/447"}],"wp:attachment":[{"href":"https:\/\/stopkondenz.com\/en\/wp-json\/wp\/v2\/media?parent=220"}],"curies":[{"name":"wp","href":"https:\/\/api.w.org\/{rel}","templated":true}]}}