{"id":206,"date":"2022-12-07T13:28:33","date_gmt":"2022-12-07T13:28:33","guid":{"rendered":"https:\/\/stopkondenz.block.rs\/?page_id=206"},"modified":"2025-01-15T12:38:36","modified_gmt":"2025-01-15T12:38:36","slug":"aqua-tile-color","status":"publish","type":"page","link":"https:\/\/stopkondenz.com\/es\/aqua-tile-color\/","title":{"rendered":"Aqua tile color"},"content":{"rendered":"<div data-elementor-type=\"wp-page\" data-elementor-id=\"206\" class=\"elementor elementor-206\" data-elementor-post-type=\"page\">\n\t\t\t\t<div class=\"elementor-element elementor-element-02d8458 e-con-full e-flex e-con e-parent\" data-id=\"02d8458\" data-element_type=\"container\" data-e-type=\"container\">\n\t\t<div class=\"elementor-element elementor-element-add5aeb e-con-full e-flex e-con e-child\" data-id=\"add5aeb\" data-element_type=\"container\" data-e-type=\"container\" data-settings=\"{&quot;background_background&quot;:&quot;classic&quot;}\">\n\t\t<div class=\"elementor-element elementor-element-514d05f e-con-full e-flex e-con e-child\" data-id=\"514d05f\" data-element_type=\"container\" data-e-type=\"container\">\n\t\t\t\t<div class=\"elementor-element elementor-element-f3c4e81 elementor-widget elementor-widget-heading\" data-id=\"f3c4e81\" data-element_type=\"widget\" data-e-type=\"widget\" data-widget_type=\"heading.default\">\n\t\t\t\t<div class=\"elementor-widget-container\">\n\t\t\t\t\t<h1 class=\"elementor-heading-title elementor-size-default\">PINTURA PARA<br> AZULEJOS\n<\/h1>\t\t\t\t<\/div>\n\t\t\t\t<\/div>\n\t\t\t\t<div class=\"elementor-element elementor-element-1b43437 elementor-widget elementor-widget-heading\" data-id=\"1b43437\" data-element_type=\"widget\" data-e-type=\"widget\" data-widget_type=\"heading.default\">\n\t\t\t\t<div class=\"elementor-widget-container\">\n\t\t\t\t\t<p class=\"elementor-heading-title elementor-size-default\">AQUA TILE COLOR<\/p>\t\t\t\t<\/div>\n\t\t\t\t<\/div>\n\t\t\t\t<\/div>\n\t\t\t\t<div class=\"elementor-element elementor-element-383d3fa elementor-widget elementor-widget-image\" data-id=\"383d3fa\" data-element_type=\"widget\" data-e-type=\"widget\" data-widget_type=\"image.default\">\n\t\t\t\t<div class=\"elementor-widget-container\">\n\t\t\t\t\t\t\t\t\t\t\t\t\t\t\t<img fetchpriority=\"high\" decoding=\"async\" width=\"404\" height=\"476\" src=\"https:\/\/stopkondenz.com\/wp-content\/uploads\/2022\/12\/Aqua-tile-limenka-2-CMYK.png\" class=\"attachment-full size-full wp-image-208\" alt=\"\" srcset=\"https:\/\/stopkondenz.com\/wp-content\/uploads\/2022\/12\/Aqua-tile-limenka-2-CMYK.png 404w, https:\/\/stopkondenz.com\/wp-content\/uploads\/2022\/12\/Aqua-tile-limenka-2-CMYK-255x300.png 255w\" sizes=\"(max-width: 404px) 100vw, 404px\" \/>\t\t\t\t\t\t\t\t\t\t\t\t\t\t\t<\/div>\n\t\t\t\t<\/div>\n\t\t\t\t<\/div>\n\t\t<div class=\"elementor-element elementor-element-a3cf8d0 e-con-full e-flex e-con e-child\" data-id=\"a3cf8d0\" data-element_type=\"container\" data-e-type=\"container\" data-settings=\"{&quot;background_background&quot;:&quot;classic&quot;}\">\n\t\t\t\t<\/div>\n\t\t\t\t<\/div>\n\t\t<div class=\"elementor-element elementor-element-00d8262 e-flex e-con-boxed e-con e-parent\" data-id=\"00d8262\" data-element_type=\"container\" data-e-type=\"container\" id=\"at-video\">\n\t\t\t\t\t<div class=\"e-con-inner\">\n\t\t<div class=\"elementor-element elementor-element-01f01d6 e-con-full e-flex e-con e-child\" data-id=\"01f01d6\" data-element_type=\"container\" data-e-type=\"container\">\n\t\t\t\t<div class=\"elementor-element elementor-element-c6609b8 elementor-widget__width-initial elementor-widget elementor-widget-video\" data-id=\"c6609b8\" data-element_type=\"widget\" data-e-type=\"widget\" data-settings=\"{&quot;youtube_url&quot;:&quot;https:\\\/\\\/www.youtube.com\\\/watch?v=_-rfZXL9SQk&quot;,&quot;video_type&quot;:&quot;youtube&quot;,&quot;controls&quot;:&quot;yes&quot;}\" data-widget_type=\"video.default\">\n\t\t\t\t<div class=\"elementor-widget-container\">\n\t\t\t\t\t\t\t<div class=\"elementor-wrapper elementor-open-inline\">\n\t\t\t<div class=\"elementor-video\"><\/div>\t\t<\/div>\n\t\t\t\t\t\t<\/div>\n\t\t\t\t<\/div>\n\t\t\t\t<\/div>\n\t\t<div class=\"elementor-element elementor-element-7bb4d07 e-con-full e-flex e-con e-child\" data-id=\"7bb4d07\" data-element_type=\"container\" data-e-type=\"container\">\n\t\t\t\t<div class=\"elementor-element elementor-element-82ff87f elementor-widget elementor-widget-text-editor\" data-id=\"82ff87f\" data-element_type=\"widget\" data-e-type=\"widget\" data-widget_type=\"text-editor.default\">\n\t\t\t\t<div class=\"elementor-widget-container\">\n\t\t\t\t\t\t\t\t\t<div id=\"av_section_2\" class=\"avia-section main_color avia-section-default avia-no-shadow avia-bg-style-scroll  avia-builder-el-7  el_after_av_section  el_before_av_section  container_wrap fullsize\"><div class=\"container\"><div class=\"template-page content  av-content-full alpha units\"><div class=\"post-entry post-entry-type-page post-entry-918\"><div class=\"entry-content-wrapper clearfix\"><div class=\"flex_column av_one_full  flex_column_div av-zero-column-padding first  avia-builder-el-8  avia-builder-el-no-sibling\"><section class=\"av_textblock_section\"><div class=\"avia_textblock\"><p><strong>AQUA TILE COLOR<\/strong><\/p><p>Pintura monocomponente de alta calidad a base de agua destinada a la aplicaci\u00f3n directa sobre azulejos cer\u00e1micos de cocinas, ba\u00f1os y cuartos de aseo. Est\u00e1 adaptada para el uso interior. Es adecuada para espacios h\u00famedos. Evitar el agua estancada. Sustrato sobre el que se puede aplicar: azulejos cer\u00e1micos y cer\u00e1mica porcel\u00e1nica.<\/p><ul><li>A base de agua, olor d\u00e9bil<\/li><li>Se aplica directamente sobre los azulejos \u2013 no requiere el uso de imprimador ni el lijado de la superficie<\/li><li>Excelente poder de recubrimiento<\/li><li>Sistema 3 en 1: sellado, sustrato y pintura de acabado, todo en uno<\/li><li>Color: blanco<\/li><li>Grado de brillo: brillo medio<\/li><\/ul><p><strong>Preparaci\u00f3n del sustrato<\/strong><\/p><p>Los azulejos deben estar limpios, secos y libres de polvo y grasa. Las incrustaciones calc\u00e1reas deber\u00e1n removerse con una sustancia para la remoci\u00f3n de incrustaciones calc\u00e1reas y despu\u00e9s se enjuagar\u00e1 bien la superficie. Hay que eliminar tambi\u00e9n cualquier residuo de silicona. Los empalmes deber\u00e1n ser estables y firmes. Cualquier posible grieta deber\u00e1 cerrarse de antemano.<\/p><p><strong>Condiciones de aplicaci\u00f3n<\/strong><\/p><p>Durante todo el per\u00edodo de aplicaci\u00f3n y secado del material, la temperatura del sustrato y la temperatura del aire deber\u00e1n estar entre 8\u00b0C y 30\u00b0C, y la humedad relativa del aire entre 30% y 75%. La humedad excesiva del aire, las bajas temperaturas, el espesor excesivo de la pel\u00edcula y la circulaci\u00f3n deficiente del aire pueden prolongar el tiempo de secado del estrato de pintura.<\/p><p><strong>Aplicaci\u00f3n<\/strong><\/p><p>En 2 o 3 manos con un rodillo de alta calidad con fibras cortas o con la ayuda de un dispositivo airless de baja presi\u00f3n para la aplicaci\u00f3n de pintura (como es la serie Wagner Felxio). Cuando la pintura se aplica con un dispositivo, una mano es suficiente. En el caso de azulejos en el \u00e1rea de la ducha, 3 manos son definitivamente recomendables.<\/p><p><strong>Embalaje<\/strong>750 ml<\/p><p><strong>Cobertura<\/strong><\/p><p>8 \u2013 10 m\u00b2 \/ L.<\/p><p><strong>Limpieza de las herramientas<\/strong><\/p><p>Inmediatamente despu\u00e9s de usarlas con abundante agua y jab\u00f3n.<\/p><p><strong>Secado<\/strong><\/p><p>Resistente al polvo despu\u00e9s de aproximadamente 30 minutos, seca al tacto en aproximadamente 60 minutos. La aplicaci\u00f3n de la segunda mano es posible despu\u00e9s de aproximadamente 4 horas y el secado completo se alcanza despu\u00e9s de 5 d\u00edas.<\/p><p><strong>Cuidado<\/strong><\/p><p>Utilice limpiadores comunes suaves de uso dom\u00e9stico. No utilice substancias abrasivas. Almacenamiento: Almacenar en un lugar fresco y seco en el embalaje original y bien sellado. Proteger de la congelaci\u00f3n.<\/p><div id=\"gtx-trans\">\u00a0<\/div><\/div><\/section><\/div><\/div><\/div><\/div><\/div><\/div><div id=\"av_section_3\" class=\"avia-section main_color avia-section-default avia-no-shadow avia-bg-style-scroll  avia-builder-el-10  el_after_av_section  avia-builder-el-last  container_wrap fullsize\"><div class=\"container\"><div class=\"template-page content  av-content-full alpha units\"><div class=\"post-entry post-entry-type-page post-entry-918\"><div class=\"entry-content-wrapper clearfix\"><div class=\"avia-image-container  av-styling-   avia-builder-el-11  el_before_av_hr  avia-builder-el-first  avia-align-center\"><div class=\"avia-image-container-inner\">\u00a0<\/div><\/div><\/div><\/div><\/div><\/div><\/div>\t\t\t\t\t\t\t\t<\/div>\n\t\t\t\t<\/div>\n\t\t\t\t<\/div>\n\t\t\t\t\t<\/div>\n\t\t\t\t<\/div>\n\t\t<div class=\"elementor-element elementor-element-8244847 e-flex e-con-boxed e-con e-parent\" data-id=\"8244847\" data-element_type=\"container\" data-e-type=\"container\" data-settings=\"{&quot;background_background&quot;:&quot;classic&quot;}\">\n\t\t\t\t\t<div class=\"e-con-inner\">\n\t\t\t\t<div class=\"elementor-element elementor-element-0bad7da elementor-widget elementor-widget-heading\" data-id=\"0bad7da\" data-element_type=\"widget\" data-e-type=\"widget\" data-widget_type=\"heading.default\">\n\t\t\t\t<div class=\"elementor-widget-container\">\n\t\t\t\t\t<h2 class=\"elementor-heading-title elementor-size-default translation-block\">HACER UN PEDIDO<br> EN L\u00cdNEA<\/h2>\t\t\t\t<\/div>\n\t\t\t\t<\/div>\n\t\t\t\t<div class=\"elementor-element elementor-element-9f48d62 elementor-align-center elementor-widget elementor-widget-button\" data-id=\"9f48d62\" data-element_type=\"widget\" data-e-type=\"widget\" data-widget_type=\"button.default\">\n\t\t\t\t<div class=\"elementor-widget-container\">\n\t\t\t\t\t\t\t\t\t<div class=\"elementor-button-wrapper\">\n\t\t\t\t\t<a class=\"elementor-button elementor-button-link elementor-size-sm\" href=\"https:\/\/roma.rs\/budj-vlaga-i-kondenz\">\n\t\t\t\t\t\t<span class=\"elementor-button-content-wrapper\">\n\t\t\t\t\t\t\t\t\t<span class=\"elementor-button-text\">Pinchar aqu\u00ed para pedir Aqua tile color<\/span>\n\t\t\t\t\t<\/span>\n\t\t\t\t\t<\/a>\n\t\t\t\t<\/div>\n\t\t\t\t\t\t\t\t<\/div>\n\t\t\t\t<\/div>\n\t\t\t\t<div class=\"elementor-element elementor-element-a7ac826 elementor-widget elementor-widget-heading\" data-id=\"a7ac826\" data-element_type=\"widget\" data-e-type=\"widget\" data-widget_type=\"heading.default\">\n\t\t\t\t<div class=\"elementor-widget-container\">\n\t\t\t\t\t<span class=\"elementor-heading-title elementor-size-default\">+382 77 27 27 00 para Montenegro<\/span>\t\t\t\t<\/div>\n\t\t\t\t<\/div>\n\t\t\t\t<div class=\"elementor-element elementor-element-a4155ee elementor-align-center elementor-widget elementor-widget-button\" data-id=\"a4155ee\" data-element_type=\"widget\" data-e-type=\"widget\" data-widget_type=\"button.default\">\n\t\t\t\t<div class=\"elementor-widget-container\">\n\t\t\t\t\t\t\t\t\t<div class=\"elementor-button-wrapper\">\n\t\t\t\t\t<a class=\"elementor-button elementor-button-link elementor-size-sm\" href=\"https:\/\/stopkondenz.com\/es\/gde-kupiti\/\">\n\t\t\t\t\t\t<span class=\"elementor-button-content-wrapper\">\n\t\t\t\t\t\t\t\t\t<span class=\"elementor-button-text\">Pinchar aqu\u00ed para obtener una lista de todos los puntos de venta<\/span>\n\t\t\t\t\t<\/span>\n\t\t\t\t\t<\/a>\n\t\t\t\t<\/div>\n\t\t\t\t\t\t\t\t<\/div>\n\t\t\t\t<\/div>\n\t\t\t\t\t<\/div>\n\t\t\t\t<\/div>\n\t\t\t\t<\/div>","protected":false},"excerpt":{"rendered":"<p>Boja za zidne plo\u010dice AQUA TILE COLOR https:\/\/www.youtube.com\/watch?v=_-rfZXL9SQk AQUA TILE COLOR Kvalitetna\u00a0jednokomponentna\u00a0boja na vodenoj bazi namenjena za direktno nano\u0161enje na zidne kerami\u010dke plo\u010dice u kuhinjama, kupatilima i toaletima. Prilago\u0111ena je za upotrebu u enterijeru. Pogodna je za vla\u017ene prostore. Staja\u0107u vodu izbegavati. Podloga na koju se mo\u017ee nanositi: kerami\u010dke zidne plo\u010dice i porcelansku keramiku. Na [&hellip;]<\/p>\n","protected":false},"author":7,"featured_media":0,"parent":0,"menu_order":0,"comment_status":"closed","ping_status":"closed","template":"","meta":{"_monsterinsights_skip_tracking":false,"_monsterinsights_sitenote_active":false,"_monsterinsights_sitenote_note":"","_monsterinsights_sitenote_category":0,"_uf_show_specific_survey":0,"_uf_disable_surveys":false,"footnotes":""},"class_list":["post-206","page","type-page","status-publish","hentry"],"_links":{"self":[{"href":"https:\/\/stopkondenz.com\/es\/wp-json\/wp\/v2\/pages\/206","targetHints":{"allow":["GET"]}}],"collection":[{"href":"https:\/\/stopkondenz.com\/es\/wp-json\/wp\/v2\/pages"}],"about":[{"href":"https:\/\/stopkondenz.com\/es\/wp-json\/wp\/v2\/types\/page"}],"author":[{"embeddable":true,"href":"https:\/\/stopkondenz.com\/es\/wp-json\/wp\/v2\/users\/7"}],"replies":[{"embeddable":true,"href":"https:\/\/stopkondenz.com\/es\/wp-json\/wp\/v2\/comments?post=206"}],"version-history":[{"count":19,"href":"https:\/\/stopkondenz.com\/es\/wp-json\/wp\/v2\/pages\/206\/revisions"}],"predecessor-version":[{"id":672,"href":"https:\/\/stopkondenz.com\/es\/wp-json\/wp\/v2\/pages\/206\/revisions\/672"}],"wp:attachment":[{"href":"https:\/\/stopkondenz.com\/es\/wp-json\/wp\/v2\/media?parent=206"}],"curies":[{"name":"wp","href":"https:\/\/api.w.org\/{rel}","templated":true}]}}