{"id":594,"date":"2023-11-22T09:58:59","date_gmt":"2023-11-22T09:58:59","guid":{"rendered":"https:\/\/stopkondenz.com\/?page_id=594"},"modified":"2025-01-15T14:04:05","modified_gmt":"2025-01-15T14:04:05","slug":"tiletub-paint-boja-za-kade","status":"publish","type":"page","link":"https:\/\/stopkondenz.com\/es\/tiletub-paint-boja-za-kade\/","title":{"rendered":"TILE&amp;TUB PAINT \u2013 BOJA ZA KADE"},"content":{"rendered":"<div data-elementor-type=\"wp-page\" data-elementor-id=\"594\" class=\"elementor elementor-594\" data-elementor-post-type=\"page\">\n\t\t\t\t<div class=\"elementor-element elementor-element-5a61db1 e-con-full e-flex e-con e-parent\" data-id=\"5a61db1\" data-element_type=\"container\" data-e-type=\"container\">\n\t\t<div class=\"elementor-element elementor-element-9ad98e3 e-con-full e-flex e-con e-child\" data-id=\"9ad98e3\" data-element_type=\"container\" data-e-type=\"container\" data-settings=\"{&quot;background_background&quot;:&quot;classic&quot;}\">\n\t\t\t\t<div class=\"elementor-element elementor-element-c249a00 elementor-widget elementor-widget-heading\" data-id=\"c249a00\" data-element_type=\"widget\" data-e-type=\"widget\" data-widget_type=\"heading.default\">\n\t\t\t\t<div class=\"elementor-widget-container\">\n\t\t\t\t\t<h1 class=\"elementor-heading-title elementor-size-default\">TILE&amp;TUB PAINT<\/h1>\t\t\t\t<\/div>\n\t\t\t\t<\/div>\n\t\t\t\t<div class=\"elementor-element elementor-element-1a527a8 elementor-widget elementor-widget-image\" data-id=\"1a527a8\" data-element_type=\"widget\" data-e-type=\"widget\" data-widget_type=\"image.default\">\n\t\t\t\t<div class=\"elementor-widget-container\">\n\t\t\t\t\t\t\t\t\t\t\t\t\t\t\t<img fetchpriority=\"high\" decoding=\"async\" width=\"325\" height=\"500\" src=\"https:\/\/stopkondenz.com\/wp-content\/uploads\/2023\/11\/tile-tube-kutija-500-1.webp\" class=\"attachment-full size-full wp-image-618\" alt=\"\" srcset=\"https:\/\/stopkondenz.com\/wp-content\/uploads\/2023\/11\/tile-tube-kutija-500-1.webp 325w, https:\/\/stopkondenz.com\/wp-content\/uploads\/2023\/11\/tile-tube-kutija-500-1-195x300.webp 195w, https:\/\/stopkondenz.com\/wp-content\/uploads\/2023\/11\/tile-tube-kutija-500-1-8x12.webp 8w\" sizes=\"(max-width: 325px) 100vw, 325px\" \/>\t\t\t\t\t\t\t\t\t\t\t\t\t\t\t<\/div>\n\t\t\t\t<\/div>\n\t\t\t\t<\/div>\n\t\t<div class=\"elementor-element elementor-element-98ca768 e-con-full e-flex e-con e-child\" data-id=\"98ca768\" data-element_type=\"container\" data-e-type=\"container\" data-settings=\"{&quot;background_background&quot;:&quot;classic&quot;}\">\n\t\t\t\t<\/div>\n\t\t\t\t<\/div>\n\t\t<div class=\"elementor-element elementor-element-d34d487 e-flex e-con-boxed e-con e-parent\" data-id=\"d34d487\" data-element_type=\"container\" data-e-type=\"container\">\n\t\t\t\t\t<div class=\"e-con-inner\">\n\t\t<div class=\"elementor-element elementor-element-96d304f e-con-full e-flex e-con e-child\" data-id=\"96d304f\" data-element_type=\"container\" data-e-type=\"container\">\n\t\t\t\t<div class=\"elementor-element elementor-element-7474e66 elementor-widget elementor-widget-text-editor\" data-id=\"7474e66\" data-element_type=\"widget\" data-e-type=\"widget\" data-widget_type=\"text-editor.default\">\n\t\t\t\t<div class=\"elementor-widget-container\">\n\t\t\t\t\t\t\t\t\t<p style=\"font-weight: 400;\" class=\"translation-block\"><strong>TILE&amp;TUB PAINT se adhiere perfectamente a todas las superficies<\/strong>, se caracteriza por una dureza excepcional, resistencia al desgaste y alto brillo, y refrescar\u00e1 cualquier superficie con uno o m\u00e1ximo dos tratamientos, f\u00e1cilmente y en poco tiempo.<\/p><p style=\"font-weight: 400;\">Se utiliza para pintar: ba\u00f1eras sanitarias, ba\u00f1eras de fibra de vidrio, platos de ducha, lavabos, fregaderos, baldosas de cer\u00e1mica y otras superficies similares. Se aplica sobre superficies hechas de aleaciones met\u00e1licas (hierro adecuadamente tratado contra la oxidaci\u00f3n) y chapa galvanizada, madera, ladrillo y pl\u00e1stico (excepto PP-Polipropileno y PPO-\u00d3xido de polifenileno).<\/p><p style=\"font-weight: 400;\">Se puede aplicar a productos destinados a la exposici\u00f3n en entornos urbanos, rurales, costeros e industriales de agresividad media, y tambi\u00e9n es adecuada para embarcaciones.<\/p>\t\t\t\t\t\t\t\t<\/div>\n\t\t\t\t<\/div>\n\t\t\t\t<\/div>\n\t\t<div class=\"elementor-element elementor-element-c5d05e4 e-con-full e-flex e-con e-child\" data-id=\"c5d05e4\" data-element_type=\"container\" data-e-type=\"container\">\n\t\t\t\t<div class=\"elementor-element elementor-element-3ec81d1 elementor-widget elementor-widget-image\" data-id=\"3ec81d1\" data-element_type=\"widget\" data-e-type=\"widget\" data-widget_type=\"image.default\">\n\t\t\t\t<div class=\"elementor-widget-container\">\n\t\t\t\t\t\t\t\t\t\t\t\t\t\t\t<img decoding=\"async\" width=\"500\" height=\"500\" src=\"https:\/\/stopkondenz.com\/wp-content\/uploads\/2023\/11\/konzerva-500.webp\" class=\"attachment-large size-large wp-image-597\" alt=\"\" srcset=\"https:\/\/stopkondenz.com\/wp-content\/uploads\/2023\/11\/konzerva-500.webp 500w, https:\/\/stopkondenz.com\/wp-content\/uploads\/2023\/11\/konzerva-500-300x300.webp 300w, https:\/\/stopkondenz.com\/wp-content\/uploads\/2023\/11\/konzerva-500-150x150.webp 150w, https:\/\/stopkondenz.com\/wp-content\/uploads\/2023\/11\/konzerva-500-12x12.webp 12w\" sizes=\"(max-width: 500px) 100vw, 500px\" \/>\t\t\t\t\t\t\t\t\t\t\t\t\t\t\t<\/div>\n\t\t\t\t<\/div>\n\t\t\t\t<\/div>\n\t\t\t\t\t<\/div>\n\t\t\t\t<\/div>\n\t\t<div class=\"elementor-element elementor-element-b421833 e-flex e-con-boxed e-con e-parent\" data-id=\"b421833\" data-element_type=\"container\" data-e-type=\"container\" data-settings=\"{&quot;background_background&quot;:&quot;classic&quot;}\">\n\t\t\t\t\t<div class=\"e-con-inner\">\n\t\t\t\t<div class=\"elementor-element elementor-element-f97d06e elementor-widget__width-initial elementor-widget elementor-widget-heading\" data-id=\"f97d06e\" data-element_type=\"widget\" data-e-type=\"widget\" data-widget_type=\"heading.default\">\n\t\t\t\t<div class=\"elementor-widget-container\">\n\t\t\t\t\t<h4 class=\"elementor-heading-title elementor-size-default\">\u00bfC\u00f3mo se usa?<\/h4>\t\t\t\t<\/div>\n\t\t\t\t<\/div>\n\t\t\t\t\t<\/div>\n\t\t\t\t<\/div>\n\t\t<div class=\"elementor-element elementor-element-07f85e1 e-flex e-con-boxed e-con e-parent\" data-id=\"07f85e1\" data-element_type=\"container\" data-e-type=\"container\">\n\t\t\t\t\t<div class=\"e-con-inner\">\n\t\t<div class=\"elementor-element elementor-element-f352858 e-con-full e-flex e-con e-child\" data-id=\"f352858\" data-element_type=\"container\" data-e-type=\"container\">\n\t\t\t\t<div class=\"elementor-element elementor-element-a00570f elementor-widget elementor-widget-text-editor\" data-id=\"a00570f\" data-element_type=\"widget\" data-e-type=\"widget\" data-widget_type=\"text-editor.default\">\n\t\t\t\t<div class=\"elementor-widget-container\">\n\t\t\t\t\t\t\t\t\t<div class=\"flex_column av_one_half flex_column_div av-zero-column-padding first avia-builder-el-19 el_before_av_one_half avia-builder-el-first\"><section class=\"av_textblock_section\"><div class=\"avia_textblock\"><p style=\"font-weight: 400;\" class=\"translation-block\"><strong>TILE&amp;TUB PAINT se utiliza tal cual, mezclando el componente A con el componente B<\/strong>. Si es necesario, se puede diluir con diluyente nitro. Se recomienda mezclar cuidadosamente el producto ANTES y DURANTE LA APLICACI\u00d3N para garantizar la homogeneidad constante del producto.<\/p><p style=\"font-weight: 400;\">El producto se almacena en un lugar fresco y bien ventilado. Mantener el bote bien cerrado, boca abajo y protegido de las heladas y fuentes de calor.<\/p><\/div><\/section><\/div>\t\t\t\t\t\t\t\t<\/div>\n\t\t\t\t<\/div>\n\t\t\t\t<\/div>\n\t\t<div class=\"elementor-element elementor-element-405cb52 e-con-full e-flex e-con e-child\" data-id=\"405cb52\" data-element_type=\"container\" data-e-type=\"container\">\n\t\t\t\t<div class=\"elementor-element elementor-element-267c0e2 elementor-widget__width-initial elementor-widget-mobile__width-inherit elementor-widget elementor-widget-text-editor\" data-id=\"267c0e2\" data-element_type=\"widget\" data-e-type=\"widget\" data-widget_type=\"text-editor.default\">\n\t\t\t\t<div class=\"elementor-widget-container\">\n\t\t\t\t\t\t\t\t\t<h3>1. PREPARACI\u00d3N<\/h3><p>\u00a1La limpieza y preparaci\u00f3n adecuadas del sustrato son esenciales para obtener un recubrimiento pulido y duradero!<\/p><p>- Si la capa de pintura existente es s\u00f3lida y estable, no hay que eliminarla por completo. Basta con desengrasar la superficie con agua y detergente y enjuagarla bien. <br \/>- Si la capa de pintura existente se encuentra en la fase de separaci\u00f3n o descascarillado, primero cepille y lije minuciosamente dichas partes de la superficie o elimine completamente la pintura existente utilizando un removedor de pintura. Lave con diluyente de lavado o agua y jab\u00f3n.<\/p>\t\t\t\t\t\t\t\t<\/div>\n\t\t\t\t<\/div>\n\t\t\t\t<div class=\"elementor-element elementor-element-4b1cc7a elementor-widget elementor-widget-image\" data-id=\"4b1cc7a\" data-element_type=\"widget\" data-e-type=\"widget\" data-widget_type=\"image.default\">\n\t\t\t\t<div class=\"elementor-widget-container\">\n\t\t\t\t\t\t\t\t\t\t\t\t\t\t\t<img decoding=\"async\" width=\"300\" height=\"300\" src=\"https:\/\/stopkondenz.com\/wp-content\/uploads\/2023\/11\/uputstvo-1.webp\" class=\"attachment-full size-full wp-image-598\" alt=\"\" srcset=\"https:\/\/stopkondenz.com\/wp-content\/uploads\/2023\/11\/uputstvo-1.webp 300w, https:\/\/stopkondenz.com\/wp-content\/uploads\/2023\/11\/uputstvo-1-150x150.webp 150w, https:\/\/stopkondenz.com\/wp-content\/uploads\/2023\/11\/uputstvo-1-12x12.webp 12w\" sizes=\"(max-width: 300px) 100vw, 300px\" \/>\t\t\t\t\t\t\t\t\t\t\t\t\t\t\t<\/div>\n\t\t\t\t<\/div>\n\t\t\t\t<\/div>\n\t\t<div class=\"elementor-element elementor-element-1c4a3bc e-con-full e-flex e-con e-child\" data-id=\"1c4a3bc\" data-element_type=\"container\" data-e-type=\"container\">\n\t\t\t\t<div class=\"elementor-element elementor-element-2eb6a1d elementor-widget__width-initial elementor-widget-mobile__width-inherit elementor-widget elementor-widget-text-editor\" data-id=\"2eb6a1d\" data-element_type=\"widget\" data-e-type=\"widget\" data-widget_type=\"text-editor.default\">\n\t\t\t\t<div class=\"elementor-widget-container\">\n\t\t\t\t\t\t\t\t\t<h3>2. MEZCLA<\/h3><p>Para usar el producto, simplemente vierta primero el contenido del componente B (endurecedor) en el bote del componente A (esmalte).<\/p><p>* Si no desea utilizar toda la cantidad a la vez, tenga en cuenta que las relaciones de cat\u00e1lisis \/ mezcla son las siguientes: 100 g de componente A \/26,5 g de componente B.<br \/>Agite bien el bote durante unos minutos, luego deje reposar por un par de minutos antes de aplicar.<br \/>Utilice la pintura mezclada en un plazo m\u00e1ximo de 6 horas a partir del momento de la preparaci\u00f3n.<\/p><p>\u00a0<\/p>\t\t\t\t\t\t\t\t<\/div>\n\t\t\t\t<\/div>\n\t\t\t\t<div class=\"elementor-element elementor-element-66f2f80 elementor-widget elementor-widget-image\" data-id=\"66f2f80\" data-element_type=\"widget\" data-e-type=\"widget\" data-widget_type=\"image.default\">\n\t\t\t\t<div class=\"elementor-widget-container\">\n\t\t\t\t\t\t\t\t\t\t\t\t\t\t\t<img loading=\"lazy\" decoding=\"async\" width=\"300\" height=\"300\" src=\"https:\/\/stopkondenz.com\/wp-content\/uploads\/2023\/11\/uputstvo-2.webp\" class=\"attachment-full size-full wp-image-599\" alt=\"\" srcset=\"https:\/\/stopkondenz.com\/wp-content\/uploads\/2023\/11\/uputstvo-2.webp 300w, https:\/\/stopkondenz.com\/wp-content\/uploads\/2023\/11\/uputstvo-2-150x150.webp 150w, https:\/\/stopkondenz.com\/wp-content\/uploads\/2023\/11\/uputstvo-2-12x12.webp 12w\" sizes=\"(max-width: 300px) 100vw, 300px\" \/>\t\t\t\t\t\t\t\t\t\t\t\t\t\t\t<\/div>\n\t\t\t\t<\/div>\n\t\t\t\t<\/div>\n\t\t<div class=\"elementor-element elementor-element-a986629 e-con-full e-flex e-con e-child\" data-id=\"a986629\" data-element_type=\"container\" data-e-type=\"container\">\n\t\t\t\t<div class=\"elementor-element elementor-element-18ae8f0 elementor-widget__width-initial elementor-widget-mobile__width-inherit elementor-widget elementor-widget-text-editor\" data-id=\"18ae8f0\" data-element_type=\"widget\" data-e-type=\"widget\" data-widget_type=\"text-editor.default\">\n\t\t\t\t<div class=\"elementor-widget-container\">\n\t\t\t\t\t\t\t\t\t<h3>3.  APLICACI\u00d3N<\/h3><p>Lave la superficie con diluyente de lavado o agua y jab\u00f3n.<br \/>A continuaci\u00f3n, aplique una o m\u00e1s manos del producto dejando un intervalo de al menos 24 horas entre manos y efectuando un ligero lijado superficial entre manos.<br \/>M\u00e9todos de aplicaci\u00f3n recomendados: cepillo, rodillo o dispositivo airless.<\/p><p>\u00a0<\/p>\t\t\t\t\t\t\t\t<\/div>\n\t\t\t\t<\/div>\n\t\t\t\t<div class=\"elementor-element elementor-element-53f2939 elementor-widget elementor-widget-image\" data-id=\"53f2939\" data-element_type=\"widget\" data-e-type=\"widget\" data-widget_type=\"image.default\">\n\t\t\t\t<div class=\"elementor-widget-container\">\n\t\t\t\t\t\t\t\t\t\t\t\t\t\t\t<img loading=\"lazy\" decoding=\"async\" width=\"300\" height=\"300\" src=\"https:\/\/stopkondenz.com\/wp-content\/uploads\/2023\/11\/uputstvo-3.webp\" class=\"attachment-full size-full wp-image-600\" alt=\"\" srcset=\"https:\/\/stopkondenz.com\/wp-content\/uploads\/2023\/11\/uputstvo-3.webp 300w, https:\/\/stopkondenz.com\/wp-content\/uploads\/2023\/11\/uputstvo-3-150x150.webp 150w, https:\/\/stopkondenz.com\/wp-content\/uploads\/2023\/11\/uputstvo-3-12x12.webp 12w\" sizes=\"(max-width: 300px) 100vw, 300px\" \/>\t\t\t\t\t\t\t\t\t\t\t\t\t\t\t<\/div>\n\t\t\t\t<\/div>\n\t\t\t\t<\/div>\n\t\t<div class=\"elementor-element elementor-element-fb82a51 e-con-full e-flex e-con e-child\" data-id=\"fb82a51\" data-element_type=\"container\" data-e-type=\"container\">\n\t\t\t\t<div class=\"elementor-element elementor-element-cf15f31 elementor-widget__width-initial elementor-widget-mobile__width-inherit elementor-widget elementor-widget-text-editor\" data-id=\"cf15f31\" data-element_type=\"widget\" data-e-type=\"widget\" data-widget_type=\"text-editor.default\">\n\t\t\t\t<div class=\"elementor-widget-container\">\n\t\t\t\t\t\t\t\t\t<h3>4. SECADO<\/h3><p class=\"translation-block\">Tiempo de secado aproximado:<br>\naproximadamente 5 horas para el secado al tacto y aproximadamente 12 horas para el secado completo<br>\nCobertura aproximada: 8\u201310 m2 por litro<br>\nLimpieza de las herramientas: con diluyente nitro.<\/p>\t\t\t\t\t\t\t\t<\/div>\n\t\t\t\t<\/div>\n\t\t\t\t<div class=\"elementor-element elementor-element-2009e15 elementor-widget elementor-widget-image\" data-id=\"2009e15\" data-element_type=\"widget\" data-e-type=\"widget\" data-widget_type=\"image.default\">\n\t\t\t\t<div class=\"elementor-widget-container\">\n\t\t\t\t\t\t\t\t\t\t\t\t\t\t\t<img loading=\"lazy\" decoding=\"async\" width=\"300\" height=\"300\" src=\"https:\/\/stopkondenz.com\/wp-content\/uploads\/2023\/11\/uputstvo-4.webp\" class=\"attachment-full size-full wp-image-601\" alt=\"\" srcset=\"https:\/\/stopkondenz.com\/wp-content\/uploads\/2023\/11\/uputstvo-4.webp 300w, https:\/\/stopkondenz.com\/wp-content\/uploads\/2023\/11\/uputstvo-4-150x150.webp 150w, https:\/\/stopkondenz.com\/wp-content\/uploads\/2023\/11\/uputstvo-4-12x12.webp 12w\" sizes=\"(max-width: 300px) 100vw, 300px\" \/>\t\t\t\t\t\t\t\t\t\t\t\t\t\t\t<\/div>\n\t\t\t\t<\/div>\n\t\t\t\t<\/div>\n\t\t\t\t\t<\/div>\n\t\t\t\t<\/div>\n\t\t<div class=\"elementor-element elementor-element-4f70329 e-flex e-con-boxed e-con e-parent\" data-id=\"4f70329\" data-element_type=\"container\" data-e-type=\"container\" data-settings=\"{&quot;background_background&quot;:&quot;classic&quot;}\">\n\t\t\t\t\t<div class=\"e-con-inner\">\n\t\t\t\t<div class=\"elementor-element elementor-element-a71cb8c elementor-widget elementor-widget-heading\" data-id=\"a71cb8c\" data-element_type=\"widget\" data-e-type=\"widget\" data-widget_type=\"heading.default\">\n\t\t\t\t<div class=\"elementor-widget-container\">\n\t\t\t\t\t<h2 class=\"elementor-heading-title elementor-size-default translation-block\">HACER UN PEDIDO<br> EN L\u00cdNEA<\/h2>\t\t\t\t<\/div>\n\t\t\t\t<\/div>\n\t\t\t\t<div class=\"elementor-element elementor-element-950128f elementor-align-center elementor-widget elementor-widget-button\" data-id=\"950128f\" data-element_type=\"widget\" data-e-type=\"widget\" data-widget_type=\"button.default\">\n\t\t\t\t<div class=\"elementor-widget-container\">\n\t\t\t\t\t\t\t\t\t<div class=\"elementor-button-wrapper\">\n\t\t\t\t\t<a class=\"elementor-button elementor-button-link elementor-size-sm\" href=\"https:\/\/roma.rs\/stop-kondenz-tile-tub-boja-za-plocice-i-kadu-750ml\">\n\t\t\t\t\t\t<span class=\"elementor-button-content-wrapper\">\n\t\t\t\t\t\t\t\t\t<span class=\"elementor-button-text\">Kliknite ovde da naru\u010dite Stopkondenz Tile&amp;Tub paint<\/span>\n\t\t\t\t\t<\/span>\n\t\t\t\t\t<\/a>\n\t\t\t\t<\/div>\n\t\t\t\t\t\t\t\t<\/div>\n\t\t\t\t<\/div>\n\t\t\t\t<div class=\"elementor-element elementor-element-582d4cd elementor-widget elementor-widget-heading\" data-id=\"582d4cd\" data-element_type=\"widget\" data-e-type=\"widget\" data-widget_type=\"heading.default\">\n\t\t\t\t<div class=\"elementor-widget-container\">\n\t\t\t\t\t<span class=\"elementor-heading-title elementor-size-default\">+382 77 27 27 00 para Montenegro<\/span>\t\t\t\t<\/div>\n\t\t\t\t<\/div>\n\t\t\t\t<div class=\"elementor-element elementor-element-398413e elementor-align-center elementor-widget elementor-widget-button\" data-id=\"398413e\" data-element_type=\"widget\" data-e-type=\"widget\" data-widget_type=\"button.default\">\n\t\t\t\t<div class=\"elementor-widget-container\">\n\t\t\t\t\t\t\t\t\t<div class=\"elementor-button-wrapper\">\n\t\t\t\t\t<a class=\"elementor-button elementor-button-link elementor-size-sm\" href=\"https:\/\/stopkondenz.com\/es\/gde-kupiti\/\">\n\t\t\t\t\t\t<span class=\"elementor-button-content-wrapper\">\n\t\t\t\t\t\t\t\t\t<span class=\"elementor-button-text\">Pinchar aqu\u00ed para obtener una lista de todos los puntos de venta<\/span>\n\t\t\t\t\t<\/span>\n\t\t\t\t\t<\/a>\n\t\t\t\t<\/div>\n\t\t\t\t\t\t\t\t<\/div>\n\t\t\t\t<\/div>\n\t\t\t\t\t<\/div>\n\t\t\t\t<\/div>\n\t\t\t\t<\/div>","protected":false},"excerpt":{"rendered":"<p>TILE&amp;TUB PAINT TILE&amp;TUB PAINT prianja na sve povr\u0161ine, poseduje izuzetnu pokrivnu mo\u0107, tvrdoc\u0301u, otpornost na habanje i visok sjaj, a osve\u017ei\u0107e bilo koju povr\u0161inu za jedan, do maksimalno dva tretmana, jednostavno i za kratko vreme. Koristi se za farbanje sanitarnih kada, kada od fiberglasa, tu\u0161 kada, umivaonika, sudopera, kerami\u010dkih plo\u010dica i drugih srodnih povr\u0161ina. Primenjuje [&hellip;]<\/p>\n","protected":false},"author":7,"featured_media":0,"parent":0,"menu_order":0,"comment_status":"closed","ping_status":"closed","template":"","meta":{"_monsterinsights_skip_tracking":false,"_monsterinsights_sitenote_active":false,"_monsterinsights_sitenote_note":"","_monsterinsights_sitenote_category":0,"_uf_show_specific_survey":0,"_uf_disable_surveys":false,"footnotes":""},"class_list":["post-594","page","type-page","status-publish","hentry"],"_links":{"self":[{"href":"https:\/\/stopkondenz.com\/es\/wp-json\/wp\/v2\/pages\/594","targetHints":{"allow":["GET"]}}],"collection":[{"href":"https:\/\/stopkondenz.com\/es\/wp-json\/wp\/v2\/pages"}],"about":[{"href":"https:\/\/stopkondenz.com\/es\/wp-json\/wp\/v2\/types\/page"}],"author":[{"embeddable":true,"href":"https:\/\/stopkondenz.com\/es\/wp-json\/wp\/v2\/users\/7"}],"replies":[{"embeddable":true,"href":"https:\/\/stopkondenz.com\/es\/wp-json\/wp\/v2\/comments?post=594"}],"version-history":[{"count":21,"href":"https:\/\/stopkondenz.com\/es\/wp-json\/wp\/v2\/pages\/594\/revisions"}],"predecessor-version":[{"id":681,"href":"https:\/\/stopkondenz.com\/es\/wp-json\/wp\/v2\/pages\/594\/revisions\/681"}],"wp:attachment":[{"href":"https:\/\/stopkondenz.com\/es\/wp-json\/wp\/v2\/media?parent=594"}],"curies":[{"name":"wp","href":"https:\/\/api.w.org\/{rel}","templated":true}]}}