{"id":176,"date":"2022-12-07T12:41:36","date_gmt":"2022-12-07T12:41:36","guid":{"rendered":"https:\/\/stopkondenz.block.rs\/?page_id=176"},"modified":"2023-04-05T08:34:08","modified_gmt":"2023-04-05T08:34:08","slug":"flomaster-za-fuge","status":"publish","type":"page","link":"https:\/\/stopkondenz.com\/fr\/flomaster-za-fuge\/","title":{"rendered":"Feutre pour joints"},"content":{"rendered":"<div data-elementor-type=\"wp-page\" data-elementor-id=\"176\" class=\"elementor elementor-176\" data-elementor-post-type=\"page\">\n\t\t\t\t<div class=\"elementor-element elementor-element-dd43529 e-con-full e-flex e-con e-parent\" data-id=\"dd43529\" data-element_type=\"container\" data-e-type=\"container\">\n\t\t<div class=\"elementor-element elementor-element-e13d5d4 e-con-full e-flex e-con e-parent\" data-id=\"e13d5d4\" data-element_type=\"container\" data-e-type=\"container\" data-settings=\"{&quot;background_background&quot;:&quot;classic&quot;}\">\n\t\t\t\t<div class=\"elementor-element elementor-element-34390e1 elementor-widget elementor-widget-heading\" data-id=\"34390e1\" data-element_type=\"widget\" data-e-type=\"widget\" data-widget_type=\"heading.default\">\n\t\t\t\t<div class=\"elementor-widget-container\">\n\t\t\t\t\t<h1 class=\"elementor-heading-title elementor-size-default\">FEUTRE<br> POUR JOINTS<\/h1>\t\t\t\t<\/div>\n\t\t\t\t<\/div>\n\t\t\t\t<div class=\"elementor-element elementor-element-a37fdce elementor-widget elementor-widget-image\" data-id=\"a37fdce\" data-element_type=\"widget\" data-e-type=\"widget\" data-widget_type=\"image.default\">\n\t\t\t\t<div class=\"elementor-widget-container\">\n\t\t\t\t\t\t\t\t\t\t\t\t\t\t\t<img fetchpriority=\"high\" decoding=\"async\" width=\"210\" height=\"584\" src=\"https:\/\/stopkondenz.com\/wp-content\/uploads\/2022\/12\/Grout-marker-CMYK.png\" class=\"attachment-full size-full wp-image-178\" alt=\"\" srcset=\"https:\/\/stopkondenz.com\/wp-content\/uploads\/2022\/12\/Grout-marker-CMYK.png 210w, https:\/\/stopkondenz.com\/wp-content\/uploads\/2022\/12\/Grout-marker-CMYK-108x300.png 108w\" sizes=\"(max-width: 210px) 100vw, 210px\" \/>\t\t\t\t\t\t\t\t\t\t\t\t\t\t\t<\/div>\n\t\t\t\t<\/div>\n\t\t\t\t<\/div>\n\t\t<div class=\"elementor-element elementor-element-646c85e e-con-full e-flex e-con e-parent\" data-id=\"646c85e\" data-element_type=\"container\" data-e-type=\"container\" data-settings=\"{&quot;background_background&quot;:&quot;classic&quot;}\">\n\t\t\t\t<div class=\"elementor-element elementor-element-410c350 elementor-widget__width-auto elementor-widget elementor-widget-image\" data-id=\"410c350\" data-element_type=\"widget\" data-e-type=\"widget\" data-widget_type=\"image.default\">\n\t\t\t\t<div class=\"elementor-widget-container\">\n\t\t\t\t\t\t\t\t\t\t\t\t\t\t\t<img decoding=\"async\" width=\"252\" height=\"252\" src=\"https:\/\/stopkondenz.com\/wp-content\/uploads\/2022\/12\/krug-2.png\" class=\"attachment-full size-full wp-image-167\" alt=\"\" srcset=\"https:\/\/stopkondenz.com\/wp-content\/uploads\/2022\/12\/krug-2.png 252w, https:\/\/stopkondenz.com\/wp-content\/uploads\/2022\/12\/krug-2-150x150.png 150w\" sizes=\"(max-width: 252px) 100vw, 252px\" \/>\t\t\t\t\t\t\t\t\t\t\t\t\t\t\t<\/div>\n\t\t\t\t<\/div>\n\t\t\t\t<\/div>\n\t\t\t\t<\/div>\n\t\t<div class=\"elementor-element elementor-element-555f86b e-flex e-con-boxed e-con e-parent\" data-id=\"555f86b\" data-element_type=\"container\" data-e-type=\"container\" id=\"fl-video\">\n\t\t\t\t\t<div class=\"e-con-inner\">\n\t\t<div class=\"elementor-element elementor-element-d4fcac3 e-con-full e-flex e-con e-parent\" data-id=\"d4fcac3\" data-element_type=\"container\" data-e-type=\"container\">\n\t\t\t\t<div class=\"elementor-element elementor-element-fb3722f elementor-widget elementor-widget-text-editor\" data-id=\"fb3722f\" data-element_type=\"widget\" data-e-type=\"widget\" data-widget_type=\"text-editor.default\">\n\t\t\t\t<div class=\"elementor-widget-container\">\n\t\t\t\t\t\t\t\t\t<p>En cons\u00e9quence de l'humidit\u00e9 et de la condensation, les joints des carreaux de c\u00e9ramique dans les cuisines et les salles de bain deviennent souvent des endroits de l\u2019accumulation des salet\u00e9s et des moisissures.<\/p><p>Le stylo pour joints est utilis\u00e9 si l\u2019on veut rafra\u00eechir ou changer la couleur des joints des carreaux de c\u00e9ramique dans la cuisine ou dans la salle de bain. Il est tr\u00e8s efficace pour couvrir les imperfections et les taches sur les joints. Convient pour une utilisation dans des environnements humides.<\/p><p class=\"translation-block\">Rev\u00eatement acrylique \u00e0 base de copolym\u00e8re hydrosoluble formul\u00e9 pour l\u2019application en utilisant les fibres de pointe du feutre, rev\u00eatement imperm\u00e9able, inodore, disponible en blanc, beige et gris, facile \u00e0 utiliser.<\/p>\t\t\t\t\t\t\t\t<\/div>\n\t\t\t\t<\/div>\n\t\t\t\t<\/div>\n\t\t<div class=\"elementor-element elementor-element-8a35af4 e-con-full e-flex e-con e-parent\" data-id=\"8a35af4\" data-element_type=\"container\" data-e-type=\"container\">\n\t\t\t\t<div class=\"elementor-element elementor-element-964ec21 elementor-widget elementor-widget-image\" data-id=\"964ec21\" data-element_type=\"widget\" data-e-type=\"widget\" data-widget_type=\"image.default\">\n\t\t\t\t<div class=\"elementor-widget-container\">\n\t\t\t\t\t\t\t\t\t\t\t\t\t\t\t<img decoding=\"async\" width=\"800\" height=\"532\" src=\"https:\/\/stopkondenz.com\/wp-content\/uploads\/2022\/12\/flomaster-za-fuge-prikaz.jpg\" class=\"attachment-large size-large wp-image-180\" alt=\"\" srcset=\"https:\/\/stopkondenz.com\/wp-content\/uploads\/2022\/12\/flomaster-za-fuge-prikaz.jpg 1000w, https:\/\/stopkondenz.com\/wp-content\/uploads\/2022\/12\/flomaster-za-fuge-prikaz-300x200.jpg 300w, https:\/\/stopkondenz.com\/wp-content\/uploads\/2022\/12\/flomaster-za-fuge-prikaz-768x511.jpg 768w\" sizes=\"(max-width: 800px) 100vw, 800px\" \/>\t\t\t\t\t\t\t\t\t\t\t\t\t\t\t<\/div>\n\t\t\t\t<\/div>\n\t\t\t\t<\/div>\n\t\t<div class=\"elementor-element elementor-element-3e97e1b e-con-full e-flex e-con e-parent\" data-id=\"3e97e1b\" data-element_type=\"container\" data-e-type=\"container\">\n\t\t\t\t<div class=\"elementor-element elementor-element-b7ef05c elementor-widget__width-initial elementor-widget elementor-widget-video\" data-id=\"b7ef05c\" data-element_type=\"widget\" data-e-type=\"widget\" data-settings=\"{&quot;youtube_url&quot;:&quot;https:\\\/\\\/www.youtube.com\\\/watch?v=vYdiA2BFFww&amp;t=16s&quot;,&quot;video_type&quot;:&quot;youtube&quot;,&quot;controls&quot;:&quot;yes&quot;}\" data-widget_type=\"video.default\">\n\t\t\t\t<div class=\"elementor-widget-container\">\n\t\t\t\t\t\t\t<div class=\"elementor-wrapper elementor-open-inline\">\n\t\t\t<div class=\"elementor-video\"><\/div>\t\t<\/div>\n\t\t\t\t\t\t<\/div>\n\t\t\t\t<\/div>\n\t\t\t\t<\/div>\n\t\t\t\t\t<\/div>\n\t\t\t\t<\/div>\n\t\t<div class=\"elementor-element elementor-element-ce3f04a e-flex e-con-boxed e-con e-parent\" data-id=\"ce3f04a\" data-element_type=\"container\" data-e-type=\"container\" data-settings=\"{&quot;background_background&quot;:&quot;classic&quot;}\">\n\t\t\t\t\t<div class=\"e-con-inner\">\n\t\t\t\t<div class=\"elementor-element elementor-element-a6cab39 elementor-widget__width-initial elementor-widget elementor-widget-heading\" data-id=\"a6cab39\" data-element_type=\"widget\" data-e-type=\"widget\" data-widget_type=\"heading.default\">\n\t\t\t\t<div class=\"elementor-widget-container\">\n\t\t\t\t\t<h4 class=\"elementor-heading-title elementor-size-default\">Comment l\u2019utilise-t-on ?<\/h4>\t\t\t\t<\/div>\n\t\t\t\t<\/div>\n\t\t\t\t\t<\/div>\n\t\t\t\t<\/div>\n\t\t<div class=\"elementor-element elementor-element-63665f2 e-flex e-con-boxed e-con e-parent\" data-id=\"63665f2\" data-element_type=\"container\" data-e-type=\"container\">\n\t\t\t\t\t<div class=\"e-con-inner\">\n\t\t<div class=\"elementor-element elementor-element-9515df4 e-con-full e-flex e-con e-parent\" data-id=\"9515df4\" data-element_type=\"container\" data-e-type=\"container\">\n\t\t\t\t<div class=\"elementor-element elementor-element-df91105 elementor-widget elementor-widget-text-editor\" data-id=\"df91105\" data-element_type=\"widget\" data-e-type=\"widget\" data-widget_type=\"text-editor.default\">\n\t\t\t\t<div class=\"elementor-widget-container\">\n\t\t\t\t\t\t\t\t\t<div class=\"flex_column av_one_half flex_column_div av-zero-column-padding first avia-builder-el-19 el_before_av_one_half avia-builder-el-first\"><section class=\"av_textblock_section\"><div class=\"avia_textblock\"><p>Laver doucement la surface \u00e0 rev\u00eatir pour enlever la graisse, les r\u00e9sidus de savon, d\u2019huile etc. Laisser s\u00e9cher. Secouer le stylo couvert d\u2019un capuchon pendant environ 30 secondes. Retirer le capuchon et appuyer doucement la pointe du feutre sur le papier jusqu\u2019\u00e0 l'apparition de peinture.<\/p><p><strong>Soyez patient, il faut que toutes les fibres de la pointe du feutre soient imbib\u00e9es de peinture.<\/strong><\/p><p class=\"translation-block\">La pointe du feutre est rempla\u00e7able. Les joints rugueux, peuvent l\u00e9g\u00e8rement endommager (user) la pointe du stylo.  Il faut simplement l\u2019enlever, le renverser et le remettre dans le stylo. Le rev\u00eatement est sec au toucher au bout de 2 minutes. Un feutre peut couvrir environ 50 m\u00e8tres de longueur des joints d\u2019une largeur d\u2019environ 5mm.<\/p><\/div><\/section><\/div>\t\t\t\t\t\t\t\t<\/div>\n\t\t\t\t<\/div>\n\t\t\t\t<\/div>\n\t\t<div class=\"elementor-element elementor-element-6625fc5 e-con-full e-flex e-con e-parent\" data-id=\"6625fc5\" data-element_type=\"container\" data-e-type=\"container\">\n\t\t\t\t<div class=\"elementor-element elementor-element-bcfbc00 elementor-widget elementor-widget-text-editor\" data-id=\"bcfbc00\" data-element_type=\"widget\" data-e-type=\"widget\" data-widget_type=\"text-editor.default\">\n\t\t\t\t<div class=\"elementor-widget-container\">\n\t\t\t\t\t\t\t\t\t<div class=\"flex_column av_one_half flex_column_div av-zero-column-padding avia-builder-el-13 el_after_av_one_half el_before_av_hr\"><section class=\"av_textblock_section\"><div class=\"avia_textblock\"><ul><li>Formule antibact\u00e9rienne<\/li><li>Emp\u00eache le d\u00e9veloppement de moisissures<\/li><li>Simple \u00e0 utiliser<\/li><li>Inodore<\/li><li>Prolongez la dur\u00e9e de vie de votre stylo en rempla\u00e7ant la partie \u00e9crivant sur les joints !<\/li><li>Il est tr\u00e8s efficace pour couvrir les imperfections et les taches sur les joints. Convient pour une utilisation dans des environnements humides.<\/li><li>Disponible en blanc, beige et gris<\/li><\/ul><\/div><\/section><\/div>\t\t\t\t\t\t\t\t<\/div>\n\t\t\t\t<\/div>\n\t\t\t\t<\/div>\n\t\t<div class=\"elementor-element elementor-element-37b228c e-flex e-con-boxed e-con e-parent\" data-id=\"37b228c\" data-element_type=\"container\" data-e-type=\"container\">\n\t\t\t\t\t<div class=\"e-con-inner\">\n\t\t\t\t<div class=\"elementor-element elementor-element-85ee475 elementor-widget elementor-widget-image\" data-id=\"85ee475\" data-element_type=\"widget\" data-e-type=\"widget\" data-widget_type=\"image.default\">\n\t\t\t\t<div class=\"elementor-widget-container\">\n\t\t\t\t\t\t\t\t\t\t\t\t\t\t\t<img loading=\"lazy\" decoding=\"async\" width=\"200\" height=\"200\" src=\"https:\/\/stopkondenz.com\/wp-content\/uploads\/2022\/12\/protresite-flomaster.jpg\" class=\"attachment-full size-full wp-image-185\" alt=\"\" srcset=\"https:\/\/stopkondenz.com\/wp-content\/uploads\/2022\/12\/protresite-flomaster.jpg 200w, https:\/\/stopkondenz.com\/wp-content\/uploads\/2022\/12\/protresite-flomaster-150x150.jpg 150w\" sizes=\"(max-width: 200px) 100vw, 200px\" \/>\t\t\t\t\t\t\t\t\t\t\t\t\t\t\t<\/div>\n\t\t\t\t<\/div>\n\t\t\t\t<div class=\"elementor-element elementor-element-f6b4490 elementor-widget elementor-widget-image\" data-id=\"f6b4490\" data-element_type=\"widget\" data-e-type=\"widget\" data-widget_type=\"image.default\">\n\t\t\t\t<div class=\"elementor-widget-container\">\n\t\t\t\t\t\t\t\t\t\t\t\t\t\t\t<img loading=\"lazy\" decoding=\"async\" width=\"200\" height=\"200\" src=\"https:\/\/stopkondenz.com\/wp-content\/uploads\/2022\/12\/pritisnite-flomaster.jpg\" class=\"attachment-full size-full wp-image-186\" alt=\"\" srcset=\"https:\/\/stopkondenz.com\/wp-content\/uploads\/2022\/12\/pritisnite-flomaster.jpg 200w, https:\/\/stopkondenz.com\/wp-content\/uploads\/2022\/12\/pritisnite-flomaster-150x150.jpg 150w\" sizes=\"(max-width: 200px) 100vw, 200px\" \/>\t\t\t\t\t\t\t\t\t\t\t\t\t\t\t<\/div>\n\t\t\t\t<\/div>\n\t\t\t\t<div class=\"elementor-element elementor-element-5c873bc elementor-widget elementor-widget-image\" data-id=\"5c873bc\" data-element_type=\"widget\" data-e-type=\"widget\" data-widget_type=\"image.default\">\n\t\t\t\t<div class=\"elementor-widget-container\">\n\t\t\t\t\t\t\t\t\t\t\t\t\t\t\t<img loading=\"lazy\" decoding=\"async\" width=\"200\" height=\"200\" src=\"https:\/\/stopkondenz.com\/wp-content\/uploads\/2022\/12\/vucite-flomaster-po-fugama.jpg\" class=\"attachment-full size-full wp-image-187\" alt=\"\" srcset=\"https:\/\/stopkondenz.com\/wp-content\/uploads\/2022\/12\/vucite-flomaster-po-fugama.jpg 200w, https:\/\/stopkondenz.com\/wp-content\/uploads\/2022\/12\/vucite-flomaster-po-fugama-150x150.jpg 150w\" sizes=\"(max-width: 200px) 100vw, 200px\" \/>\t\t\t\t\t\t\t\t\t\t\t\t\t\t\t<\/div>\n\t\t\t\t<\/div>\n\t\t\t\t\t<\/div>\n\t\t\t\t<\/div>\n\t\t\t\t\t<\/div>\n\t\t\t\t<\/div>\n\t\t<div class=\"elementor-element elementor-element-bde6bd5 e-flex e-con-boxed e-con e-parent\" data-id=\"bde6bd5\" data-element_type=\"container\" data-e-type=\"container\" data-settings=\"{&quot;background_background&quot;:&quot;classic&quot;}\">\n\t\t\t\t\t<div class=\"e-con-inner\">\n\t\t\t\t<div class=\"elementor-element elementor-element-55b4f45 elementor-widget elementor-widget-heading\" data-id=\"55b4f45\" data-element_type=\"widget\" data-e-type=\"widget\" data-widget_type=\"heading.default\">\n\t\t\t\t<div class=\"elementor-widget-container\">\n\t\t\t\t\t<h2 class=\"elementor-heading-title elementor-size-default translation-block\">COMMANDER<br> EN LIGNE<\/h2>\t\t\t\t<\/div>\n\t\t\t\t<\/div>\n\t\t\t\t<div class=\"elementor-element elementor-element-d9117a6 elementor-align-center elementor-widget elementor-widget-button\" data-id=\"d9117a6\" data-element_type=\"widget\" data-e-type=\"widget\" data-widget_type=\"button.default\">\n\t\t\t\t<div class=\"elementor-widget-container\">\n\t\t\t\t\t\t\t\t\t<div class=\"elementor-button-wrapper\">\n\t\t\t\t\t<a class=\"elementor-button elementor-button-link elementor-size-sm\" href=\"https:\/\/roma.rs\/flomaster-za-fuge-bez-stop-k\">\n\t\t\t\t\t\t<span class=\"elementor-button-content-wrapper\">\n\t\t\t\t\t\t\t\t\t<span class=\"elementor-button-text\">Cliquer ici pour commander le feutre pour joints<\/span>\n\t\t\t\t\t<\/span>\n\t\t\t\t\t<\/a>\n\t\t\t\t<\/div>\n\t\t\t\t\t\t\t\t<\/div>\n\t\t\t\t<\/div>\n\t\t\t\t<div class=\"elementor-element elementor-element-d9918aa elementor-widget elementor-widget-heading\" data-id=\"d9918aa\" data-element_type=\"widget\" data-e-type=\"widget\" data-widget_type=\"heading.default\">\n\t\t\t\t<div class=\"elementor-widget-container\">\n\t\t\t\t\t<span class=\"elementor-heading-title elementor-size-default\">+382 77 27 27 00 pour Mont\u00e9n\u00e9gro<\/span>\t\t\t\t<\/div>\n\t\t\t\t<\/div>\n\t\t\t\t<div class=\"elementor-element elementor-element-f932e4e elementor-align-center elementor-widget elementor-widget-button\" data-id=\"f932e4e\" data-element_type=\"widget\" data-e-type=\"widget\" data-widget_type=\"button.default\">\n\t\t\t\t<div class=\"elementor-widget-container\">\n\t\t\t\t\t\t\t\t\t<div class=\"elementor-button-wrapper\">\n\t\t\t\t\t<a class=\"elementor-button elementor-button-link elementor-size-sm\" href=\"https:\/\/stopkondenz.com\/fr\/gde-kupiti\/\">\n\t\t\t\t\t\t<span class=\"elementor-button-content-wrapper\">\n\t\t\t\t\t\t\t\t\t<span class=\"elementor-button-text\">Cliquer ici pour la liste de tous les points de vente<\/span>\n\t\t\t\t\t<\/span>\n\t\t\t\t\t<\/a>\n\t\t\t\t<\/div>\n\t\t\t\t\t\t\t\t<\/div>\n\t\t\t\t<\/div>\n\t\t\t\t\t<\/div>\n\t\t\t\t<\/div>\n\t\t\t\t<\/div>","protected":false},"excerpt":{"rendered":"<p>Flomaster za fuge Kao posledica vlage , kondenza i fuge na kerami\u010dkim plo\u010dicama u kuhinjama i kupatilima \u010desto postaju mesta na kojima se sakuplja ne\u010disto\u0107a pa i bu\u0111. Marker za fuge koristi se ukoliko neko \u017eeli da osve\u017ei ili promeni boju fuga kerami\u010dkih plo\u010dica u kupatilu ili kuhinji. Vrlo je e\ufb01kasan u prekrivanju nesavr\u0161enosti i [&hellip;]<\/p>\n","protected":false},"author":7,"featured_media":0,"parent":0,"menu_order":0,"comment_status":"closed","ping_status":"closed","template":"","meta":{"_monsterinsights_skip_tracking":false,"_monsterinsights_sitenote_active":false,"_monsterinsights_sitenote_note":"","_monsterinsights_sitenote_category":0,"_uf_show_specific_survey":0,"_uf_disable_surveys":false,"footnotes":""},"class_list":["post-176","page","type-page","status-publish","hentry"],"_links":{"self":[{"href":"https:\/\/stopkondenz.com\/fr\/wp-json\/wp\/v2\/pages\/176","targetHints":{"allow":["GET"]}}],"collection":[{"href":"https:\/\/stopkondenz.com\/fr\/wp-json\/wp\/v2\/pages"}],"about":[{"href":"https:\/\/stopkondenz.com\/fr\/wp-json\/wp\/v2\/types\/page"}],"author":[{"embeddable":true,"href":"https:\/\/stopkondenz.com\/fr\/wp-json\/wp\/v2\/users\/7"}],"replies":[{"embeddable":true,"href":"https:\/\/stopkondenz.com\/fr\/wp-json\/wp\/v2\/comments?post=176"}],"version-history":[{"count":19,"href":"https:\/\/stopkondenz.com\/fr\/wp-json\/wp\/v2\/pages\/176\/revisions"}],"predecessor-version":[{"id":561,"href":"https:\/\/stopkondenz.com\/fr\/wp-json\/wp\/v2\/pages\/176\/revisions\/561"}],"wp:attachment":[{"href":"https:\/\/stopkondenz.com\/fr\/wp-json\/wp\/v2\/media?parent=176"}],"curies":[{"name":"wp","href":"https:\/\/api.w.org\/{rel}","templated":true}]}}