{"id":194,"date":"2022-12-07T12:43:44","date_gmt":"2022-12-07T12:43:44","guid":{"rendered":"https:\/\/stopkondenz.block.rs\/?page_id=194"},"modified":"2023-04-05T08:36:57","modified_gmt":"2023-04-05T08:36:57","slug":"sk-cleaner-odstranjivac-budi","status":"publish","type":"page","link":"https:\/\/stopkondenz.com\/fr\/sk-cleaner-odstranjivac-budi\/","title":{"rendered":"SK Cleaner &#8211; odstranjiva\u010d bu\u0111i"},"content":{"rendered":"<div data-elementor-type=\"wp-page\" data-elementor-id=\"194\" class=\"elementor elementor-194\" data-elementor-post-type=\"page\">\n\t\t\t\t<div class=\"elementor-element elementor-element-71536ea e-con-full e-flex e-con e-parent\" data-id=\"71536ea\" data-element_type=\"container\" data-e-type=\"container\">\n\t\t<div class=\"elementor-element elementor-element-a969f2a e-con-full e-flex e-con e-parent\" data-id=\"a969f2a\" data-element_type=\"container\" data-e-type=\"container\" data-settings=\"{&quot;background_background&quot;:&quot;classic&quot;}\">\n\t\t<div class=\"elementor-element elementor-element-d484741 e-con-full e-flex e-con e-parent\" data-id=\"d484741\" data-element_type=\"container\" data-e-type=\"container\">\n\t\t\t\t<div class=\"elementor-element elementor-element-450f127 elementor-widget elementor-widget-heading\" data-id=\"450f127\" data-element_type=\"widget\" data-e-type=\"widget\" data-widget_type=\"heading.default\">\n\t\t\t\t<div class=\"elementor-widget-container\">\n\t\t\t\t\t<h1 class=\"elementor-heading-title elementor-size-default\">D\u00c9CAPANT ANTI-MOISISSURE<\/h1>\t\t\t\t<\/div>\n\t\t\t\t<\/div>\n\t\t\t\t<div class=\"elementor-element elementor-element-77bd0dc elementor-widget elementor-widget-heading\" data-id=\"77bd0dc\" data-element_type=\"widget\" data-e-type=\"widget\" data-widget_type=\"heading.default\">\n\t\t\t\t<div class=\"elementor-widget-container\">\n\t\t\t\t\t<p class=\"elementor-heading-title elementor-size-default translation-block\">SK<br> Cleaner<\/p>\t\t\t\t<\/div>\n\t\t\t\t<\/div>\n\t\t\t\t<\/div>\n\t\t\t\t<div class=\"elementor-element elementor-element-0540d06 elementor-widget elementor-widget-image\" data-id=\"0540d06\" data-element_type=\"widget\" data-e-type=\"widget\" data-widget_type=\"image.default\">\n\t\t\t\t<div class=\"elementor-widget-container\">\n\t\t\t\t\t\t\t\t\t\t\t\t\t\t\t<img fetchpriority=\"high\" decoding=\"async\" width=\"225\" height=\"635\" src=\"https:\/\/stopkondenz.com\/wp-content\/uploads\/2022\/12\/SK-cleaner-CMYK.png\" class=\"attachment-full size-full wp-image-196\" alt=\"\" srcset=\"https:\/\/stopkondenz.com\/wp-content\/uploads\/2022\/12\/SK-cleaner-CMYK.png 225w, https:\/\/stopkondenz.com\/wp-content\/uploads\/2022\/12\/SK-cleaner-CMYK-106x300.png 106w\" sizes=\"(max-width: 225px) 100vw, 225px\" \/>\t\t\t\t\t\t\t\t\t\t\t\t\t\t\t<\/div>\n\t\t\t\t<\/div>\n\t\t\t\t<\/div>\n\t\t<div class=\"elementor-element elementor-element-6c307c3 e-con-full e-flex e-con e-parent\" data-id=\"6c307c3\" data-element_type=\"container\" data-e-type=\"container\" data-settings=\"{&quot;background_background&quot;:&quot;classic&quot;}\">\n\t\t\t\t<div class=\"elementor-element elementor-element-ce61254 elementor-widget__width-auto elementor-widget elementor-widget-image\" data-id=\"ce61254\" data-element_type=\"widget\" data-e-type=\"widget\" data-widget_type=\"image.default\">\n\t\t\t\t<div class=\"elementor-widget-container\">\n\t\t\t\t\t\t\t\t\t\t\t\t\t\t\t<img decoding=\"async\" width=\"253\" height=\"253\" src=\"https:\/\/stopkondenz.com\/wp-content\/uploads\/2022\/12\/krug-4.png\" class=\"attachment-full size-full wp-image-198\" alt=\"\" srcset=\"https:\/\/stopkondenz.com\/wp-content\/uploads\/2022\/12\/krug-4.png 253w, https:\/\/stopkondenz.com\/wp-content\/uploads\/2022\/12\/krug-4-150x150.png 150w\" sizes=\"(max-width: 253px) 100vw, 253px\" \/>\t\t\t\t\t\t\t\t\t\t\t\t\t\t\t<\/div>\n\t\t\t\t<\/div>\n\t\t\t\t<\/div>\n\t\t\t\t<\/div>\n\t\t<div class=\"elementor-element elementor-element-9e36be8 e-flex e-con-boxed e-con e-parent\" data-id=\"9e36be8\" data-element_type=\"container\" data-e-type=\"container\">\n\t\t\t\t\t<div class=\"e-con-inner\">\n\t\t\t\t<div class=\"elementor-element elementor-element-f3fb231 elementor-widget__width-initial elementor-widget elementor-widget-heading\" data-id=\"f3fb231\" data-element_type=\"widget\" data-e-type=\"widget\" data-widget_type=\"heading.default\">\n\t\t\t\t<div class=\"elementor-widget-container\">\n\t\t\t\t\t<h2 class=\"elementor-heading-title elementor-size-default\">Elle est utilis\u00e9e dans les m\u00e9nages, les b\u00e2timents publics et industriels pour le traitement des surfaces n\u2019entrant pas en contact direct avec la nourriture pour humains ou pour animaux.<\/h2>\t\t\t\t<\/div>\n\t\t\t\t<\/div>\n\t\t\t\t\t<\/div>\n\t\t\t\t<\/div>\n\t\t<div class=\"elementor-element elementor-element-7a0e2e1 e-flex e-con-boxed e-con e-parent\" data-id=\"7a0e2e1\" data-element_type=\"container\" data-e-type=\"container\" data-settings=\"{&quot;background_background&quot;:&quot;classic&quot;}\">\n\t\t\t\t\t<div class=\"e-con-inner\">\n\t\t\t\t<div class=\"elementor-element elementor-element-7f9b150 elementor-widget__width-initial elementor-widget elementor-widget-heading\" data-id=\"7f9b150\" data-element_type=\"widget\" data-e-type=\"widget\" data-widget_type=\"heading.default\">\n\t\t\t\t<div class=\"elementor-widget-container\">\n\t\t\t\t\t<h4 class=\"elementor-heading-title elementor-size-default\">Comment l\u2019utilise-t-on ?<\/h4>\t\t\t\t<\/div>\n\t\t\t\t<\/div>\n\t\t\t\t\t<\/div>\n\t\t\t\t<\/div>\n\t\t<div class=\"elementor-element elementor-element-feb81bd e-flex e-con-boxed e-con e-parent\" data-id=\"feb81bd\" data-element_type=\"container\" data-e-type=\"container\">\n\t\t\t\t\t<div class=\"e-con-inner\">\n\t\t<div class=\"elementor-element elementor-element-c1e430a e-con-full e-flex e-con e-parent\" data-id=\"c1e430a\" data-element_type=\"container\" data-e-type=\"container\">\n\t\t\t\t<div class=\"elementor-element elementor-element-9b03ef4 elementor-widget elementor-widget-text-editor\" data-id=\"9b03ef4\" data-element_type=\"widget\" data-e-type=\"widget\" data-widget_type=\"text-editor.default\">\n\t\t\t\t<div class=\"elementor-widget-container\">\n\t\t\t\t\t\t\t\t\t<p style=\"margin: 0em 0px 1.6em; padding: 0px; border: 0px #e1e1e1; font-variant-numeric: inherit; font-variant-east-asian: inherit; font-stretch: inherit; line-height: 1.5; vertical-align: baseline; color: #666666; font-family: Arial, Helvetica, sans-serif !important;\" class=\"translation-block\">Pulv\u00e9riser les endroits atteints \u00e0 une distance de 10 \u00e0 15 cm et laisser agir. Au bout de 15 \u00e0 20 minutes laver \u00e0 l\u2019eau, le cas \u00e9ch\u00e9ant. Laisser s\u00e9cher. Cela fait, toutes les surfaces trait\u00e9es peuvent \u00eatre r\u00e9utilis\u00e9es.<\/p><p style=\"margin: 0em 0px 1.6em; padding: 0px; border: 0px #e1e1e1; font-variant-numeric: inherit; font-variant-east-asian: inherit; font-stretch: inherit; line-height: 1.5; vertical-align: baseline; color: #666666; font-family: Arial, Helvetica, sans-serif !important;\">N\u2019enlever pas les moisissures avant d\u2019avoir appliqu\u00e9 le produit pour \u00e9viter la propagation des spores.<\/p><p style=\"margin: 0em 0px 1.6em; padding: 0px; border: 0px #e1e1e1; font-variant-numeric: inherit; font-variant-east-asian: inherit; font-stretch: inherit; line-height: 1.5; vertical-align: baseline; color: #666666; font-family: Arial, Helvetica, sans-serif !important;\"><strong style=\"margin: 0px; padding: 0px; border: 0px #e1e1e1; font-style: inherit; font-variant: inherit; font-weight: bold; font-stretch: inherit; font-size: inherit; line-height: inherit; font-family: inherit; vertical-align: baseline; color: black;\">Dose recommand\u00e9e :<\/strong>\u00a0Au besoin, en fonction de la surface \u00e0 nettoyer et \u00e0 d\u00e9sinfecter.<\/p><p style=\"margin: 0em 0px 1.6em; padding: 0px; border: 0px #e1e1e1; font-variant-numeric: inherit; font-variant-east-asian: inherit; font-stretch: inherit; line-height: 1.5; vertical-align: baseline; color: #666666; font-family: Arial, Helvetica, sans-serif !important;\"><strong style=\"margin: 0px; padding: 0px; border: 0px #e1e1e1; font-style: inherit; font-variant: inherit; font-weight: bold; font-stretch: inherit; font-size: inherit; line-height: inherit; font-family: inherit; vertical-align: baseline; color: black;\">Recommandation : 0.5 lit\/4m2.<sup style=\"margin: 0px; padding: 0px; border: 0px #e1e1e1; font-style: inherit; font-variant: inherit; font-weight: inherit; font-stretch: inherit; font-size: smaller; line-height: inherit; font-family: inherit; vertical-align: super;\">2<\/sup><\/strong>.<\/p><p style=\"margin: 0em 0px 1.6em; padding: 0px; border: 0px #e1e1e1; font-variant-numeric: inherit; font-variant-east-asian: inherit; font-stretch: inherit; line-height: 1.5; vertical-align: baseline; color: #666666; font-family: Arial, Helvetica, sans-serif !important;\">Toute la surface \u00e0 traiter doit \u00eatre rev\u00eatue de liquide. Si la surface est trop contamin\u00e9e, l\u2019ensemble de la proc\u00e9dure peut \u00eatre r\u00e9p\u00e9t\u00e9e apr\u00e8s 30 \u00e0 60 minutes.<\/p>\t\t\t\t\t\t\t\t<\/div>\n\t\t\t\t<\/div>\n\t\t\t\t<\/div>\n\t\t<div class=\"elementor-element elementor-element-271142f e-con-full e-flex e-con e-parent\" data-id=\"271142f\" data-element_type=\"container\" data-e-type=\"container\">\n\t\t\t\t<div class=\"elementor-element elementor-element-c0369cf elementor-widget elementor-widget-image\" data-id=\"c0369cf\" data-element_type=\"widget\" data-e-type=\"widget\" data-widget_type=\"image.default\">\n\t\t\t\t<div class=\"elementor-widget-container\">\n\t\t\t\t\t\t\t\t\t\t\t\t\t\t\t<img decoding=\"async\" width=\"800\" height=\"800\" src=\"https:\/\/stopkondenz.com\/wp-content\/uploads\/2022\/12\/SK-cleaner-kupatilo-f.jpg\" class=\"attachment-full size-full wp-image-199\" alt=\"\" srcset=\"https:\/\/stopkondenz.com\/wp-content\/uploads\/2022\/12\/SK-cleaner-kupatilo-f.jpg 800w, https:\/\/stopkondenz.com\/wp-content\/uploads\/2022\/12\/SK-cleaner-kupatilo-f-300x300.jpg 300w, https:\/\/stopkondenz.com\/wp-content\/uploads\/2022\/12\/SK-cleaner-kupatilo-f-150x150.jpg 150w, https:\/\/stopkondenz.com\/wp-content\/uploads\/2022\/12\/SK-cleaner-kupatilo-f-768x768.jpg 768w\" sizes=\"(max-width: 800px) 100vw, 800px\" \/>\t\t\t\t\t\t\t\t\t\t\t\t\t\t\t<\/div>\n\t\t\t\t<\/div>\n\t\t\t\t<\/div>\n\t\t<div class=\"elementor-element elementor-element-7001492 e-con-full e-flex e-con e-parent\" data-id=\"7001492\" data-element_type=\"container\" data-e-type=\"container\" id=\"sk-video\">\n\t\t\t\t<div class=\"elementor-element elementor-element-108d5b4 elementor-widget__width-initial elementor-widget elementor-widget-video\" data-id=\"108d5b4\" data-element_type=\"widget\" data-e-type=\"widget\" data-settings=\"{&quot;youtube_url&quot;:&quot;https:\\\/\\\/www.youtube.com\\\/watch?v=1IV6Cr5Iu88&quot;,&quot;video_type&quot;:&quot;youtube&quot;,&quot;controls&quot;:&quot;yes&quot;}\" data-widget_type=\"video.default\">\n\t\t\t\t<div class=\"elementor-widget-container\">\n\t\t\t\t\t\t\t<div class=\"elementor-wrapper elementor-open-inline\">\n\t\t\t<div class=\"elementor-video\"><\/div>\t\t<\/div>\n\t\t\t\t\t\t<\/div>\n\t\t\t\t<\/div>\n\t\t\t\t<\/div>\n\t\t\t\t\t<\/div>\n\t\t\t\t<\/div>\n\t\t<div class=\"elementor-element elementor-element-54172da e-flex e-con-boxed e-con e-parent\" data-id=\"54172da\" data-element_type=\"container\" data-e-type=\"container\" data-settings=\"{&quot;background_background&quot;:&quot;classic&quot;}\">\n\t\t\t\t\t<div class=\"e-con-inner\">\n\t\t\t\t<div class=\"elementor-element elementor-element-c923758 elementor-widget__width-initial elementor-widget elementor-widget-heading\" data-id=\"c923758\" data-element_type=\"widget\" data-e-type=\"widget\" data-widget_type=\"heading.default\">\n\t\t\t\t<div class=\"elementor-widget-container\">\n\t\t\t\t\t<h4 class=\"elementor-heading-title elementor-size-default\">O\u00f9 l\u2019utilise-t-on ?<\/h4>\t\t\t\t<\/div>\n\t\t\t\t<\/div>\n\t\t\t\t\t<\/div>\n\t\t\t\t<\/div>\n\t\t<div class=\"elementor-element elementor-element-880e299 e-flex e-con-boxed e-con e-parent\" data-id=\"880e299\" data-element_type=\"container\" data-e-type=\"container\">\n\t\t\t\t\t<div class=\"e-con-inner\">\n\t\t<div class=\"elementor-element elementor-element-9b5bc38 e-con-full e-flex e-con e-parent\" data-id=\"9b5bc38\" data-element_type=\"container\" data-e-type=\"container\">\n\t\t\t\t<div class=\"elementor-element elementor-element-2df647c elementor-widget elementor-widget-heading\" data-id=\"2df647c\" data-element_type=\"widget\" data-e-type=\"widget\" data-widget_type=\"heading.default\">\n\t\t\t\t<div class=\"elementor-widget-container\">\n\t\t\t\t\t<h3 class=\"elementor-heading-title elementor-size-default\">Il convient pour :<\/h3>\t\t\t\t<\/div>\n\t\t\t\t<\/div>\n\t\t\t\t<div class=\"elementor-element elementor-element-97c6ec4 elementor-widget elementor-widget-text-editor\" data-id=\"97c6ec4\" data-element_type=\"widget\" data-e-type=\"widget\" data-widget_type=\"text-editor.default\">\n\t\t\t\t<div class=\"elementor-widget-container\">\n\t\t\t\t\t\t\t\t\t<div class=\"flex_column av_one_half flex_column_div av-zero-column-padding avia-builder-el-13 el_after_av_one_half el_before_av_hr\"><section class=\"av_textblock_section\"><div class=\"avia_textblock\">Mortier, pierre, marbre, granit, bois, c\u00e9ramique, verre, \u00e9mail, plastique, acrylique, stratifi\u00e9, vinyle, silicone, caoutchouc, t\u00e9flon, acier et chrome.<\/div><\/section><\/div>\t\t\t\t\t\t\t\t<\/div>\n\t\t\t\t<\/div>\n\t\t\t\t<\/div>\n\t\t<div class=\"elementor-element elementor-element-b714236 e-con-full e-flex e-con e-parent\" data-id=\"b714236\" data-element_type=\"container\" data-e-type=\"container\">\n\t\t\t\t<div class=\"elementor-element elementor-element-0e17b06 elementor-widget elementor-widget-heading\" data-id=\"0e17b06\" data-element_type=\"widget\" data-e-type=\"widget\" data-widget_type=\"heading.default\">\n\t\t\t\t<div class=\"elementor-widget-container\">\n\t\t\t\t\t<h3 class=\"elementor-heading-title elementor-size-default\">Ne convient pas pour :<\/h3>\t\t\t\t<\/div>\n\t\t\t\t<\/div>\n\t\t\t\t<div class=\"elementor-element elementor-element-577f91d elementor-widget elementor-widget-text-editor\" data-id=\"577f91d\" data-element_type=\"widget\" data-e-type=\"widget\" data-widget_type=\"text-editor.default\">\n\t\t\t\t<div class=\"elementor-widget-container\">\n\t\t\t\t\t\t\t\t\t<p>Gypse, aluminium, cuivre, laiton, bronze et surfaces en bois peintes ou laqu\u00e9es.<\/p>\t\t\t\t\t\t\t\t<\/div>\n\t\t\t\t<\/div>\n\t\t\t\t<\/div>\n\t\t\t\t\t<\/div>\n\t\t\t\t<\/div>\n\t\t<div class=\"elementor-element elementor-element-7966494 e-flex e-con-boxed e-con e-parent\" data-id=\"7966494\" data-element_type=\"container\" data-e-type=\"container\" data-settings=\"{&quot;background_background&quot;:&quot;classic&quot;}\">\n\t\t\t\t\t<div class=\"e-con-inner\">\n\t\t\t\t<div class=\"elementor-element elementor-element-d793950 elementor-widget elementor-widget-heading\" data-id=\"d793950\" data-element_type=\"widget\" data-e-type=\"widget\" data-widget_type=\"heading.default\">\n\t\t\t\t<div class=\"elementor-widget-container\">\n\t\t\t\t\t<h2 class=\"elementor-heading-title elementor-size-default translation-block\">COMMANDER<br> EN LIGNE<\/h2>\t\t\t\t<\/div>\n\t\t\t\t<\/div>\n\t\t\t\t<div class=\"elementor-element elementor-element-1a7fa36 elementor-align-center elementor-widget elementor-widget-button\" data-id=\"1a7fa36\" data-element_type=\"widget\" data-e-type=\"widget\" data-widget_type=\"button.default\">\n\t\t\t\t<div class=\"elementor-widget-container\">\n\t\t\t\t\t\t\t\t\t<div class=\"elementor-button-wrapper\">\n\t\t\t\t\t<a class=\"elementor-button elementor-button-link elementor-size-sm\" href=\"https:\/\/roma.rs\/odstranjivac-budji-stop-kondenz-500ml\">\n\t\t\t\t\t\t<span class=\"elementor-button-content-wrapper\">\n\t\t\t\t\t\t\t\t\t<span class=\"elementor-button-text\">Cliquer ici pour commander le d\u00e9capant anti-moisissure SK Cleaner<\/span>\n\t\t\t\t\t<\/span>\n\t\t\t\t\t<\/a>\n\t\t\t\t<\/div>\n\t\t\t\t\t\t\t\t<\/div>\n\t\t\t\t<\/div>\n\t\t\t\t<div class=\"elementor-element elementor-element-fc07ae6 elementor-widget elementor-widget-heading\" data-id=\"fc07ae6\" data-element_type=\"widget\" data-e-type=\"widget\" data-widget_type=\"heading.default\">\n\t\t\t\t<div class=\"elementor-widget-container\">\n\t\t\t\t\t<span class=\"elementor-heading-title elementor-size-default\">+382 77 27 27 00 pour Mont\u00e9n\u00e9gro<\/span>\t\t\t\t<\/div>\n\t\t\t\t<\/div>\n\t\t\t\t<div class=\"elementor-element elementor-element-b344399 elementor-align-center elementor-widget elementor-widget-button\" data-id=\"b344399\" data-element_type=\"widget\" data-e-type=\"widget\" data-widget_type=\"button.default\">\n\t\t\t\t<div class=\"elementor-widget-container\">\n\t\t\t\t\t\t\t\t\t<div class=\"elementor-button-wrapper\">\n\t\t\t\t\t<a class=\"elementor-button elementor-button-link elementor-size-sm\" href=\"https:\/\/stopkondenz.com\/fr\/gde-kupiti\/\">\n\t\t\t\t\t\t<span class=\"elementor-button-content-wrapper\">\n\t\t\t\t\t\t\t\t\t<span class=\"elementor-button-text\">Cliquer ici pour la liste de tous les points de vente<\/span>\n\t\t\t\t\t<\/span>\n\t\t\t\t\t<\/a>\n\t\t\t\t<\/div>\n\t\t\t\t\t\t\t\t<\/div>\n\t\t\t\t<\/div>\n\t\t\t\t\t<\/div>\n\t\t\t\t<\/div>\n\t\t\t\t<\/div>","protected":false},"excerpt":{"rendered":"<p>Odstranjiva\u010d bu\u0111i SK Cleaner Koristi se u doma\u0107instvima, javnim i industrijskim objektima za tretiranje povr\u0161ina koje nisu u direktnom kontaktu sa hranom za ljude ili \u017eivotinje. Kako se upotrebljava? Naprskati pogo\u0111ena mesta sa udaljenosti od 10-15cm i ostaviti da deluje.\u00a0Posle 15-20 min po potrebi isprati vodom. Ostaviti da se osu\u0161i. Nakon toga sve tretirane povr\u0161ine [&hellip;]<\/p>\n","protected":false},"author":7,"featured_media":0,"parent":0,"menu_order":0,"comment_status":"closed","ping_status":"closed","template":"","meta":{"_monsterinsights_skip_tracking":false,"_monsterinsights_sitenote_active":false,"_monsterinsights_sitenote_note":"","_monsterinsights_sitenote_category":0,"_uf_show_specific_survey":0,"_uf_disable_surveys":false,"footnotes":""},"class_list":["post-194","page","type-page","status-publish","hentry"],"_links":{"self":[{"href":"https:\/\/stopkondenz.com\/fr\/wp-json\/wp\/v2\/pages\/194","targetHints":{"allow":["GET"]}}],"collection":[{"href":"https:\/\/stopkondenz.com\/fr\/wp-json\/wp\/v2\/pages"}],"about":[{"href":"https:\/\/stopkondenz.com\/fr\/wp-json\/wp\/v2\/types\/page"}],"author":[{"embeddable":true,"href":"https:\/\/stopkondenz.com\/fr\/wp-json\/wp\/v2\/users\/7"}],"replies":[{"embeddable":true,"href":"https:\/\/stopkondenz.com\/fr\/wp-json\/wp\/v2\/comments?post=194"}],"version-history":[{"count":22,"href":"https:\/\/stopkondenz.com\/fr\/wp-json\/wp\/v2\/pages\/194\/revisions"}],"predecessor-version":[{"id":567,"href":"https:\/\/stopkondenz.com\/fr\/wp-json\/wp\/v2\/pages\/194\/revisions\/567"}],"wp:attachment":[{"href":"https:\/\/stopkondenz.com\/fr\/wp-json\/wp\/v2\/media?parent=194"}],"curies":[{"name":"wp","href":"https:\/\/api.w.org\/{rel}","templated":true}]}}