{"id":206,"date":"2022-12-07T13:28:33","date_gmt":"2022-12-07T13:28:33","guid":{"rendered":"https:\/\/stopkondenz.block.rs\/?page_id=206"},"modified":"2025-01-15T12:38:36","modified_gmt":"2025-01-15T12:38:36","slug":"aqua-tile-color","status":"publish","type":"page","link":"https:\/\/stopkondenz.com\/fr\/aqua-tile-color\/","title":{"rendered":"Aqua tile color"},"content":{"rendered":"<div data-elementor-type=\"wp-page\" data-elementor-id=\"206\" class=\"elementor elementor-206\" data-elementor-post-type=\"page\">\n\t\t\t\t<div class=\"elementor-element elementor-element-02d8458 e-con-full e-flex e-con e-parent\" data-id=\"02d8458\" data-element_type=\"container\" data-e-type=\"container\">\n\t\t<div class=\"elementor-element elementor-element-add5aeb e-con-full e-flex e-con e-child\" data-id=\"add5aeb\" data-element_type=\"container\" data-e-type=\"container\" data-settings=\"{&quot;background_background&quot;:&quot;classic&quot;}\">\n\t\t<div class=\"elementor-element elementor-element-514d05f e-con-full e-flex e-con e-child\" data-id=\"514d05f\" data-element_type=\"container\" data-e-type=\"container\">\n\t\t\t\t<div class=\"elementor-element elementor-element-f3c4e81 elementor-widget elementor-widget-heading\" data-id=\"f3c4e81\" data-element_type=\"widget\" data-e-type=\"widget\" data-widget_type=\"heading.default\">\n\t\t\t\t<div class=\"elementor-widget-container\">\n\t\t\t\t\t<h1 class=\"elementor-heading-title elementor-size-default\">PEINTURE POUR<br> CARREAUX MURAUX\n<\/h1>\t\t\t\t<\/div>\n\t\t\t\t<\/div>\n\t\t\t\t<div class=\"elementor-element elementor-element-1b43437 elementor-widget elementor-widget-heading\" data-id=\"1b43437\" data-element_type=\"widget\" data-e-type=\"widget\" data-widget_type=\"heading.default\">\n\t\t\t\t<div class=\"elementor-widget-container\">\n\t\t\t\t\t<p class=\"elementor-heading-title elementor-size-default\">AQUA TILE COLOR<\/p>\t\t\t\t<\/div>\n\t\t\t\t<\/div>\n\t\t\t\t<\/div>\n\t\t\t\t<div class=\"elementor-element elementor-element-383d3fa elementor-widget elementor-widget-image\" data-id=\"383d3fa\" data-element_type=\"widget\" data-e-type=\"widget\" data-widget_type=\"image.default\">\n\t\t\t\t<div class=\"elementor-widget-container\">\n\t\t\t\t\t\t\t\t\t\t\t\t\t\t\t<img fetchpriority=\"high\" decoding=\"async\" width=\"404\" height=\"476\" src=\"https:\/\/stopkondenz.com\/wp-content\/uploads\/2022\/12\/Aqua-tile-limenka-2-CMYK.png\" class=\"attachment-full size-full wp-image-208\" alt=\"\" srcset=\"https:\/\/stopkondenz.com\/wp-content\/uploads\/2022\/12\/Aqua-tile-limenka-2-CMYK.png 404w, https:\/\/stopkondenz.com\/wp-content\/uploads\/2022\/12\/Aqua-tile-limenka-2-CMYK-255x300.png 255w\" sizes=\"(max-width: 404px) 100vw, 404px\" \/>\t\t\t\t\t\t\t\t\t\t\t\t\t\t\t<\/div>\n\t\t\t\t<\/div>\n\t\t\t\t<\/div>\n\t\t<div class=\"elementor-element elementor-element-a3cf8d0 e-con-full e-flex e-con e-child\" data-id=\"a3cf8d0\" data-element_type=\"container\" data-e-type=\"container\" data-settings=\"{&quot;background_background&quot;:&quot;classic&quot;}\">\n\t\t\t\t<\/div>\n\t\t\t\t<\/div>\n\t\t<div class=\"elementor-element elementor-element-00d8262 e-flex e-con-boxed e-con e-parent\" data-id=\"00d8262\" data-element_type=\"container\" data-e-type=\"container\" id=\"at-video\">\n\t\t\t\t\t<div class=\"e-con-inner\">\n\t\t<div class=\"elementor-element elementor-element-01f01d6 e-con-full e-flex e-con e-child\" data-id=\"01f01d6\" data-element_type=\"container\" data-e-type=\"container\">\n\t\t\t\t<div class=\"elementor-element elementor-element-c6609b8 elementor-widget__width-initial elementor-widget elementor-widget-video\" data-id=\"c6609b8\" data-element_type=\"widget\" data-e-type=\"widget\" data-settings=\"{&quot;youtube_url&quot;:&quot;https:\\\/\\\/www.youtube.com\\\/watch?v=_-rfZXL9SQk&quot;,&quot;video_type&quot;:&quot;youtube&quot;,&quot;controls&quot;:&quot;yes&quot;}\" data-widget_type=\"video.default\">\n\t\t\t\t<div class=\"elementor-widget-container\">\n\t\t\t\t\t\t\t<div class=\"elementor-wrapper elementor-open-inline\">\n\t\t\t<div class=\"elementor-video\"><\/div>\t\t<\/div>\n\t\t\t\t\t\t<\/div>\n\t\t\t\t<\/div>\n\t\t\t\t<\/div>\n\t\t<div class=\"elementor-element elementor-element-7bb4d07 e-con-full e-flex e-con e-child\" data-id=\"7bb4d07\" data-element_type=\"container\" data-e-type=\"container\">\n\t\t\t\t<div class=\"elementor-element elementor-element-82ff87f elementor-widget elementor-widget-text-editor\" data-id=\"82ff87f\" data-element_type=\"widget\" data-e-type=\"widget\" data-widget_type=\"text-editor.default\">\n\t\t\t\t<div class=\"elementor-widget-container\">\n\t\t\t\t\t\t\t\t\t<div id=\"av_section_2\" class=\"avia-section main_color avia-section-default avia-no-shadow avia-bg-style-scroll  avia-builder-el-7  el_after_av_section  el_before_av_section  container_wrap fullsize\"><div class=\"container\"><div class=\"template-page content  av-content-full alpha units\"><div class=\"post-entry post-entry-type-page post-entry-918\"><div class=\"entry-content-wrapper clearfix\"><div class=\"flex_column av_one_full  flex_column_div av-zero-column-padding first  avia-builder-el-8  avia-builder-el-no-sibling\"><section class=\"av_textblock_section\"><div class=\"avia_textblock\"><p><strong>AQUA TILE COLOR<\/strong><\/p><p>Peinture \u00e0 base d\u2019eau monocomposante de qualit\u00e9 destin\u00e9e \u00e0 l\u2019application directe sur les carreaux muraux en c\u00e9ramique dans les cuisines, les es de bain et les toilettes. Adapt\u00e9e \u00e0 l\u2019utilisation \u00e0 l\u2019int\u00e9rieur. Convient aux locaux humides. \u00c9viter l\u2019eau stagnante. Le support d\u2019application : Carreaux muraux en c\u00e9ramique et c\u00e9ramique en porcelaine.<\/p><ul><li>\u00c0 base d\u2019eau, \u00e0 faible odeur<\/li><li>Elle est appliqu\u00e9e directement sur les carreaux \u2013 aucun appr\u00eat ni pon\u00e7age de la surface n\u2019est n\u00e9cessaire<\/li><li>Excellent pouvoir couvrant<\/li><li>Syst\u00e8me 3 en 1: scellement, support et peinture de finition en un seul produit<\/li><li>Couleur : blanc<\/li><li>Niveau de brillance : semi-brillant<\/li><\/ul><p><strong>Pr\u00e9paration du support<\/strong><\/p><p>Les carreaux doivent \u00eatre propres, secs et exempts de poussi\u00e8re et de graisse. Enlever les r\u00e9sidus de calcaire avec un d\u00e9tartrant puis rincer bien la surface. Enlever les r\u00e9sidus de silicone. Les joints doivent \u00eatre stables et solides. Toutes les fissures \u00e9ventuelles doivent \u00eatre pr\u00e9alablement bouch\u00e9s.<\/p><p><strong>Conditions d\u2019application<\/strong><\/p><p>Pendant toute la p\u00e9riode d'application et de s\u00e9chage du mat\u00e9riau, la temp\u00e9rature du support et la temp\u00e9rature de l'air doivent \u00eatre comprises entre 8\u00b0C et 30\u00b0C, et l'humidit\u00e9 relative entre 30% et 75%. Une humidit\u00e9 excessive, une temp\u00e9rature basse, une \u00e9paisseur de film excessive et un manque de circulation d'air peuvent ralentir le s\u00e9chage du film de peinture.<\/p><p><strong>Application<\/strong><\/p><p>En 2 \u00e0 3 couches avec un rouleau \u00e0 poils courts de qualit\u00e9 ou un applicateur de peinture airless basse pression (tel que la s\u00e9rie Wagner Felxio). Lorsque la peinture est appliqu\u00e9e \u00e0 l\u2019aide de l\u2019appareil, une seule application suffit. Pour les carreaux dans la zone de la cabine de douche, il est en tout cas conseill\u00e9 d\u2019appliquer 3 couches.<\/p><p><strong>Emballage<\/strong>750 ml<\/p><p><strong>Couverture<\/strong><\/p><p>8 \u2013 10 m\u00b2 \/ L.<\/p><p><strong>Nettoyage des outils<\/strong><\/p><p>Imm\u00e9diatement apr\u00e8s l'utilisation abondamment avec de l\u2019eau et du savon.<\/p><p><strong>S\u00e9chage<\/strong><\/p><p>Sec \u00e0 la poussi\u00e8re au bout d\u2019environ 30 minutes, sec au toucher au bout d\u2019environ 60 minutes, application de la deuxi\u00e8me couche est possible au bout d\u2019environ 4 heures, et le s\u00e9chage complet est obtenu au bout de 5 jours.<\/p><p><strong>Soin<\/strong><\/p><p>Utiliser des nettoyants m\u00e9nagers doux courants. Ne pas utiliser de produits abrasifs. Stockage : Conserver dans un endroit sec et frais dans son emballage d'origine non ouvert. Prot\u00e9ger contre le gel.<\/p><div id=\"gtx-trans\">\u00a0<\/div><\/div><\/section><\/div><\/div><\/div><\/div><\/div><\/div><div id=\"av_section_3\" class=\"avia-section main_color avia-section-default avia-no-shadow avia-bg-style-scroll  avia-builder-el-10  el_after_av_section  avia-builder-el-last  container_wrap fullsize\"><div class=\"container\"><div class=\"template-page content  av-content-full alpha units\"><div class=\"post-entry post-entry-type-page post-entry-918\"><div class=\"entry-content-wrapper clearfix\"><div class=\"avia-image-container  av-styling-   avia-builder-el-11  el_before_av_hr  avia-builder-el-first  avia-align-center\"><div class=\"avia-image-container-inner\">\u00a0<\/div><\/div><\/div><\/div><\/div><\/div><\/div>\t\t\t\t\t\t\t\t<\/div>\n\t\t\t\t<\/div>\n\t\t\t\t<\/div>\n\t\t\t\t\t<\/div>\n\t\t\t\t<\/div>\n\t\t<div class=\"elementor-element elementor-element-8244847 e-flex e-con-boxed e-con e-parent\" data-id=\"8244847\" data-element_type=\"container\" data-e-type=\"container\" data-settings=\"{&quot;background_background&quot;:&quot;classic&quot;}\">\n\t\t\t\t\t<div class=\"e-con-inner\">\n\t\t\t\t<div class=\"elementor-element elementor-element-0bad7da elementor-widget elementor-widget-heading\" data-id=\"0bad7da\" data-element_type=\"widget\" data-e-type=\"widget\" data-widget_type=\"heading.default\">\n\t\t\t\t<div class=\"elementor-widget-container\">\n\t\t\t\t\t<h2 class=\"elementor-heading-title elementor-size-default translation-block\">COMMANDER<br> EN LIGNE<\/h2>\t\t\t\t<\/div>\n\t\t\t\t<\/div>\n\t\t\t\t<div class=\"elementor-element elementor-element-9f48d62 elementor-align-center elementor-widget elementor-widget-button\" data-id=\"9f48d62\" data-element_type=\"widget\" data-e-type=\"widget\" data-widget_type=\"button.default\">\n\t\t\t\t<div class=\"elementor-widget-container\">\n\t\t\t\t\t\t\t\t\t<div class=\"elementor-button-wrapper\">\n\t\t\t\t\t<a class=\"elementor-button elementor-button-link elementor-size-sm\" href=\"https:\/\/roma.rs\/budj-vlaga-i-kondenz\">\n\t\t\t\t\t\t<span class=\"elementor-button-content-wrapper\">\n\t\t\t\t\t\t\t\t\t<span class=\"elementor-button-text\">Cliquer ici pour commander Aqua tile color<\/span>\n\t\t\t\t\t<\/span>\n\t\t\t\t\t<\/a>\n\t\t\t\t<\/div>\n\t\t\t\t\t\t\t\t<\/div>\n\t\t\t\t<\/div>\n\t\t\t\t<div class=\"elementor-element elementor-element-a7ac826 elementor-widget elementor-widget-heading\" data-id=\"a7ac826\" data-element_type=\"widget\" data-e-type=\"widget\" data-widget_type=\"heading.default\">\n\t\t\t\t<div class=\"elementor-widget-container\">\n\t\t\t\t\t<span class=\"elementor-heading-title elementor-size-default\">+382 77 27 27 00 pour Mont\u00e9n\u00e9gro<\/span>\t\t\t\t<\/div>\n\t\t\t\t<\/div>\n\t\t\t\t<div class=\"elementor-element elementor-element-a4155ee elementor-align-center elementor-widget elementor-widget-button\" data-id=\"a4155ee\" data-element_type=\"widget\" data-e-type=\"widget\" data-widget_type=\"button.default\">\n\t\t\t\t<div class=\"elementor-widget-container\">\n\t\t\t\t\t\t\t\t\t<div class=\"elementor-button-wrapper\">\n\t\t\t\t\t<a class=\"elementor-button elementor-button-link elementor-size-sm\" href=\"https:\/\/stopkondenz.com\/fr\/gde-kupiti\/\">\n\t\t\t\t\t\t<span class=\"elementor-button-content-wrapper\">\n\t\t\t\t\t\t\t\t\t<span class=\"elementor-button-text\">Cliquer ici pour la liste de tous les points de vente<\/span>\n\t\t\t\t\t<\/span>\n\t\t\t\t\t<\/a>\n\t\t\t\t<\/div>\n\t\t\t\t\t\t\t\t<\/div>\n\t\t\t\t<\/div>\n\t\t\t\t\t<\/div>\n\t\t\t\t<\/div>\n\t\t\t\t<\/div>","protected":false},"excerpt":{"rendered":"<p>Boja za zidne plo\u010dice AQUA TILE COLOR https:\/\/www.youtube.com\/watch?v=_-rfZXL9SQk AQUA TILE COLOR Kvalitetna\u00a0jednokomponentna\u00a0boja na vodenoj bazi namenjena za direktno nano\u0161enje na zidne kerami\u010dke plo\u010dice u kuhinjama, kupatilima i toaletima. Prilago\u0111ena je za upotrebu u enterijeru. Pogodna je za vla\u017ene prostore. Staja\u0107u vodu izbegavati. Podloga na koju se mo\u017ee nanositi: kerami\u010dke zidne plo\u010dice i porcelansku keramiku. Na [&hellip;]<\/p>\n","protected":false},"author":7,"featured_media":0,"parent":0,"menu_order":0,"comment_status":"closed","ping_status":"closed","template":"","meta":{"_monsterinsights_skip_tracking":false,"_monsterinsights_sitenote_active":false,"_monsterinsights_sitenote_note":"","_monsterinsights_sitenote_category":0,"_uf_show_specific_survey":0,"_uf_disable_surveys":false,"footnotes":""},"class_list":["post-206","page","type-page","status-publish","hentry"],"_links":{"self":[{"href":"https:\/\/stopkondenz.com\/fr\/wp-json\/wp\/v2\/pages\/206","targetHints":{"allow":["GET"]}}],"collection":[{"href":"https:\/\/stopkondenz.com\/fr\/wp-json\/wp\/v2\/pages"}],"about":[{"href":"https:\/\/stopkondenz.com\/fr\/wp-json\/wp\/v2\/types\/page"}],"author":[{"embeddable":true,"href":"https:\/\/stopkondenz.com\/fr\/wp-json\/wp\/v2\/users\/7"}],"replies":[{"embeddable":true,"href":"https:\/\/stopkondenz.com\/fr\/wp-json\/wp\/v2\/comments?post=206"}],"version-history":[{"count":19,"href":"https:\/\/stopkondenz.com\/fr\/wp-json\/wp\/v2\/pages\/206\/revisions"}],"predecessor-version":[{"id":672,"href":"https:\/\/stopkondenz.com\/fr\/wp-json\/wp\/v2\/pages\/206\/revisions\/672"}],"wp:attachment":[{"href":"https:\/\/stopkondenz.com\/fr\/wp-json\/wp\/v2\/media?parent=206"}],"curies":[{"name":"wp","href":"https:\/\/api.w.org\/{rel}","templated":true}]}}