{"id":594,"date":"2023-11-22T09:58:59","date_gmt":"2023-11-22T09:58:59","guid":{"rendered":"https:\/\/stopkondenz.com\/?page_id=594"},"modified":"2025-01-15T14:04:05","modified_gmt":"2025-01-15T14:04:05","slug":"tiletub-paint-boja-za-kade","status":"publish","type":"page","link":"https:\/\/stopkondenz.com\/fr\/tiletub-paint-boja-za-kade\/","title":{"rendered":"TILE&amp;TUB PAINT \u2013 BOJA ZA KADE"},"content":{"rendered":"<div data-elementor-type=\"wp-page\" data-elementor-id=\"594\" class=\"elementor elementor-594\" data-elementor-post-type=\"page\">\n\t\t\t\t<div class=\"elementor-element elementor-element-5a61db1 e-con-full e-flex e-con e-parent\" data-id=\"5a61db1\" data-element_type=\"container\" data-e-type=\"container\">\n\t\t<div class=\"elementor-element elementor-element-9ad98e3 e-con-full e-flex e-con e-child\" data-id=\"9ad98e3\" data-element_type=\"container\" data-e-type=\"container\" data-settings=\"{&quot;background_background&quot;:&quot;classic&quot;}\">\n\t\t\t\t<div class=\"elementor-element elementor-element-c249a00 elementor-widget elementor-widget-heading\" data-id=\"c249a00\" data-element_type=\"widget\" data-e-type=\"widget\" data-widget_type=\"heading.default\">\n\t\t\t\t<div class=\"elementor-widget-container\">\n\t\t\t\t\t<h1 class=\"elementor-heading-title elementor-size-default\">TILE&amp;TUB PAINT<\/h1>\t\t\t\t<\/div>\n\t\t\t\t<\/div>\n\t\t\t\t<div class=\"elementor-element elementor-element-1a527a8 elementor-widget elementor-widget-image\" data-id=\"1a527a8\" data-element_type=\"widget\" data-e-type=\"widget\" data-widget_type=\"image.default\">\n\t\t\t\t<div class=\"elementor-widget-container\">\n\t\t\t\t\t\t\t\t\t\t\t\t\t\t\t<img fetchpriority=\"high\" decoding=\"async\" width=\"325\" height=\"500\" src=\"https:\/\/stopkondenz.com\/wp-content\/uploads\/2023\/11\/tile-tube-kutija-500-1.webp\" class=\"attachment-full size-full wp-image-618\" alt=\"\" srcset=\"https:\/\/stopkondenz.com\/wp-content\/uploads\/2023\/11\/tile-tube-kutija-500-1.webp 325w, https:\/\/stopkondenz.com\/wp-content\/uploads\/2023\/11\/tile-tube-kutija-500-1-195x300.webp 195w, https:\/\/stopkondenz.com\/wp-content\/uploads\/2023\/11\/tile-tube-kutija-500-1-8x12.webp 8w\" sizes=\"(max-width: 325px) 100vw, 325px\" \/>\t\t\t\t\t\t\t\t\t\t\t\t\t\t\t<\/div>\n\t\t\t\t<\/div>\n\t\t\t\t<\/div>\n\t\t<div class=\"elementor-element elementor-element-98ca768 e-con-full e-flex e-con e-child\" data-id=\"98ca768\" data-element_type=\"container\" data-e-type=\"container\" data-settings=\"{&quot;background_background&quot;:&quot;classic&quot;}\">\n\t\t\t\t<\/div>\n\t\t\t\t<\/div>\n\t\t<div class=\"elementor-element elementor-element-d34d487 e-flex e-con-boxed e-con e-parent\" data-id=\"d34d487\" data-element_type=\"container\" data-e-type=\"container\">\n\t\t\t\t\t<div class=\"e-con-inner\">\n\t\t<div class=\"elementor-element elementor-element-96d304f e-con-full e-flex e-con e-child\" data-id=\"96d304f\" data-element_type=\"container\" data-e-type=\"container\">\n\t\t\t\t<div class=\"elementor-element elementor-element-7474e66 elementor-widget elementor-widget-text-editor\" data-id=\"7474e66\" data-element_type=\"widget\" data-e-type=\"widget\" data-widget_type=\"text-editor.default\">\n\t\t\t\t<div class=\"elementor-widget-container\">\n\t\t\t\t\t\t\t\t\t<p style=\"font-weight: 400;\" class=\"translation-block\"><strong>TILE&amp;TUB PAINT adh\u00e8re parfaitement \u00e0 toutes les surfaces<\/strong>, pr\u00e9sente une duret\u00e9, une r\u00e9sistance \u00e0 l\u2019usure et une brillance exceptionnelles et rafraichit toute surface en un, jusqu\u2019\u00e0 un maximum de deux traitements, facilement et en peu de temps.<\/p><p style=\"font-weight: 400;\">Elle est utilis\u00e9e pour la peinture de : baignoires sanitaires, baignoires en fibre de verre, baignoires de douche, lavabos, \u00e9viers, carreaux en c\u00e9ramique et autres surfaces associ\u00e9es. Elle est appliqu\u00e9e sur les zones en alliage m\u00e9tallique (fer r\u00e9guli\u00e8rement trait\u00e9 contre la rouille) et en t\u00f4le galvanis\u00e9e, en bois, sur les murs, la plastique (\u00e0 l'exclusion du PP-Polypropyl\u00e8ne et du PPO-Polyph\u00e9nyl\u00e8ne oxyde).<\/p><p style=\"font-weight: 400;\">Elle peut \u00eatre appliqu\u00e9e aux produits destin\u00e9s \u00e0 \u00eatre expos\u00e9s dans des environnements urbains, ruraux, c\u00f4tiers et industriels de moyenne agressivit\u00e9, et convient \u00e9galement aux bateaux.<\/p>\t\t\t\t\t\t\t\t<\/div>\n\t\t\t\t<\/div>\n\t\t\t\t<\/div>\n\t\t<div class=\"elementor-element elementor-element-c5d05e4 e-con-full e-flex e-con e-child\" data-id=\"c5d05e4\" data-element_type=\"container\" data-e-type=\"container\">\n\t\t\t\t<div class=\"elementor-element elementor-element-3ec81d1 elementor-widget elementor-widget-image\" data-id=\"3ec81d1\" data-element_type=\"widget\" data-e-type=\"widget\" data-widget_type=\"image.default\">\n\t\t\t\t<div class=\"elementor-widget-container\">\n\t\t\t\t\t\t\t\t\t\t\t\t\t\t\t<img decoding=\"async\" width=\"500\" height=\"500\" src=\"https:\/\/stopkondenz.com\/wp-content\/uploads\/2023\/11\/konzerva-500.webp\" class=\"attachment-large size-large wp-image-597\" alt=\"\" srcset=\"https:\/\/stopkondenz.com\/wp-content\/uploads\/2023\/11\/konzerva-500.webp 500w, https:\/\/stopkondenz.com\/wp-content\/uploads\/2023\/11\/konzerva-500-300x300.webp 300w, https:\/\/stopkondenz.com\/wp-content\/uploads\/2023\/11\/konzerva-500-150x150.webp 150w, https:\/\/stopkondenz.com\/wp-content\/uploads\/2023\/11\/konzerva-500-12x12.webp 12w\" sizes=\"(max-width: 500px) 100vw, 500px\" \/>\t\t\t\t\t\t\t\t\t\t\t\t\t\t\t<\/div>\n\t\t\t\t<\/div>\n\t\t\t\t<\/div>\n\t\t\t\t\t<\/div>\n\t\t\t\t<\/div>\n\t\t<div class=\"elementor-element elementor-element-b421833 e-flex e-con-boxed e-con e-parent\" data-id=\"b421833\" data-element_type=\"container\" data-e-type=\"container\" data-settings=\"{&quot;background_background&quot;:&quot;classic&quot;}\">\n\t\t\t\t\t<div class=\"e-con-inner\">\n\t\t\t\t<div class=\"elementor-element elementor-element-f97d06e elementor-widget__width-initial elementor-widget elementor-widget-heading\" data-id=\"f97d06e\" data-element_type=\"widget\" data-e-type=\"widget\" data-widget_type=\"heading.default\">\n\t\t\t\t<div class=\"elementor-widget-container\">\n\t\t\t\t\t<h4 class=\"elementor-heading-title elementor-size-default\">Comment l\u2019utilise-t-on ?<\/h4>\t\t\t\t<\/div>\n\t\t\t\t<\/div>\n\t\t\t\t\t<\/div>\n\t\t\t\t<\/div>\n\t\t<div class=\"elementor-element elementor-element-07f85e1 e-flex e-con-boxed e-con e-parent\" data-id=\"07f85e1\" data-element_type=\"container\" data-e-type=\"container\">\n\t\t\t\t\t<div class=\"e-con-inner\">\n\t\t<div class=\"elementor-element elementor-element-f352858 e-con-full e-flex e-con e-child\" data-id=\"f352858\" data-element_type=\"container\" data-e-type=\"container\">\n\t\t\t\t<div class=\"elementor-element elementor-element-a00570f elementor-widget elementor-widget-text-editor\" data-id=\"a00570f\" data-element_type=\"widget\" data-e-type=\"widget\" data-widget_type=\"text-editor.default\">\n\t\t\t\t<div class=\"elementor-widget-container\">\n\t\t\t\t\t\t\t\t\t<div class=\"flex_column av_one_half flex_column_div av-zero-column-padding first avia-builder-el-19 el_before_av_one_half avia-builder-el-first\"><section class=\"av_textblock_section\"><div class=\"avia_textblock\"><p style=\"font-weight: 400;\" class=\"translation-block\"><strong>La peinture TILE&amp;TUB PAINT EST utilis\u00e9e telle quelle, en m\u00e9langeant le composant A avec le composant B<\/strong>. Le cas \u00e9ch\u00e9ant, elle peut \u00eatre dilu\u00e9e avec un diluant nitro. Il est recommand\u00e9 de m\u00e9langer soigneusement le produit AVANT ET PENDANT L'APPLICATION afin d\u2019assurer une homog\u00e9n\u00e9it\u00e9 constante du produit.<\/p><p style=\"font-weight: 400;\">Le produit doit \u00eatre stock\u00e9 dans un endroit froid et bien ventil\u00e9. Conservez la canette bien ferm\u00e9e, \u00e0 l\u2019envers et \u00e0 l\u2019abri du gel et de la source de chaleur.<\/p><\/div><\/section><\/div>\t\t\t\t\t\t\t\t<\/div>\n\t\t\t\t<\/div>\n\t\t\t\t<\/div>\n\t\t<div class=\"elementor-element elementor-element-405cb52 e-con-full e-flex e-con e-child\" data-id=\"405cb52\" data-element_type=\"container\" data-e-type=\"container\">\n\t\t\t\t<div class=\"elementor-element elementor-element-267c0e2 elementor-widget__width-initial elementor-widget-mobile__width-inherit elementor-widget elementor-widget-text-editor\" data-id=\"267c0e2\" data-element_type=\"widget\" data-e-type=\"widget\" data-widget_type=\"text-editor.default\">\n\t\t\t\t<div class=\"elementor-widget-container\">\n\t\t\t\t\t\t\t\t\t<h3>1. PR\u00c9PARATION<\/h3><p>Un nettoyage appropri\u00e9 ainsi qu\u2019une bonne pr\u00e9paration du support sont n\u00e9cessaires afin d\u2019obtenir un rev\u00eatement lisse et durable !<\/p><p>- Si la couche de peinture existante est solide et stable de sorte qu\u2019il n\u2019est pas n\u00e9cessaire de l\u2019enlever compl\u00e8tement, il suffit de d\u00e9graisser la surface avec de l\u2019eau et du d\u00e9tergent et de bien la rincer. <br \/>- Si la couche de peinture existante est en phase de s\u00e9paration, d'\u00e9caillage, il faut d\u2019abord brosser et poncer soigneusement ces parties de la surface ou \u00e9liminer compl\u00e8tement la peinture existante \u00e0 l'aide d\u2019un des d\u00e9capants. Laver avec avec du diluant nettoyant ou \u00e0 l\u2019eau et au savon.<\/p>\t\t\t\t\t\t\t\t<\/div>\n\t\t\t\t<\/div>\n\t\t\t\t<div class=\"elementor-element elementor-element-4b1cc7a elementor-widget elementor-widget-image\" data-id=\"4b1cc7a\" data-element_type=\"widget\" data-e-type=\"widget\" data-widget_type=\"image.default\">\n\t\t\t\t<div class=\"elementor-widget-container\">\n\t\t\t\t\t\t\t\t\t\t\t\t\t\t\t<img decoding=\"async\" width=\"300\" height=\"300\" src=\"https:\/\/stopkondenz.com\/wp-content\/uploads\/2023\/11\/uputstvo-1.webp\" class=\"attachment-full size-full wp-image-598\" alt=\"\" srcset=\"https:\/\/stopkondenz.com\/wp-content\/uploads\/2023\/11\/uputstvo-1.webp 300w, https:\/\/stopkondenz.com\/wp-content\/uploads\/2023\/11\/uputstvo-1-150x150.webp 150w, https:\/\/stopkondenz.com\/wp-content\/uploads\/2023\/11\/uputstvo-1-12x12.webp 12w\" sizes=\"(max-width: 300px) 100vw, 300px\" \/>\t\t\t\t\t\t\t\t\t\t\t\t\t\t\t<\/div>\n\t\t\t\t<\/div>\n\t\t\t\t<\/div>\n\t\t<div class=\"elementor-element elementor-element-1c4a3bc e-con-full e-flex e-con e-child\" data-id=\"1c4a3bc\" data-element_type=\"container\" data-e-type=\"container\">\n\t\t\t\t<div class=\"elementor-element elementor-element-2eb6a1d elementor-widget__width-initial elementor-widget-mobile__width-inherit elementor-widget elementor-widget-text-editor\" data-id=\"2eb6a1d\" data-element_type=\"widget\" data-e-type=\"widget\" data-widget_type=\"text-editor.default\">\n\t\t\t\t<div class=\"elementor-widget-container\">\n\t\t\t\t\t\t\t\t\t<h3>2. M\u00c9LANGE<\/h3><p>Pour utiliser le produit, il suffit d\u2019abord de verser le contenu du composant B (durcisseur) dans la canette du composant A (\u00e9mail)<\/p><p>* Si vous ne souhaitez pas utiliser la totalit\u00e9 de la quantit\u00e9 d\u2019un coup, gardez \u00e0 l\u2019esprit que les ratios catalyse\/m\u00e9lange sont les suivants : 100g de composant A \/ 26,5 g de composant B.<br \/>Bien agiter la canette pendant quelques minutes, puis attendre quelques minutes avant l\u2019application.<br \/>Utiliser la peinture m\u00e9lang\u00e9e dans un d\u00e9lai maximum de 6 heures \u00e0 compter du moment de la pr\u00e9paration.<\/p><p>\u00a0<\/p>\t\t\t\t\t\t\t\t<\/div>\n\t\t\t\t<\/div>\n\t\t\t\t<div class=\"elementor-element elementor-element-66f2f80 elementor-widget elementor-widget-image\" data-id=\"66f2f80\" data-element_type=\"widget\" data-e-type=\"widget\" data-widget_type=\"image.default\">\n\t\t\t\t<div class=\"elementor-widget-container\">\n\t\t\t\t\t\t\t\t\t\t\t\t\t\t\t<img loading=\"lazy\" decoding=\"async\" width=\"300\" height=\"300\" src=\"https:\/\/stopkondenz.com\/wp-content\/uploads\/2023\/11\/uputstvo-2.webp\" class=\"attachment-full size-full wp-image-599\" alt=\"\" srcset=\"https:\/\/stopkondenz.com\/wp-content\/uploads\/2023\/11\/uputstvo-2.webp 300w, https:\/\/stopkondenz.com\/wp-content\/uploads\/2023\/11\/uputstvo-2-150x150.webp 150w, https:\/\/stopkondenz.com\/wp-content\/uploads\/2023\/11\/uputstvo-2-12x12.webp 12w\" sizes=\"(max-width: 300px) 100vw, 300px\" \/>\t\t\t\t\t\t\t\t\t\t\t\t\t\t\t<\/div>\n\t\t\t\t<\/div>\n\t\t\t\t<\/div>\n\t\t<div class=\"elementor-element elementor-element-a986629 e-con-full e-flex e-con e-child\" data-id=\"a986629\" data-element_type=\"container\" data-e-type=\"container\">\n\t\t\t\t<div class=\"elementor-element elementor-element-18ae8f0 elementor-widget__width-initial elementor-widget-mobile__width-inherit elementor-widget elementor-widget-text-editor\" data-id=\"18ae8f0\" data-element_type=\"widget\" data-e-type=\"widget\" data-widget_type=\"text-editor.default\">\n\t\t\t\t<div class=\"elementor-widget-container\">\n\t\t\t\t\t\t\t\t\t<h3>3.  APPLICATION<\/h3><p>Laver la surface avec avec du diluant nettoyant ou \u00e0 l\u2019eau et au savon.<br \/>Appliquer ensuite une ou plusieurs couches de produit avec un intervalle d\u2019au moins 24 heures entre les couches, avec un l\u00e9ger pon\u00e7age superficiel entre les couches.<br \/>M\u00e9thodes recommand\u00e9es d\u2019application : au pinceau ou au rouleau ou \u00e0 l\u2019aide d\u2019un applicateur de peinture airless<\/p><p>\u00a0<\/p>\t\t\t\t\t\t\t\t<\/div>\n\t\t\t\t<\/div>\n\t\t\t\t<div class=\"elementor-element elementor-element-53f2939 elementor-widget elementor-widget-image\" data-id=\"53f2939\" data-element_type=\"widget\" data-e-type=\"widget\" data-widget_type=\"image.default\">\n\t\t\t\t<div class=\"elementor-widget-container\">\n\t\t\t\t\t\t\t\t\t\t\t\t\t\t\t<img loading=\"lazy\" decoding=\"async\" width=\"300\" height=\"300\" src=\"https:\/\/stopkondenz.com\/wp-content\/uploads\/2023\/11\/uputstvo-3.webp\" class=\"attachment-full size-full wp-image-600\" alt=\"\" srcset=\"https:\/\/stopkondenz.com\/wp-content\/uploads\/2023\/11\/uputstvo-3.webp 300w, https:\/\/stopkondenz.com\/wp-content\/uploads\/2023\/11\/uputstvo-3-150x150.webp 150w, https:\/\/stopkondenz.com\/wp-content\/uploads\/2023\/11\/uputstvo-3-12x12.webp 12w\" sizes=\"(max-width: 300px) 100vw, 300px\" \/>\t\t\t\t\t\t\t\t\t\t\t\t\t\t\t<\/div>\n\t\t\t\t<\/div>\n\t\t\t\t<\/div>\n\t\t<div class=\"elementor-element elementor-element-fb82a51 e-con-full e-flex e-con e-child\" data-id=\"fb82a51\" data-element_type=\"container\" data-e-type=\"container\">\n\t\t\t\t<div class=\"elementor-element elementor-element-cf15f31 elementor-widget__width-initial elementor-widget-mobile__width-inherit elementor-widget elementor-widget-text-editor\" data-id=\"cf15f31\" data-element_type=\"widget\" data-e-type=\"widget\" data-widget_type=\"text-editor.default\">\n\t\t\t\t<div class=\"elementor-widget-container\">\n\t\t\t\t\t\t\t\t\t<h3>4. S\u00c9CHAGE<\/h3><p class=\"translation-block\">Temps de s\u00e9chage approximatif :<br>\nenviron 5 heures au toucher et environ 12 heures pour un s\u00e9chage total<br>\nCouverture approximative : 8\u2013 10 m2 par litre.<br>\nNettoyage des outils : avec un diluant nitro.<\/p>\t\t\t\t\t\t\t\t<\/div>\n\t\t\t\t<\/div>\n\t\t\t\t<div class=\"elementor-element elementor-element-2009e15 elementor-widget elementor-widget-image\" data-id=\"2009e15\" data-element_type=\"widget\" data-e-type=\"widget\" data-widget_type=\"image.default\">\n\t\t\t\t<div class=\"elementor-widget-container\">\n\t\t\t\t\t\t\t\t\t\t\t\t\t\t\t<img loading=\"lazy\" decoding=\"async\" width=\"300\" height=\"300\" src=\"https:\/\/stopkondenz.com\/wp-content\/uploads\/2023\/11\/uputstvo-4.webp\" class=\"attachment-full size-full wp-image-601\" alt=\"\" srcset=\"https:\/\/stopkondenz.com\/wp-content\/uploads\/2023\/11\/uputstvo-4.webp 300w, https:\/\/stopkondenz.com\/wp-content\/uploads\/2023\/11\/uputstvo-4-150x150.webp 150w, https:\/\/stopkondenz.com\/wp-content\/uploads\/2023\/11\/uputstvo-4-12x12.webp 12w\" sizes=\"(max-width: 300px) 100vw, 300px\" \/>\t\t\t\t\t\t\t\t\t\t\t\t\t\t\t<\/div>\n\t\t\t\t<\/div>\n\t\t\t\t<\/div>\n\t\t\t\t\t<\/div>\n\t\t\t\t<\/div>\n\t\t<div class=\"elementor-element elementor-element-4f70329 e-flex e-con-boxed e-con e-parent\" data-id=\"4f70329\" data-element_type=\"container\" data-e-type=\"container\" data-settings=\"{&quot;background_background&quot;:&quot;classic&quot;}\">\n\t\t\t\t\t<div class=\"e-con-inner\">\n\t\t\t\t<div class=\"elementor-element elementor-element-a71cb8c elementor-widget elementor-widget-heading\" data-id=\"a71cb8c\" data-element_type=\"widget\" data-e-type=\"widget\" data-widget_type=\"heading.default\">\n\t\t\t\t<div class=\"elementor-widget-container\">\n\t\t\t\t\t<h2 class=\"elementor-heading-title elementor-size-default translation-block\">COMMANDER<br> EN LIGNE<\/h2>\t\t\t\t<\/div>\n\t\t\t\t<\/div>\n\t\t\t\t<div class=\"elementor-element elementor-element-950128f elementor-align-center elementor-widget elementor-widget-button\" data-id=\"950128f\" data-element_type=\"widget\" data-e-type=\"widget\" data-widget_type=\"button.default\">\n\t\t\t\t<div class=\"elementor-widget-container\">\n\t\t\t\t\t\t\t\t\t<div class=\"elementor-button-wrapper\">\n\t\t\t\t\t<a class=\"elementor-button elementor-button-link elementor-size-sm\" href=\"https:\/\/roma.rs\/stop-kondenz-tile-tub-boja-za-plocice-i-kadu-750ml\">\n\t\t\t\t\t\t<span class=\"elementor-button-content-wrapper\">\n\t\t\t\t\t\t\t\t\t<span class=\"elementor-button-text\">Kliknite ovde da naru\u010dite Stopkondenz Tile&amp;Tub paint<\/span>\n\t\t\t\t\t<\/span>\n\t\t\t\t\t<\/a>\n\t\t\t\t<\/div>\n\t\t\t\t\t\t\t\t<\/div>\n\t\t\t\t<\/div>\n\t\t\t\t<div class=\"elementor-element elementor-element-582d4cd elementor-widget elementor-widget-heading\" data-id=\"582d4cd\" data-element_type=\"widget\" data-e-type=\"widget\" data-widget_type=\"heading.default\">\n\t\t\t\t<div class=\"elementor-widget-container\">\n\t\t\t\t\t<span class=\"elementor-heading-title elementor-size-default\">+382 77 27 27 00 pour Mont\u00e9n\u00e9gro<\/span>\t\t\t\t<\/div>\n\t\t\t\t<\/div>\n\t\t\t\t<div class=\"elementor-element elementor-element-398413e elementor-align-center elementor-widget elementor-widget-button\" data-id=\"398413e\" data-element_type=\"widget\" data-e-type=\"widget\" data-widget_type=\"button.default\">\n\t\t\t\t<div class=\"elementor-widget-container\">\n\t\t\t\t\t\t\t\t\t<div class=\"elementor-button-wrapper\">\n\t\t\t\t\t<a class=\"elementor-button elementor-button-link elementor-size-sm\" href=\"https:\/\/stopkondenz.com\/fr\/gde-kupiti\/\">\n\t\t\t\t\t\t<span class=\"elementor-button-content-wrapper\">\n\t\t\t\t\t\t\t\t\t<span class=\"elementor-button-text\">Cliquer ici pour la liste de tous les points de vente<\/span>\n\t\t\t\t\t<\/span>\n\t\t\t\t\t<\/a>\n\t\t\t\t<\/div>\n\t\t\t\t\t\t\t\t<\/div>\n\t\t\t\t<\/div>\n\t\t\t\t\t<\/div>\n\t\t\t\t<\/div>\n\t\t\t\t<\/div>","protected":false},"excerpt":{"rendered":"<p>TILE&amp;TUB PAINT TILE&amp;TUB PAINT prianja na sve povr\u0161ine, poseduje izuzetnu pokrivnu mo\u0107, tvrdoc\u0301u, otpornost na habanje i visok sjaj, a osve\u017ei\u0107e bilo koju povr\u0161inu za jedan, do maksimalno dva tretmana, jednostavno i za kratko vreme. Koristi se za farbanje sanitarnih kada, kada od fiberglasa, tu\u0161 kada, umivaonika, sudopera, kerami\u010dkih plo\u010dica i drugih srodnih povr\u0161ina. Primenjuje [&hellip;]<\/p>\n","protected":false},"author":7,"featured_media":0,"parent":0,"menu_order":0,"comment_status":"closed","ping_status":"closed","template":"","meta":{"_monsterinsights_skip_tracking":false,"_monsterinsights_sitenote_active":false,"_monsterinsights_sitenote_note":"","_monsterinsights_sitenote_category":0,"_uf_show_specific_survey":0,"_uf_disable_surveys":false,"footnotes":""},"class_list":["post-594","page","type-page","status-publish","hentry"],"_links":{"self":[{"href":"https:\/\/stopkondenz.com\/fr\/wp-json\/wp\/v2\/pages\/594","targetHints":{"allow":["GET"]}}],"collection":[{"href":"https:\/\/stopkondenz.com\/fr\/wp-json\/wp\/v2\/pages"}],"about":[{"href":"https:\/\/stopkondenz.com\/fr\/wp-json\/wp\/v2\/types\/page"}],"author":[{"embeddable":true,"href":"https:\/\/stopkondenz.com\/fr\/wp-json\/wp\/v2\/users\/7"}],"replies":[{"embeddable":true,"href":"https:\/\/stopkondenz.com\/fr\/wp-json\/wp\/v2\/comments?post=594"}],"version-history":[{"count":21,"href":"https:\/\/stopkondenz.com\/fr\/wp-json\/wp\/v2\/pages\/594\/revisions"}],"predecessor-version":[{"id":681,"href":"https:\/\/stopkondenz.com\/fr\/wp-json\/wp\/v2\/pages\/594\/revisions\/681"}],"wp:attachment":[{"href":"https:\/\/stopkondenz.com\/fr\/wp-json\/wp\/v2\/media?parent=594"}],"curies":[{"name":"wp","href":"https:\/\/api.w.org\/{rel}","templated":true}]}}