{"id":165,"date":"2022-12-07T12:19:43","date_gmt":"2022-12-07T12:19:43","guid":{"rendered":"https:\/\/stopkondenz.block.rs\/?page_id=165"},"modified":"2025-01-15T12:35:38","modified_gmt":"2025-01-15T12:35:38","slug":"termopremaz","status":"publish","type":"page","link":"https:\/\/stopkondenz.com\/mk\/termopremaz\/","title":{"rendered":"Te\u0440\u043c\u043e\u043f\u0440\u0435\u043c\u0430\u0437"},"content":{"rendered":"\t\t<div data-elementor-type=\"wp-page\" data-elementor-id=\"165\" class=\"elementor elementor-165\" data-elementor-post-type=\"page\">\n\t\t\t\t<div class=\"elementor-element elementor-element-629d86c e-con-full e-flex e-con e-parent\" data-id=\"629d86c\" data-element_type=\"container\" data-e-type=\"container\">\n\t\t<div class=\"elementor-element elementor-element-2a1e6be e-con-full e-flex e-con e-child\" data-id=\"2a1e6be\" data-element_type=\"container\" data-e-type=\"container\" data-settings=\"{&quot;background_background&quot;:&quot;classic&quot;}\">\n\t\t<div class=\"elementor-element elementor-element-f3349d0 e-con-full e-flex e-con e-child\" data-id=\"f3349d0\" data-element_type=\"container\" data-e-type=\"container\">\n\t\t\t\t<div class=\"elementor-element elementor-element-3d8552e elementor-widget elementor-widget-heading\" data-id=\"3d8552e\" data-element_type=\"widget\" data-e-type=\"widget\" data-widget_type=\"heading.default\">\n\t\t\t\t<div class=\"elementor-widget-container\">\n\t\t\t\t\t<h1 class=\"elementor-heading-title elementor-size-default\">Termopremaz<br> za zidove\n\n<\/h1>\t\t\t\t<\/div>\n\t\t\t\t<\/div>\n\t\t\t\t<div class=\"elementor-element elementor-element-6d6abdf elementor-widget elementor-widget-heading\" data-id=\"6d6abdf\" data-element_type=\"widget\" data-e-type=\"widget\" data-widget_type=\"heading.default\">\n\t\t\t\t<div class=\"elementor-widget-container\">\n\t\t\t\t\t<p class=\"elementor-heading-title elementor-size-default\">Premaz za spre\u010davanje<br> kondenzacije\n<\/p>\t\t\t\t<\/div>\n\t\t\t\t<\/div>\n\t\t\t\t<\/div>\n\t\t\t\t<div class=\"elementor-element elementor-element-f7b283c elementor-widget elementor-widget-image\" data-id=\"f7b283c\" data-element_type=\"widget\" data-e-type=\"widget\" data-widget_type=\"image.default\">\n\t\t\t\t<div class=\"elementor-widget-container\">\n\t\t\t\t\t\t\t\t\t\t\t\t\t\t\t<img fetchpriority=\"high\" decoding=\"async\" width=\"1328\" height=\"1399\" src=\"https:\/\/stopkondenz.com\/wp-content\/uploads\/2022\/12\/Termopremaz-za-zidove-750ml-1.png\" class=\"attachment-full size-full wp-image-171\" alt=\"\" srcset=\"https:\/\/stopkondenz.com\/wp-content\/uploads\/2022\/12\/Termopremaz-za-zidove-750ml-1.png 1328w, https:\/\/stopkondenz.com\/wp-content\/uploads\/2022\/12\/Termopremaz-za-zidove-750ml-1-285x300.png 285w, https:\/\/stopkondenz.com\/wp-content\/uploads\/2022\/12\/Termopremaz-za-zidove-750ml-1-972x1024.png 972w, https:\/\/stopkondenz.com\/wp-content\/uploads\/2022\/12\/Termopremaz-za-zidove-750ml-1-768x809.png 768w\" sizes=\"(max-width: 1328px) 100vw, 1328px\" \/>\t\t\t\t\t\t\t\t\t\t\t\t\t\t\t<\/div>\n\t\t\t\t<\/div>\n\t\t\t\t<\/div>\n\t\t<div class=\"elementor-element elementor-element-386c8de e-con-full e-flex e-con e-child\" data-id=\"386c8de\" data-element_type=\"container\" data-e-type=\"container\" data-settings=\"{&quot;background_background&quot;:&quot;classic&quot;}\">\n\t\t\t\t<div class=\"elementor-element elementor-element-3fe841e elementor-widget__width-auto elementor-widget elementor-widget-image\" data-id=\"3fe841e\" data-element_type=\"widget\" data-e-type=\"widget\" data-widget_type=\"image.default\">\n\t\t\t\t<div class=\"elementor-widget-container\">\n\t\t\t\t\t\t\t\t\t\t\t\t\t\t\t<img decoding=\"async\" width=\"252\" height=\"252\" src=\"https:\/\/stopkondenz.com\/wp-content\/uploads\/2022\/12\/krug-2.png\" class=\"attachment-full size-full wp-image-167\" alt=\"\" srcset=\"https:\/\/stopkondenz.com\/wp-content\/uploads\/2022\/12\/krug-2.png 252w, https:\/\/stopkondenz.com\/wp-content\/uploads\/2022\/12\/krug-2-150x150.png 150w\" sizes=\"(max-width: 252px) 100vw, 252px\" \/>\t\t\t\t\t\t\t\t\t\t\t\t\t\t\t<\/div>\n\t\t\t\t<\/div>\n\t\t\t\t<\/div>\n\t\t\t\t<\/div>\n\t\t<div class=\"elementor-element elementor-element-a5381fe e-flex e-con-boxed e-con e-parent\" data-id=\"a5381fe\" data-element_type=\"container\" data-e-type=\"container\">\n\t\t\t\t\t<div class=\"e-con-inner\">\n\t\t<div class=\"elementor-element elementor-element-e575059 e-con-full e-flex e-con e-child\" data-id=\"e575059\" data-element_type=\"container\" data-e-type=\"container\">\n\t\t\t\t<div class=\"elementor-element elementor-element-43410f4 elementor-widget elementor-widget-text-editor\" data-id=\"43410f4\" data-element_type=\"widget\" data-e-type=\"widget\" data-widget_type=\"text-editor.default\">\n\t\t\t\t<div class=\"elementor-widget-container\">\n\t\t\t\t\t\t\t\t\t<p>Ukoliko je koncentracija vlage izuzetno velika\u00a0<strong>najefikasnije re\u0161enje je StopKondenz termopremaz<\/strong>\u00a0koji veoma efikasno onemogu\u0107ava da se na tretiranim mestima pojavi kondenzacija.<\/p><p><strong>Povr\u0161ina koja je obra\u0111ena ovim termopremazom toplija je do 5\u00b0C od one koja nije premazana<\/strong>. Koli\u010dina toplote koja se akumulira obezbe\u0111uje da \u010dak i kada je u prostoriji relativna vla\u017enost do 90%, spre\u010dava kondenzaciju i tako de\ufb01nitivno elimini\u0161e uslove za pojavu bu\u0111i.<\/p><p>StopKondenz se nanosi\u00a0<strong>jednostavno \u010detkom<\/strong>\u00a0i nakon su\u0161enja mo\u017ee se prekre\u010diti standardnim disperzionim bojama na vodenoj bazi.<\/p>\t\t\t\t\t\t\t\t<\/div>\n\t\t\t\t<\/div>\n\t\t\t\t<\/div>\n\t\t<div class=\"elementor-element elementor-element-a7cfdbc e-con-full e-flex e-con e-child\" data-id=\"a7cfdbc\" data-element_type=\"container\" data-e-type=\"container\">\n\t\t\t\t<div class=\"elementor-element elementor-element-99b4b09 elementor-widget__width-initial elementor-widget-tablet__width-inherit elementor-widget elementor-widget-text-editor\" data-id=\"99b4b09\" data-element_type=\"widget\" data-e-type=\"widget\" data-widget_type=\"text-editor.default\">\n\t\t\t\t<div class=\"elementor-widget-container\">\n\t\t\t\t\t\t\t\t\t<p>&#8211; Atmosferska vlaga<\/p><p>&#8211; Kondenzaciona vlaga<\/p><p>&#8211; Vlaga od procurivanja<\/p>\t\t\t\t\t\t\t\t<\/div>\n\t\t\t\t<\/div>\n\t\t\t\t<\/div>\n\t\t<div class=\"elementor-element elementor-element-4d7ac68 e-con-full e-flex e-con e-child\" data-id=\"4d7ac68\" data-element_type=\"container\" data-e-type=\"container\" id=\"tp-video\">\n\t\t\t\t<div class=\"elementor-element elementor-element-16d5895 elementor-widget__width-initial elementor-widget elementor-widget-video\" data-id=\"16d5895\" data-element_type=\"widget\" data-e-type=\"widget\" data-settings=\"{&quot;youtube_url&quot;:&quot;https:\\\/\\\/www.youtube.com\\\/watch?v=6k1dBlvV5Bg&quot;,&quot;video_type&quot;:&quot;youtube&quot;,&quot;controls&quot;:&quot;yes&quot;}\" data-widget_type=\"video.default\">\n\t\t\t\t<div class=\"elementor-widget-container\">\n\t\t\t\t\t\t\t<div class=\"elementor-wrapper elementor-open-inline\">\n\t\t\t<div class=\"elementor-video\"><\/div>\t\t<\/div>\n\t\t\t\t\t\t<\/div>\n\t\t\t\t<\/div>\n\t\t\t\t<\/div>\n\t\t\t\t\t<\/div>\n\t\t\t\t<\/div>\n\t\t<div class=\"elementor-element elementor-element-26a96c6 e-flex e-con-boxed e-con e-parent\" data-id=\"26a96c6\" data-element_type=\"container\" data-e-type=\"container\" data-settings=\"{&quot;background_background&quot;:&quot;classic&quot;}\">\n\t\t\t\t\t<div class=\"e-con-inner\">\n\t\t\t\t<div class=\"elementor-element elementor-element-3d20712 elementor-widget__width-initial elementor-widget elementor-widget-heading\" data-id=\"3d20712\" data-element_type=\"widget\" data-e-type=\"widget\" data-widget_type=\"heading.default\">\n\t\t\t\t<div class=\"elementor-widget-container\">\n\t\t\t\t\t<h4 class=\"elementor-heading-title elementor-size-default\">Kako se ta\u010dno upotrebljava i kolika je potro\u0161nja?\n<\/h4>\t\t\t\t<\/div>\n\t\t\t\t<\/div>\n\t\t\t\t\t<\/div>\n\t\t\t\t<\/div>\n\t\t<div class=\"elementor-element elementor-element-46833cc e-flex e-con-boxed e-con e-parent\" data-id=\"46833cc\" data-element_type=\"container\" data-e-type=\"container\">\n\t\t\t\t\t<div class=\"e-con-inner\">\n\t\t<div class=\"elementor-element elementor-element-4d91e42 e-con-full e-flex e-con e-child\" data-id=\"4d91e42\" data-element_type=\"container\" data-e-type=\"container\">\n\t\t\t\t<div class=\"elementor-element elementor-element-fa14d7e elementor-widget elementor-widget-text-editor\" data-id=\"fa14d7e\" data-element_type=\"widget\" data-e-type=\"widget\" data-widget_type=\"text-editor.default\">\n\t\t\t\t<div class=\"elementor-widget-container\">\n\t\t\t\t\t\t\t\t\t<p><strong>Sadr\u017ei \u010destice mineralnog praha<\/strong>\u00a0koje imaju osobinu da upijaju toplotu iz prostorije i kasnije je emituju radi zagrevanja hladnih povr\u0161ina.<\/p><p><strong>Ne zahteva prethodnu podlogu<\/strong>\u00a0a mo\u017ee se nanositi i preko stare boje koja se ne lju\u0161ti. Povr\u0161ine koje je zahvatila bu\u0111 treba oprati vodenim rastvorom varikine (1dl varikine rastvoren u 1\/2lit vode). Nanosi se (bez razre\u0111ivanja) u dva sloja \u010detkom ili valjkom.\u00a0<strong>U kriti\u010dnim situacijama preporu\u010duje se nano\u0161enje i tre\u0107eg sloja.<\/strong><\/p><p>Prvi premaz treba da obezbedi potpuno pokrivanje povr\u0161ine i minimalnu debljinu sloja.\u00a0<strong>Drugi premaz naneti nakon 4 sata<\/strong>. Posle jo\u0161 4 sata naneti tre\u0107i premaz tako da ukupna debljina sloja premaza iznosi oko 1mm.<\/p><p><strong>Kada se povr\u0161ina potpuno osu\u0161i mo\u017ee se prefarbati standardnim disperzionim bojama<\/strong>. U 2 premaza bez razre\u0111ivanja potro\u0161nja je 0,7 lit\/m\u00b2. U 3 premaza potro\u0161nja je 0,9 lit\/m\u00b2. Kada je razre\u0111en sa 10-15% vode radi lak\u0161eg nano\u0161enja, obavezno se nanosi u tri sloja, uz potro\u0161nju 0,7 lit\/m\u00b2.<\/p>\t\t\t\t\t\t\t\t<\/div>\n\t\t\t\t<\/div>\n\t\t\t\t<\/div>\n\t\t<div class=\"elementor-element elementor-element-2f475a5 e-con-full e-flex e-con e-child\" data-id=\"2f475a5\" data-element_type=\"container\" data-e-type=\"container\">\n\t\t\t\t<div class=\"elementor-element elementor-element-b76e29e elementor-widget elementor-widget-image\" data-id=\"b76e29e\" data-element_type=\"widget\" data-e-type=\"widget\" data-settings=\"{&quot;sticky&quot;:&quot;top&quot;,&quot;sticky_on&quot;:[&quot;tablet&quot;],&quot;sticky_offset_tablet&quot;:16,&quot;sticky_parent&quot;:&quot;yes&quot;,&quot;sticky_offset&quot;:0,&quot;sticky_effects_offset&quot;:0,&quot;sticky_anchor_link_offset&quot;:0}\" data-widget_type=\"image.default\">\n\t\t\t\t<div class=\"elementor-widget-container\">\n\t\t\t\t\t\t\t\t\t\t\t\t\t\t\t<img decoding=\"async\" width=\"716\" height=\"700\" src=\"https:\/\/stopkondenz.com\/wp-content\/uploads\/2022\/12\/termopremaz-baner-pre-i-posle-fin.jpg\" class=\"attachment-full size-full wp-image-172\" alt=\"\" srcset=\"https:\/\/stopkondenz.com\/wp-content\/uploads\/2022\/12\/termopremaz-baner-pre-i-posle-fin.jpg 716w, https:\/\/stopkondenz.com\/wp-content\/uploads\/2022\/12\/termopremaz-baner-pre-i-posle-fin-300x293.jpg 300w\" sizes=\"(max-width: 716px) 100vw, 716px\" \/>\t\t\t\t\t\t\t\t\t\t\t\t\t\t\t<\/div>\n\t\t\t\t<\/div>\n\t\t\t\t<\/div>\n\t\t\t\t\t<\/div>\n\t\t\t\t<\/div>\n\t\t<div class=\"elementor-element elementor-element-767359d e-flex e-con-boxed e-con e-parent\" data-id=\"767359d\" data-element_type=\"container\" data-e-type=\"container\" data-settings=\"{&quot;background_background&quot;:&quot;classic&quot;}\">\n\t\t\t\t\t<div class=\"e-con-inner\">\n\t\t\t\t<div class=\"elementor-element elementor-element-ab7efef elementor-widget elementor-widget-heading\" data-id=\"ab7efef\" data-element_type=\"widget\" data-e-type=\"widget\" data-widget_type=\"heading.default\">\n\t\t\t\t<div class=\"elementor-widget-container\">\n\t\t\t\t\t<h2 class=\"elementor-heading-title elementor-size-default\">Naru\u010dite<br> online<\/h2>\t\t\t\t<\/div>\n\t\t\t\t<\/div>\n\t\t\t\t<div class=\"elementor-element elementor-element-c334d03 elementor-align-center elementor-widget elementor-widget-button\" data-id=\"c334d03\" data-element_type=\"widget\" data-e-type=\"widget\" data-widget_type=\"button.default\">\n\t\t\t\t<div class=\"elementor-widget-container\">\n\t\t\t\t\t\t\t\t\t<div class=\"elementor-button-wrapper\">\n\t\t\t\t\t<a class=\"elementor-button elementor-button-link elementor-size-sm\" href=\"https:\/\/roma.rs\/stop-kondenz-termopremaz-za-zidove-750ml\">\n\t\t\t\t\t\t<span class=\"elementor-button-content-wrapper\">\n\t\t\t\t\t\t\t\t\t<span class=\"elementor-button-text\">Kliknite ovde da naru\u010dite StopKondenz termopremaz<\/span>\n\t\t\t\t\t<\/span>\n\t\t\t\t\t<\/a>\n\t\t\t\t<\/div>\n\t\t\t\t\t\t\t\t<\/div>\n\t\t\t\t<\/div>\n\t\t\t\t<div class=\"elementor-element elementor-element-814629d elementor-widget elementor-widget-heading\" data-id=\"814629d\" data-element_type=\"widget\" data-e-type=\"widget\" data-widget_type=\"heading.default\">\n\t\t\t\t<div class=\"elementor-widget-container\">\n\t\t\t\t\t<span class=\"elementor-heading-title elementor-size-default\">+382 77 27 27 00 za Crnu Goru<\/span>\t\t\t\t<\/div>\n\t\t\t\t<\/div>\n\t\t\t\t<div class=\"elementor-element elementor-element-53381c8 elementor-align-center elementor-widget elementor-widget-button\" data-id=\"53381c8\" data-element_type=\"widget\" data-e-type=\"widget\" data-widget_type=\"button.default\">\n\t\t\t\t<div class=\"elementor-widget-container\">\n\t\t\t\t\t\t\t\t\t<div class=\"elementor-button-wrapper\">\n\t\t\t\t\t<a class=\"elementor-button elementor-button-link elementor-size-sm\" href=\"https:\/\/stopkondenz.com\/gde-kupiti\/\">\n\t\t\t\t\t\t<span class=\"elementor-button-content-wrapper\">\n\t\t\t\t\t\t\t\t\t<span class=\"elementor-button-text\">Kliknite ovde za spisak svih prodajnih mesta<\/span>\n\t\t\t\t\t<\/span>\n\t\t\t\t\t<\/a>\n\t\t\t\t<\/div>\n\t\t\t\t\t\t\t\t<\/div>\n\t\t\t\t<\/div>\n\t\t\t\t\t<\/div>\n\t\t\t\t<\/div>\n\t\t\t\t<\/div>\n\t\t","protected":false},"excerpt":{"rendered":"<p>Termopremaz za zidove Premaz za spre\u010davanje kondenzacije Ukoliko je koncentracija vlage izuzetno velika\u00a0najefikasnije re\u0161enje je StopKondenz termopremaz\u00a0koji veoma efikasno onemogu\u0107ava da se na tretiranim mestima pojavi kondenzacija. Povr\u0161ina koja je obra\u0111ena ovim termopremazom toplija je do 5\u00b0C od one koja nije premazana. Koli\u010dina toplote koja se akumulira obezbe\u0111uje da \u010dak i kada je u prostoriji [&hellip;]<\/p>\n","protected":false},"author":7,"featured_media":0,"parent":0,"menu_order":0,"comment_status":"closed","ping_status":"closed","template":"","meta":{"_monsterinsights_skip_tracking":false,"_monsterinsights_sitenote_active":false,"_monsterinsights_sitenote_note":"","_monsterinsights_sitenote_category":0,"_uf_show_specific_survey":0,"_uf_disable_surveys":false,"footnotes":""},"class_list":["post-165","page","type-page","status-publish","hentry"],"_links":{"self":[{"href":"https:\/\/stopkondenz.com\/mk\/wp-json\/wp\/v2\/pages\/165","targetHints":{"allow":["GET"]}}],"collection":[{"href":"https:\/\/stopkondenz.com\/mk\/wp-json\/wp\/v2\/pages"}],"about":[{"href":"https:\/\/stopkondenz.com\/mk\/wp-json\/wp\/v2\/types\/page"}],"author":[{"embeddable":true,"href":"https:\/\/stopkondenz.com\/mk\/wp-json\/wp\/v2\/users\/7"}],"replies":[{"embeddable":true,"href":"https:\/\/stopkondenz.com\/mk\/wp-json\/wp\/v2\/comments?post=165"}],"version-history":[{"count":25,"href":"https:\/\/stopkondenz.com\/mk\/wp-json\/wp\/v2\/pages\/165\/revisions"}],"predecessor-version":[{"id":668,"href":"https:\/\/stopkondenz.com\/mk\/wp-json\/wp\/v2\/pages\/165\/revisions\/668"}],"wp:attachment":[{"href":"https:\/\/stopkondenz.com\/mk\/wp-json\/wp\/v2\/media?parent=165"}],"curies":[{"name":"wp","href":"https:\/\/api.w.org\/{rel}","templated":true}]}}