{"id":206,"date":"2022-12-07T13:28:33","date_gmt":"2022-12-07T13:28:33","guid":{"rendered":"https:\/\/stopkondenz.block.rs\/?page_id=206"},"modified":"2025-01-15T12:38:36","modified_gmt":"2025-01-15T12:38:36","slug":"aqua-tile-color","status":"publish","type":"page","link":"https:\/\/stopkondenz.com\/ru\/aqua-tile-color\/","title":{"rendered":"Aqua tile color"},"content":{"rendered":"<div data-elementor-type=\"wp-page\" data-elementor-id=\"206\" class=\"elementor elementor-206\" data-elementor-post-type=\"page\">\n\t\t\t\t<div class=\"elementor-element elementor-element-02d8458 e-con-full e-flex e-con e-parent\" data-id=\"02d8458\" data-element_type=\"container\" data-e-type=\"container\">\n\t\t<div class=\"elementor-element elementor-element-add5aeb e-con-full e-flex e-con e-child\" data-id=\"add5aeb\" data-element_type=\"container\" data-e-type=\"container\" data-settings=\"{&quot;background_background&quot;:&quot;classic&quot;}\">\n\t\t<div class=\"elementor-element elementor-element-514d05f e-con-full e-flex e-con e-child\" data-id=\"514d05f\" data-element_type=\"container\" data-e-type=\"container\">\n\t\t\t\t<div class=\"elementor-element elementor-element-f3c4e81 elementor-widget elementor-widget-heading\" data-id=\"f3c4e81\" data-element_type=\"widget\" data-e-type=\"widget\" data-widget_type=\"heading.default\">\n\t\t\t\t<div class=\"elementor-widget-container\">\n\t\t\t\t\t<h1 class=\"elementor-heading-title elementor-size-default\">\u041a\u0420\u0410\u0421\u041a\u0410 \u0414\u041b\u042f<br> \u041d\u0410\u0421\u0422\u0415\u041d\u041d\u041e\u0419 \u041f\u041b\u0418\u0422\u041a\u0418\n<\/h1>\t\t\t\t<\/div>\n\t\t\t\t<\/div>\n\t\t\t\t<div class=\"elementor-element elementor-element-1b43437 elementor-widget elementor-widget-heading\" data-id=\"1b43437\" data-element_type=\"widget\" data-e-type=\"widget\" data-widget_type=\"heading.default\">\n\t\t\t\t<div class=\"elementor-widget-container\">\n\t\t\t\t\t<p class=\"elementor-heading-title elementor-size-default\">AQUA TILE COLOR<\/p>\t\t\t\t<\/div>\n\t\t\t\t<\/div>\n\t\t\t\t<\/div>\n\t\t\t\t<div class=\"elementor-element elementor-element-383d3fa elementor-widget elementor-widget-image\" data-id=\"383d3fa\" data-element_type=\"widget\" data-e-type=\"widget\" data-widget_type=\"image.default\">\n\t\t\t\t<div class=\"elementor-widget-container\">\n\t\t\t\t\t\t\t\t\t\t\t\t\t\t\t<img fetchpriority=\"high\" decoding=\"async\" width=\"404\" height=\"476\" src=\"https:\/\/stopkondenz.com\/wp-content\/uploads\/2022\/12\/Aqua-tile-limenka-2-CMYK.png\" class=\"attachment-full size-full wp-image-208\" alt=\"\" srcset=\"https:\/\/stopkondenz.com\/wp-content\/uploads\/2022\/12\/Aqua-tile-limenka-2-CMYK.png 404w, https:\/\/stopkondenz.com\/wp-content\/uploads\/2022\/12\/Aqua-tile-limenka-2-CMYK-255x300.png 255w\" sizes=\"(max-width: 404px) 100vw, 404px\" \/>\t\t\t\t\t\t\t\t\t\t\t\t\t\t\t<\/div>\n\t\t\t\t<\/div>\n\t\t\t\t<\/div>\n\t\t<div class=\"elementor-element elementor-element-a3cf8d0 e-con-full e-flex e-con e-child\" data-id=\"a3cf8d0\" data-element_type=\"container\" data-e-type=\"container\" data-settings=\"{&quot;background_background&quot;:&quot;classic&quot;}\">\n\t\t\t\t<\/div>\n\t\t\t\t<\/div>\n\t\t<div class=\"elementor-element elementor-element-00d8262 e-flex e-con-boxed e-con e-parent\" data-id=\"00d8262\" data-element_type=\"container\" data-e-type=\"container\" id=\"at-video\">\n\t\t\t\t\t<div class=\"e-con-inner\">\n\t\t<div class=\"elementor-element elementor-element-01f01d6 e-con-full e-flex e-con e-child\" data-id=\"01f01d6\" data-element_type=\"container\" data-e-type=\"container\">\n\t\t\t\t<div class=\"elementor-element elementor-element-c6609b8 elementor-widget__width-initial elementor-widget elementor-widget-video\" data-id=\"c6609b8\" data-element_type=\"widget\" data-e-type=\"widget\" data-settings=\"{&quot;youtube_url&quot;:&quot;https:\\\/\\\/www.youtube.com\\\/watch?v=_-rfZXL9SQk&quot;,&quot;video_type&quot;:&quot;youtube&quot;,&quot;controls&quot;:&quot;yes&quot;}\" data-widget_type=\"video.default\">\n\t\t\t\t<div class=\"elementor-widget-container\">\n\t\t\t\t\t\t\t<div class=\"elementor-wrapper elementor-open-inline\">\n\t\t\t<div class=\"elementor-video\"><\/div>\t\t<\/div>\n\t\t\t\t\t\t<\/div>\n\t\t\t\t<\/div>\n\t\t\t\t<\/div>\n\t\t<div class=\"elementor-element elementor-element-7bb4d07 e-con-full e-flex e-con e-child\" data-id=\"7bb4d07\" data-element_type=\"container\" data-e-type=\"container\">\n\t\t\t\t<div class=\"elementor-element elementor-element-82ff87f elementor-widget elementor-widget-text-editor\" data-id=\"82ff87f\" data-element_type=\"widget\" data-e-type=\"widget\" data-widget_type=\"text-editor.default\">\n\t\t\t\t<div class=\"elementor-widget-container\">\n\t\t\t\t\t\t\t\t\t<div id=\"av_section_2\" class=\"avia-section main_color avia-section-default avia-no-shadow avia-bg-style-scroll  avia-builder-el-7  el_after_av_section  el_before_av_section  container_wrap fullsize\"><div class=\"container\"><div class=\"template-page content  av-content-full alpha units\"><div class=\"post-entry post-entry-type-page post-entry-918\"><div class=\"entry-content-wrapper clearfix\"><div class=\"flex_column av_one_full  flex_column_div av-zero-column-padding first  avia-builder-el-8  avia-builder-el-no-sibling\"><section class=\"av_textblock_section\"><div class=\"avia_textblock\"><p><strong>AQUA TILE COLOR<\/strong><\/p><p>\u041a\u0430\u0447\u0435\u0441\u0442\u0432\u0435\u043d\u043d\u0430\u044f \u043e\u0434\u043d\u043e\u043a\u043e\u043c\u043f\u043e\u043d\u0435\u043d\u0442\u043d\u0430\u044f \u043a\u0440\u0430\u0441\u043a\u0430 \u043d\u0430 \u0432\u043e\u0434\u043d\u043e\u0439 \u043e\u0441\u043d\u043e\u0432\u0435 \u043f\u0440\u0435\u0434\u043d\u0430\u0437\u043d\u0430\u0447\u0435\u043d\u0430 \u0434\u043b\u044f \u043d\u0435\u043f\u043e\u0441\u0440\u0435\u0434\u0441\u0442\u0432\u0435\u043d\u043d\u043e\u0433\u043e \u043d\u0430\u043d\u0435\u0441\u0435\u043d\u0438\u044f \u043d\u0430 \u043d\u0430\u0441\u0442\u0435\u043d\u043d\u0443\u044e \u043a\u0435\u0440\u0430\u043c\u0438\u0447\u0435\u0441\u043a\u0443\u044e \u043f\u043b\u0438\u0442\u043a\u0443 \u0432 \u043a\u0443\u0445\u043d\u044f\u0445, \u0432\u0430\u043d\u043d\u044b\u0445 \u0438 \u0442\u0443\u0430\u043b\u0435\u0442\u0430\u0445. \u0421\u043e\u0441\u0442\u0430\u0432 \u0430\u0434\u0430\u043f\u0442\u0438\u0440\u043e\u0432\u0430\u043d \u0434\u043b\u044f \u0438\u0441\u043f\u043e\u043b\u044c\u0437\u043e\u0432\u0430\u043d\u0438\u044f \u0432\u043d\u0443\u0442\u0440\u0438 \u043f\u043e\u043c\u0435\u0449\u0435\u043d\u0438\u0439. \u041a\u0440\u0430\u0441\u043a\u0430 \u043f\u043e\u0434\u0445\u043e\u0434\u0438\u0442 \u0434\u043b\u044f \u0432\u043b\u0430\u0436\u043d\u044b\u0445 \u043f\u043e\u043c\u0435\u0449\u0435\u043d\u0438\u0439. \u0418\u0437\u0431\u0435\u0433\u0430\u0442\u044c \u0441\u0442\u043e\u044f\u0447\u0443\u044e \u0432\u043e\u0434\u0443. \u041e\u0441\u043d\u043e\u0432\u0430\u043d\u0438\u0435, \u043f\u043e\u0434\u0445\u043e\u0434\u044f\u0449\u0435\u0435 \u0434\u043b\u044f \u043d\u0430\u043d\u0435\u0441\u0435\u043d\u0438\u044f: \u043a\u0435\u0440\u0430\u043c\u0438\u0447\u0435\u0441\u043a\u0430\u044f \u043d\u0430\u0441\u0442\u0435\u043d\u043d\u0430\u044f \u043f\u043b\u0438\u0442\u043a\u0430 \u0438 \u043a\u0435\u0440\u0430\u043c\u043e\u0433\u0440\u0430\u043d\u0438\u0442.<\/p><ul><li>\u041d\u0430 \u0432\u043e\u0434\u043d\u043e\u0439 \u043e\u0441\u043d\u043e\u0432\u0435, \u0437\u0430\u043f\u0430\u0445 \u0441\u043b\u0430\u0431\u043e\u0432\u044b\u0440\u0430\u0436\u0435\u043d\u043d\u044b\u0439<\/li><li>\u041d\u0430\u043d\u0435\u0441\u0435\u043d\u0438\u0435 \u043d\u0435\u043f\u043e\u0441\u0440\u0435\u0434\u0441\u0442\u0432\u0435\u043d\u043d\u043e \u043d\u0430 \u043f\u043b\u0438\u0442\u043a\u0443 - \u0433\u0440\u0443\u043d\u0442\u043e\u0432\u043a\u0430 \u0438\u043b\u0438 \u0448\u043b\u0438\u0444\u043e\u0432\u043a\u0430 \u043f\u043e\u0432\u0435\u0440\u0445\u043d\u043e\u0441\u0442\u0438 \u043d\u0435 \u0442\u0440\u0435\u0431\u0443\u044e\u0442\u0441\u044f.<\/li><li>\u041e\u0442\u043b\u0438\u0447\u043d\u044b\u0435 \u043f\u043e\u043a\u0440\u044b\u0432\u0430\u044e\u0449\u0438\u0435 \u0441\u0432\u043e\u0439\u0441\u0442\u0432\u0430.<\/li><li>\u0421\u0438\u0441\u0442\u0435\u043c\u0430 \u00ab3 \u0432 1\u00bb: \u0433\u0435\u0440\u043c\u0435\u0442\u0438\u043a, \u043f\u0440\u0430\u0439\u043c\u0435\u0440 \u0438 \u043e\u0442\u0434\u0435\u043b\u043e\u0447\u043d\u0430\u044f \u043a\u0440\u0430\u0441\u043a\u0430 \u0432 \u043e\u0434\u043d\u043e\u043c \u043f\u0440\u043e\u0434\u0443\u043a\u0442\u0435.<\/li><li>\u0426\u0432\u0435\u0442 \u0431\u0435\u043b\u044b\u0439<\/li><li>\u0423\u0440\u043e\u0432\u0435\u043d\u044c \u0433\u043b\u044f\u043d\u0446\u0430: \u043f\u043e\u043b\u0443\u0433\u043b\u044f\u043d\u0446\u0435\u0432\u0430\u044f<\/li><\/ul><p><strong>\u041f\u043e\u0434\u0433\u043e\u0442\u043e\u0432\u043a\u0430 \u043e\u0441\u043d\u043e\u0432\u0430\u043d\u0438\u044f<\/strong><\/p><p>\u041f\u043b\u0438\u0442\u043a\u0430 \u0434\u043e\u043b\u0436\u043d\u0430 \u0431\u044b\u0442\u044c \u0447\u0438\u0441\u0442\u043e\u0439, \u0441\u0443\u0445\u043e\u0439, \u0431\u0435\u0437 \u043f\u044b\u043b\u0438 \u0438 \u0436\u0438\u0440\u0430. \u0423\u0434\u0430\u043b\u0438\u0442\u0435 \u043e\u0441\u0442\u0430\u0442\u043a\u0438 \u0438\u0437\u0432\u0435\u0441\u0442\u043a\u043e\u0432\u043e\u0433\u043e \u043d\u0430\u043b\u0435\u0442\u0430 \u0441 \u043f\u043e\u043c\u043e\u0449\u044c\u044e \u0441\u043e\u043e\u0442\u0432\u0435\u0442\u0441\u0442\u0432\u0443\u044e\u0449\u0435\u0433\u043e \u0441\u0440\u0435\u0434\u0441\u0442\u0432\u0430, \u0437\u0430\u0442\u0435\u043c \u0445\u043e\u0440\u043e\u0448\u043e \u043f\u0440\u043e\u043c\u043e\u0439\u0442\u0435 \u043f\u043e\u0432\u0435\u0440\u0445\u043d\u043e\u0441\u0442\u044c. \u0423\u0434\u0430\u043b\u0438\u0442\u0435 \u043e\u0441\u0442\u0430\u0442\u043a\u0438 \u0441\u0438\u043b\u0438\u043a\u043e\u043d\u0430. \u0421\u0442\u044b\u043a\u0438 \u0434\u043e\u043b\u0436\u043d\u044b \u0431\u044b\u0442\u044c \u0443\u0441\u0442\u043e\u0439\u0447\u0438\u0432\u044b\u043c\u0438 \u0438 \u043f\u0440\u043e\u0447\u043d\u044b\u043c\u0438. \u0417\u0430\u0440\u0430\u043d\u0435\u0435 \u0437\u0430\u043f\u043e\u043b\u043d\u0438\u0442\u0435 \u0432\u0441\u0435 \u0432\u043e\u0437\u043c\u043e\u0436\u043d\u044b\u0435 \u0442\u0440\u0435\u0449\u0438\u043d\u044b.<\/p><p><strong>\u0423\u0441\u043b\u043e\u0432\u0438\u044f \u043d\u0430\u043d\u0435\u0441\u0435\u043d\u0438\u044f<\/strong><\/p><p>\u0412 \u0442\u0435\u0447\u0435\u043d\u0438\u0435 \u0432\u0441\u0435\u0433\u043e \u043f\u0440\u043e\u0446\u0435\u0441\u0441\u0430 \u043d\u0430\u043d\u0435\u0441\u0435\u043d\u0438\u044f \u0438 \u0432\u044b\u0441\u044b\u0445\u0430\u043d\u0438\u044f \u043c\u0430\u0442\u0435\u0440\u0438\u0430\u043b\u0430 \u0442\u0435\u043c\u043f\u0435\u0440\u0430\u0442\u0443\u0440\u0430 \u043e\u0441\u043d\u043e\u0432\u0430\u043d\u0438\u044f \u0438 \u0442\u0435\u043c\u043f\u0435\u0440\u0430\u0442\u0443\u0440\u0430 \u0432\u043e\u0437\u0434\u0443\u0445\u0430 \u0434\u043e\u043b\u0436\u043d\u044b \u0431\u044b\u0442\u044c \u0432 \u043f\u0440\u0435\u0434\u0435\u043b\u0430\u0445 \u043e\u0442 8\u00b0\u0421 \u0434\u043e 30\u00b0\u0421, \u0430 \u043e\u0442\u043d\u043e\u0441\u0438\u0442\u0435\u043b\u044c\u043d\u0430\u044f \u0432\u043b\u0430\u0436\u043d\u043e\u0441\u0442\u044c \u0432\u043e\u0437\u0434\u0443\u0445\u0430 \u043e\u0442 30% \u0434\u043e 75%. \u0427\u0440\u0435\u0437\u043c\u0435\u0440\u043d\u0430\u044f \u0432\u043b\u0430\u0436\u043d\u043e\u0441\u0442\u044c \u0432\u043e\u0437\u0434\u0443\u0445\u0430, \u043d\u0438\u0437\u043a\u0430\u044f \u0442\u0435\u043c\u043f\u0435\u0440\u0430\u0442\u0443\u0440\u0430, \u0447\u0440\u0435\u0437\u043c\u0435\u0440\u043d\u0430\u044f \u0442\u043e\u043b\u0449\u0438\u043d\u0430 \u0441\u043b\u043e\u044f \u0438 \u043f\u043b\u043e\u0445\u0430\u044f \u0432\u0435\u043d\u0442\u0438\u043b\u044f\u0446\u0438\u044f \u043c\u043e\u0433\u0443\u0442 \u0437\u0430\u043c\u0435\u0434\u043b\u0438\u0442\u044c \u0432\u0440\u0435\u043c\u044f \u0432\u044b\u0441\u044b\u0445\u0430\u043d\u0438\u044f \u0441\u043b\u043e\u044f \u043a\u0440\u0430\u0441\u043a\u0438.<\/p><p><strong>\u041d\u0430\u043d\u0435\u0441\u0435\u043d\u0438\u0435<\/strong><\/p><p>\u041d\u0430\u043d\u0435\u0441\u0438\u0442\u0435 \u0441\u0440\u0435\u0434\u0441\u0442\u0432\u043e \u0432 2-3 \u0441\u043b\u043e\u044f, \u0438\u0441\u043f\u043e\u043b\u044c\u0437\u0443\u044f \u043a\u0430\u0447\u0435\u0441\u0442\u0432\u0435\u043d\u043d\u044b\u0439 \u0432\u0430\u043b\u0438\u043a \u0441 \u043a\u043e\u0440\u043e\u0442\u043a\u0438\u043c \u0432\u043e\u0440\u0441\u043e\u043c \u0438\u043b\u0438 \u0431\u0435\u0437\u0432\u043e\u0437\u0434\u0443\u0448\u043d\u044b\u0439 \u043a\u0440\u0430\u0441\u043a\u043e\u043f\u0443\u043b\u044c\u0442 \u043d\u0438\u0437\u043a\u043e\u0433\u043e \u0434\u0430\u0432\u043b\u0435\u043d\u0438\u044f (\u043d\u0430\u043f\u0440\u0438\u043c\u0435\u0440, \u0438\u0437 \u0441\u0435\u0440\u0438\u0438 Wagner Felxio). \u041f\u0440\u0438 \u043d\u0430\u043d\u0435\u0441\u0435\u043d\u0438\u0438 \u043a\u0440\u0430\u0441\u043a\u0438 \u0430\u043f\u043f\u0430\u0440\u0430\u0442\u043e\u043c \u0434\u043e\u0441\u0442\u0430\u0442\u043e\u0447\u043d\u043e \u043e\u0434\u043d\u043e\u0433\u043e \u043d\u0430\u043d\u0435\u0441\u0435\u043d\u0438\u044f. \u0414\u043b\u044f \u043f\u043b\u0438\u0442\u043a\u0438 \u043e\u043a\u043e\u043b\u043e \u0434\u0443\u0448\u0435\u0432\u043e\u0439 \u043a\u0430\u0431\u0438\u043d\u044b \u043d\u0430\u0441\u0442\u043e\u044f\u0442\u0435\u043b\u044c\u043d\u043e \u0440\u0435\u043a\u043e\u043c\u0435\u043d\u0434\u0443\u0435\u0442\u0441\u044f \u043d\u0430\u043d\u0435\u0441\u0442\u0438 \u043a\u0440\u0430\u0441\u043a\u0443 \u0432 3 \u0441\u043b\u043e\u044f.<\/p><p><strong>\u0423\u043f\u0430\u043a\u043e\u0432\u043a\u0430<\/strong>750 ml<\/p><p><strong>\u0423\u0434\u0435\u043b\u044c\u043d\u0430\u044f \u043f\u043b\u043e\u0449\u0430\u0434\u044c \u043f\u043e\u043a\u0440\u044b\u0442\u0438\u044f<\/strong><\/p><p>8 \u2013 10 m\u00b2 \/ L.<\/p><p><strong>\u041e\u0447\u0438\u0441\u0442\u043a\u0430 \u0438\u043d\u0441\u0442\u0440\u0443\u043c\u0435\u043d\u0442\u043e\u0432<\/strong><\/p><p>\u0421\u0440\u0430\u0437\u0443 \u043f\u043e\u0441\u043b\u0435 \u0438\u0441\u043f\u043e\u043b\u044c\u0437\u043e\u0432\u0430\u043d\u0438\u044f \u0441 \u0431\u043e\u043b\u044c\u0448\u0438\u043c \u043a\u043e\u043b\u0438\u0447\u0435\u0441\u0442\u0432\u043e\u043c \u0432\u043e\u0434\u044b \u0441 \u043c\u044b\u043b\u043e\u043c.<\/p><p><strong>\u0421\u0443\u0448\u043a\u0430<\/strong><\/p><p>\u0412\u044b\u0441\u044b\u0445\u0430\u043d\u0438\u0435 \u00ab\u043e\u0442 \u043f\u044b\u043b\u0438\u00bb \u043f\u0440\u0438\u043c\u0435\u0440\u043d\u043e \u0447\u0435\u0440\u0435\u0437 30 \u043c\u0438\u043d\u0443\u0442, \u043f\u043e\u0432\u0435\u0440\u0445\u043d\u043e\u0441\u0442\u044c \u0441\u0443\u0445\u0430\u044f \u043d\u0430 \u043e\u0449\u0443\u043f\u044c \u043f\u0440\u0438\u043c\u0435\u0440\u043d\u043e \u0447\u0435\u0440\u0435\u0437 60 \u043c\u0438\u043d\u0443\u0442. \u041d\u0430\u043d\u0435\u0441\u0435\u043d\u0438\u0435 \u0432\u0442\u043e\u0440\u043e\u0433\u043e \u0441\u043b\u043e\u044f \u0432\u043e\u0437\u043c\u043e\u0436\u043d\u043e \u043f\u0440\u0438\u043c\u0435\u0440\u043d\u043e \u0447\u0435\u0440\u0435\u0437 4 \u0447\u0430\u0441\u0430, \u043f\u043e\u043b\u043d\u043e\u0441\u0442\u044c\u044e \u0441\u0443\u0445\u0438\u043c \u043f\u043e\u0432\u0435\u0440\u0445\u043d\u043e\u0441\u0442\u044c \u0441\u0442\u0430\u043d\u043e\u0432\u0438\u0442\u0441\u044f \u0447\u0435\u0440\u0435\u0437 5 \u0434\u043d\u0435\u0439.<\/p><p><strong>\u0423\u0445\u043e\u0434<\/strong><\/p><p>\u0418\u0441\u043f\u043e\u043b\u044c\u0437\u043e\u0432\u0430\u0442\u044c \u043e\u0431\u044b\u0447\u043d\u044b\u0435 \u043c\u044f\u0433\u043a\u0438\u0435 \u0431\u044b\u0442\u043e\u0432\u044b\u0435 \u0447\u0438\u0441\u0442\u044f\u0449\u0438\u0435 \u0441\u0440\u0435\u0434\u0441\u0442\u0432\u0430. \u041d\u0435 \u0438\u0441\u043f\u043e\u043b\u044c\u0437\u043e\u0432\u0430\u0442\u044c \u0430\u0431\u0440\u0430\u0437\u0438\u0432\u043d\u044b\u0435 \u0441\u0440\u0435\u0434\u0441\u0442\u0432\u0430. \u0425\u0440\u0430\u043d\u0435\u043d\u0438\u0435: \u0425\u0440\u0430\u043d\u0438\u0442\u044c \u0432 \u043f\u0440\u043e\u0445\u043b\u0430\u0434\u043d\u043e\u043c \u0441\u0443\u0445\u043e\u043c \u043c\u0435\u0441\u0442\u0435 \u0432 \u043e\u0440\u0438\u0433\u0438\u043d\u0430\u043b\u044c\u043d\u043e\u0439 \u0438 \u0445\u043e\u0440\u043e\u0448\u043e \u0437\u0430\u043a\u0440\u044b\u0442\u043e\u0439 \u0443\u043f\u0430\u043a\u043e\u0432\u043a\u0435. \u0411\u0435\u0440\u0435\u0447\u044c \u043e\u0442 \u0437\u0430\u043c\u0435\u0440\u0437\u0430\u043d\u0438\u044f.<\/p><div id=\"gtx-trans\">\u00a0<\/div><\/div><\/section><\/div><\/div><\/div><\/div><\/div><\/div><div id=\"av_section_3\" class=\"avia-section main_color avia-section-default avia-no-shadow avia-bg-style-scroll  avia-builder-el-10  el_after_av_section  avia-builder-el-last  container_wrap fullsize\"><div class=\"container\"><div class=\"template-page content  av-content-full alpha units\"><div class=\"post-entry post-entry-type-page post-entry-918\"><div class=\"entry-content-wrapper clearfix\"><div class=\"avia-image-container  av-styling-   avia-builder-el-11  el_before_av_hr  avia-builder-el-first  avia-align-center\"><div class=\"avia-image-container-inner\">\u00a0<\/div><\/div><\/div><\/div><\/div><\/div><\/div>\t\t\t\t\t\t\t\t<\/div>\n\t\t\t\t<\/div>\n\t\t\t\t<\/div>\n\t\t\t\t\t<\/div>\n\t\t\t\t<\/div>\n\t\t<div class=\"elementor-element elementor-element-8244847 e-flex e-con-boxed e-con e-parent\" data-id=\"8244847\" data-element_type=\"container\" data-e-type=\"container\" data-settings=\"{&quot;background_background&quot;:&quot;classic&quot;}\">\n\t\t\t\t\t<div class=\"e-con-inner\">\n\t\t\t\t<div class=\"elementor-element elementor-element-0bad7da elementor-widget elementor-widget-heading\" data-id=\"0bad7da\" data-element_type=\"widget\" data-e-type=\"widget\" data-widget_type=\"heading.default\">\n\t\t\t\t<div class=\"elementor-widget-container\">\n\t\t\t\t\t<h2 class=\"elementor-heading-title elementor-size-default translation-block\">\u0417\u0410\u041a\u0410\u0417\u0410\u0422\u042c<br> \u041e\u041d\u041b\u0410\u0419\u041d<\/h2>\t\t\t\t<\/div>\n\t\t\t\t<\/div>\n\t\t\t\t<div class=\"elementor-element elementor-element-9f48d62 elementor-align-center elementor-widget elementor-widget-button\" data-id=\"9f48d62\" data-element_type=\"widget\" data-e-type=\"widget\" data-widget_type=\"button.default\">\n\t\t\t\t<div class=\"elementor-widget-container\">\n\t\t\t\t\t\t\t\t\t<div class=\"elementor-button-wrapper\">\n\t\t\t\t\t<a class=\"elementor-button elementor-button-link elementor-size-sm\" href=\"https:\/\/roma.rs\/budj-vlaga-i-kondenz\">\n\t\t\t\t\t\t<span class=\"elementor-button-content-wrapper\">\n\t\t\t\t\t\t\t\t\t<span class=\"elementor-button-text\">\u041d\u0430\u0436\u043c\u0438\u0442\u0435 \u0437\u0434\u0435\u0441\u044c \u0434\u043b\u044f \u0437\u0430\u043a\u0430\u0437\u0430 Aqua tile color<\/span>\n\t\t\t\t\t<\/span>\n\t\t\t\t\t<\/a>\n\t\t\t\t<\/div>\n\t\t\t\t\t\t\t\t<\/div>\n\t\t\t\t<\/div>\n\t\t\t\t<div class=\"elementor-element elementor-element-a7ac826 elementor-widget elementor-widget-heading\" data-id=\"a7ac826\" data-element_type=\"widget\" data-e-type=\"widget\" data-widget_type=\"heading.default\">\n\t\t\t\t<div class=\"elementor-widget-container\">\n\t\t\t\t\t<span class=\"elementor-heading-title elementor-size-default\">+382 77 27 27 00 (\u0427\u0435\u0440\u043d\u043e\u0433\u043e\u0440\u0438\u044f)<\/span>\t\t\t\t<\/div>\n\t\t\t\t<\/div>\n\t\t\t\t<div class=\"elementor-element elementor-element-a4155ee elementor-align-center elementor-widget elementor-widget-button\" data-id=\"a4155ee\" data-element_type=\"widget\" data-e-type=\"widget\" data-widget_type=\"button.default\">\n\t\t\t\t<div class=\"elementor-widget-container\">\n\t\t\t\t\t\t\t\t\t<div class=\"elementor-button-wrapper\">\n\t\t\t\t\t<a class=\"elementor-button elementor-button-link elementor-size-sm\" href=\"https:\/\/stopkondenz.com\/ru\/gde-kupiti\/\">\n\t\t\t\t\t\t<span class=\"elementor-button-content-wrapper\">\n\t\t\t\t\t\t\t\t\t<span class=\"elementor-button-text\">\u041d\u0430\u0436\u043c\u0438\u0442\u0435 \u0437\u0434\u0435\u0441\u044c \u0434\u043b\u044f \u043f\u043e\u043b\u0443\u0447\u0435\u043d\u0438\u044f \u0441\u043f\u0438\u0441\u043a\u0430 \u0432\u0441\u0435\u0445 \u0442\u043e\u0440\u0433\u043e\u0432\u044b\u0445 \u0442\u043e\u0447\u0435\u043a<\/span>\n\t\t\t\t\t<\/span>\n\t\t\t\t\t<\/a>\n\t\t\t\t<\/div>\n\t\t\t\t\t\t\t\t<\/div>\n\t\t\t\t<\/div>\n\t\t\t\t\t<\/div>\n\t\t\t\t<\/div>\n\t\t\t\t<\/div>","protected":false},"excerpt":{"rendered":"<p>Boja za zidne plo\u010dice AQUA TILE COLOR https:\/\/www.youtube.com\/watch?v=_-rfZXL9SQk AQUA TILE COLOR Kvalitetna\u00a0jednokomponentna\u00a0boja na vodenoj bazi namenjena za direktno nano\u0161enje na zidne kerami\u010dke plo\u010dice u kuhinjama, kupatilima i toaletima. Prilago\u0111ena je za upotrebu u enterijeru. Pogodna je za vla\u017ene prostore. Staja\u0107u vodu izbegavati. Podloga na koju se mo\u017ee nanositi: kerami\u010dke zidne plo\u010dice i porcelansku keramiku. Na [&hellip;]<\/p>\n","protected":false},"author":7,"featured_media":0,"parent":0,"menu_order":0,"comment_status":"closed","ping_status":"closed","template":"","meta":{"_monsterinsights_skip_tracking":false,"_monsterinsights_sitenote_active":false,"_monsterinsights_sitenote_note":"","_monsterinsights_sitenote_category":0,"_uf_show_specific_survey":0,"_uf_disable_surveys":false,"footnotes":""},"class_list":["post-206","page","type-page","status-publish","hentry"],"_links":{"self":[{"href":"https:\/\/stopkondenz.com\/ru\/wp-json\/wp\/v2\/pages\/206","targetHints":{"allow":["GET"]}}],"collection":[{"href":"https:\/\/stopkondenz.com\/ru\/wp-json\/wp\/v2\/pages"}],"about":[{"href":"https:\/\/stopkondenz.com\/ru\/wp-json\/wp\/v2\/types\/page"}],"author":[{"embeddable":true,"href":"https:\/\/stopkondenz.com\/ru\/wp-json\/wp\/v2\/users\/7"}],"replies":[{"embeddable":true,"href":"https:\/\/stopkondenz.com\/ru\/wp-json\/wp\/v2\/comments?post=206"}],"version-history":[{"count":19,"href":"https:\/\/stopkondenz.com\/ru\/wp-json\/wp\/v2\/pages\/206\/revisions"}],"predecessor-version":[{"id":672,"href":"https:\/\/stopkondenz.com\/ru\/wp-json\/wp\/v2\/pages\/206\/revisions\/672"}],"wp:attachment":[{"href":"https:\/\/stopkondenz.com\/ru\/wp-json\/wp\/v2\/media?parent=206"}],"curies":[{"name":"wp","href":"https:\/\/api.w.org\/{rel}","templated":true}]}}