{"id":194,"date":"2022-12-07T12:43:44","date_gmt":"2022-12-07T12:43:44","guid":{"rendered":"https:\/\/stopkondenz.block.rs\/?page_id=194"},"modified":"2023-04-05T08:36:57","modified_gmt":"2023-04-05T08:36:57","slug":"sk-cleaner-odstranjivac-budi","status":"publish","type":"page","link":"https:\/\/stopkondenz.com\/sq\/sk-cleaner-odstranjivac-budi\/","title":{"rendered":"SK Cleaner &#8211; odstranjiva\u010d bu\u0111i"},"content":{"rendered":"<div data-elementor-type=\"wp-page\" data-elementor-id=\"194\" class=\"elementor elementor-194\" data-elementor-post-type=\"page\">\n\t\t\t\t<div class=\"elementor-element elementor-element-71536ea e-con-full e-flex e-con e-parent\" data-id=\"71536ea\" data-element_type=\"container\" data-e-type=\"container\">\n\t\t<div class=\"elementor-element elementor-element-a969f2a e-con-full e-flex e-con e-parent\" data-id=\"a969f2a\" data-element_type=\"container\" data-e-type=\"container\" data-settings=\"{&quot;background_background&quot;:&quot;classic&quot;}\">\n\t\t<div class=\"elementor-element elementor-element-d484741 e-con-full e-flex e-con e-parent\" data-id=\"d484741\" data-element_type=\"container\" data-e-type=\"container\">\n\t\t\t\t<div class=\"elementor-element elementor-element-450f127 elementor-widget elementor-widget-heading\" data-id=\"450f127\" data-element_type=\"widget\" data-e-type=\"widget\" data-widget_type=\"heading.default\">\n\t\t\t\t<div class=\"elementor-widget-container\">\n\t\t\t\t\t<h1 class=\"elementor-heading-title elementor-size-default\">MENJANUES I MYKUT<\/h1>\t\t\t\t<\/div>\n\t\t\t\t<\/div>\n\t\t\t\t<div class=\"elementor-element elementor-element-77bd0dc elementor-widget elementor-widget-heading\" data-id=\"77bd0dc\" data-element_type=\"widget\" data-e-type=\"widget\" data-widget_type=\"heading.default\">\n\t\t\t\t<div class=\"elementor-widget-container\">\n\t\t\t\t\t<p class=\"elementor-heading-title elementor-size-default translation-block\">SK CLEANER<\/p>\t\t\t\t<\/div>\n\t\t\t\t<\/div>\n\t\t\t\t<\/div>\n\t\t\t\t<div class=\"elementor-element elementor-element-0540d06 elementor-widget elementor-widget-image\" data-id=\"0540d06\" data-element_type=\"widget\" data-e-type=\"widget\" data-widget_type=\"image.default\">\n\t\t\t\t<div class=\"elementor-widget-container\">\n\t\t\t\t\t\t\t\t\t\t\t\t\t\t\t<img fetchpriority=\"high\" decoding=\"async\" width=\"225\" height=\"635\" src=\"https:\/\/stopkondenz.com\/wp-content\/uploads\/2022\/12\/SK-cleaner-CMYK.png\" class=\"attachment-full size-full wp-image-196\" alt=\"\" srcset=\"https:\/\/stopkondenz.com\/wp-content\/uploads\/2022\/12\/SK-cleaner-CMYK.png 225w, https:\/\/stopkondenz.com\/wp-content\/uploads\/2022\/12\/SK-cleaner-CMYK-106x300.png 106w\" sizes=\"(max-width: 225px) 100vw, 225px\" \/>\t\t\t\t\t\t\t\t\t\t\t\t\t\t\t<\/div>\n\t\t\t\t<\/div>\n\t\t\t\t<\/div>\n\t\t<div class=\"elementor-element elementor-element-6c307c3 e-con-full e-flex e-con e-parent\" data-id=\"6c307c3\" data-element_type=\"container\" data-e-type=\"container\" data-settings=\"{&quot;background_background&quot;:&quot;classic&quot;}\">\n\t\t\t\t<div class=\"elementor-element elementor-element-ce61254 elementor-widget__width-auto elementor-widget elementor-widget-image\" data-id=\"ce61254\" data-element_type=\"widget\" data-e-type=\"widget\" data-widget_type=\"image.default\">\n\t\t\t\t<div class=\"elementor-widget-container\">\n\t\t\t\t\t\t\t\t\t\t\t\t\t\t\t<img decoding=\"async\" width=\"253\" height=\"253\" src=\"https:\/\/stopkondenz.com\/wp-content\/uploads\/2022\/12\/krug-4.png\" class=\"attachment-full size-full wp-image-198\" alt=\"\" srcset=\"https:\/\/stopkondenz.com\/wp-content\/uploads\/2022\/12\/krug-4.png 253w, https:\/\/stopkondenz.com\/wp-content\/uploads\/2022\/12\/krug-4-150x150.png 150w\" sizes=\"(max-width: 253px) 100vw, 253px\" \/>\t\t\t\t\t\t\t\t\t\t\t\t\t\t\t<\/div>\n\t\t\t\t<\/div>\n\t\t\t\t<\/div>\n\t\t\t\t<\/div>\n\t\t<div class=\"elementor-element elementor-element-9e36be8 e-flex e-con-boxed e-con e-parent\" data-id=\"9e36be8\" data-element_type=\"container\" data-e-type=\"container\">\n\t\t\t\t\t<div class=\"e-con-inner\">\n\t\t\t\t<div class=\"elementor-element elementor-element-f3fb231 elementor-widget__width-initial elementor-widget elementor-widget-heading\" data-id=\"f3fb231\" data-element_type=\"widget\" data-e-type=\"widget\" data-widget_type=\"heading.default\">\n\t\t\t\t<div class=\"elementor-widget-container\">\n\t\t\t\t\t<h2 class=\"elementor-heading-title elementor-size-default\">P\u00ebrdoret n\u00eb amvis\u00ebri, objekte publike dhe industriale p\u00ebr t\u00eb trajtuar sip\u00ebrfaqet q\u00eb nuk jan\u00eb n\u00eb kontakt t\u00eb drejtp\u00ebrdrejt\u00eb me ushqimin e njer\u00ebzve ose kafsh\u00ebve.<\/h2>\t\t\t\t<\/div>\n\t\t\t\t<\/div>\n\t\t\t\t\t<\/div>\n\t\t\t\t<\/div>\n\t\t<div class=\"elementor-element elementor-element-7a0e2e1 e-flex e-con-boxed e-con e-parent\" data-id=\"7a0e2e1\" data-element_type=\"container\" data-e-type=\"container\" data-settings=\"{&quot;background_background&quot;:&quot;classic&quot;}\">\n\t\t\t\t\t<div class=\"e-con-inner\">\n\t\t\t\t<div class=\"elementor-element elementor-element-7f9b150 elementor-widget__width-initial elementor-widget elementor-widget-heading\" data-id=\"7f9b150\" data-element_type=\"widget\" data-e-type=\"widget\" data-widget_type=\"heading.default\">\n\t\t\t\t<div class=\"elementor-widget-container\">\n\t\t\t\t\t<h4 class=\"elementor-heading-title elementor-size-default\">Si p\u00ebrdoret?<\/h4>\t\t\t\t<\/div>\n\t\t\t\t<\/div>\n\t\t\t\t\t<\/div>\n\t\t\t\t<\/div>\n\t\t<div class=\"elementor-element elementor-element-feb81bd e-flex e-con-boxed e-con e-parent\" data-id=\"feb81bd\" data-element_type=\"container\" data-e-type=\"container\">\n\t\t\t\t\t<div class=\"e-con-inner\">\n\t\t<div class=\"elementor-element elementor-element-c1e430a e-con-full e-flex e-con e-parent\" data-id=\"c1e430a\" data-element_type=\"container\" data-e-type=\"container\">\n\t\t\t\t<div class=\"elementor-element elementor-element-9b03ef4 elementor-widget elementor-widget-text-editor\" data-id=\"9b03ef4\" data-element_type=\"widget\" data-e-type=\"widget\" data-widget_type=\"text-editor.default\">\n\t\t\t\t<div class=\"elementor-widget-container\">\n\t\t\t\t\t\t\t\t\t<p style=\"margin: 0em 0px 1.6em; padding: 0px; border: 0px #e1e1e1; font-variant-numeric: inherit; font-variant-east-asian: inherit; font-stretch: inherit; line-height: 1.5; vertical-align: baseline; color: #666666; font-family: Arial, Helvetica, sans-serif !important;\" class=\"translation-block\">Sp\u00ebrkatni zonat e prekura nga nj\u00eb distanc\u00eb prej 10-15 cm dhe l\u00ebreni t\u00eb veproj\u00eb. Sipas nevoj\u00ebs, pas 15-20 minutash, shp\u00ebrlajeni me uj\u00eb. L\u00ebreni t\u00eb thahet. Pas k\u00ebsaj, t\u00eb gjitha sip\u00ebrfaqet e trajtuara mund t\u00eb p\u00ebrdoren.<\/p><p style=\"margin: 0em 0px 1.6em; padding: 0px; border: 0px #e1e1e1; font-variant-numeric: inherit; font-variant-east-asian: inherit; font-stretch: inherit; line-height: 1.5; vertical-align: baseline; color: #666666; font-family: Arial, Helvetica, sans-serif !important;\">Mos e hiqni mykun p\u00ebrpara se t\u00eb aplikoni produktin n\u00eb m\u00ebnyr\u00eb q\u00eb t\u00eb parandaloni p\u00ebrhapjen e sporeve.<\/p><p style=\"margin: 0em 0px 1.6em; padding: 0px; border: 0px #e1e1e1; font-variant-numeric: inherit; font-variant-east-asian: inherit; font-stretch: inherit; line-height: 1.5; vertical-align: baseline; color: #666666; font-family: Arial, Helvetica, sans-serif !important;\"><strong style=\"margin: 0px; padding: 0px; border: 0px #e1e1e1; font-style: inherit; font-variant: inherit; font-weight: bold; font-stretch: inherit; font-size: inherit; line-height: inherit; font-family: inherit; vertical-align: baseline; color: black;\">Doza e rekomanduar:<\/strong>\u00a0Sipas nevoj\u00ebs, n\u00eb var\u00ebsi t\u00eb sip\u00ebrfaqes q\u00eb do t\u00eb pastrohet dhe dezinfektohet.<\/p><p style=\"margin: 0em 0px 1.6em; padding: 0px; border: 0px #e1e1e1; font-variant-numeric: inherit; font-variant-east-asian: inherit; font-stretch: inherit; line-height: 1.5; vertical-align: baseline; color: #666666; font-family: Arial, Helvetica, sans-serif !important;\"><strong style=\"margin: 0px; padding: 0px; border: 0px #e1e1e1; font-style: inherit; font-variant: inherit; font-weight: bold; font-stretch: inherit; font-size: inherit; line-height: inherit; font-family: inherit; vertical-align: baseline; color: black;\">Rekomandim: 0.5 lit\/4m2.<sup style=\"margin: 0px; padding: 0px; border: 0px #e1e1e1; font-style: inherit; font-variant: inherit; font-weight: inherit; font-stretch: inherit; font-size: smaller; line-height: inherit; font-family: inherit; vertical-align: super;\">2<\/sup><\/strong>.<\/p><p style=\"margin: 0em 0px 1.6em; padding: 0px; border: 0px #e1e1e1; font-variant-numeric: inherit; font-variant-east-asian: inherit; font-stretch: inherit; line-height: 1.5; vertical-align: baseline; color: #666666; font-family: Arial, Helvetica, sans-serif !important;\">E gjith\u00eb sip\u00ebrfaqja q\u00eb do t\u00eb trajtohet duhet t\u00eb mbulohet me l\u00ebng. N\u00ebse sip\u00ebrfaqja \u00ebsht\u00eb shum\u00eb e ndotur, e gjith\u00eb procedura mund t\u00eb p\u00ebrs\u00ebritet pas 30 deri n\u00eb 60 minuta.<\/p>\t\t\t\t\t\t\t\t<\/div>\n\t\t\t\t<\/div>\n\t\t\t\t<\/div>\n\t\t<div class=\"elementor-element elementor-element-271142f e-con-full e-flex e-con e-parent\" data-id=\"271142f\" data-element_type=\"container\" data-e-type=\"container\">\n\t\t\t\t<div class=\"elementor-element elementor-element-c0369cf elementor-widget elementor-widget-image\" data-id=\"c0369cf\" data-element_type=\"widget\" data-e-type=\"widget\" data-widget_type=\"image.default\">\n\t\t\t\t<div class=\"elementor-widget-container\">\n\t\t\t\t\t\t\t\t\t\t\t\t\t\t\t<img decoding=\"async\" width=\"800\" height=\"800\" src=\"https:\/\/stopkondenz.com\/wp-content\/uploads\/2022\/12\/SK-cleaner-kupatilo-f.jpg\" class=\"attachment-full size-full wp-image-199\" alt=\"\" srcset=\"https:\/\/stopkondenz.com\/wp-content\/uploads\/2022\/12\/SK-cleaner-kupatilo-f.jpg 800w, https:\/\/stopkondenz.com\/wp-content\/uploads\/2022\/12\/SK-cleaner-kupatilo-f-300x300.jpg 300w, https:\/\/stopkondenz.com\/wp-content\/uploads\/2022\/12\/SK-cleaner-kupatilo-f-150x150.jpg 150w, https:\/\/stopkondenz.com\/wp-content\/uploads\/2022\/12\/SK-cleaner-kupatilo-f-768x768.jpg 768w\" sizes=\"(max-width: 800px) 100vw, 800px\" \/>\t\t\t\t\t\t\t\t\t\t\t\t\t\t\t<\/div>\n\t\t\t\t<\/div>\n\t\t\t\t<\/div>\n\t\t<div class=\"elementor-element elementor-element-7001492 e-con-full e-flex e-con e-parent\" data-id=\"7001492\" data-element_type=\"container\" data-e-type=\"container\" id=\"sk-video\">\n\t\t\t\t<div class=\"elementor-element elementor-element-108d5b4 elementor-widget__width-initial elementor-widget elementor-widget-video\" data-id=\"108d5b4\" data-element_type=\"widget\" data-e-type=\"widget\" data-settings=\"{&quot;youtube_url&quot;:&quot;https:\\\/\\\/www.youtube.com\\\/watch?v=1IV6Cr5Iu88&quot;,&quot;video_type&quot;:&quot;youtube&quot;,&quot;controls&quot;:&quot;yes&quot;}\" data-widget_type=\"video.default\">\n\t\t\t\t<div class=\"elementor-widget-container\">\n\t\t\t\t\t\t\t<div class=\"elementor-wrapper elementor-open-inline\">\n\t\t\t<div class=\"elementor-video\"><\/div>\t\t<\/div>\n\t\t\t\t\t\t<\/div>\n\t\t\t\t<\/div>\n\t\t\t\t<\/div>\n\t\t\t\t\t<\/div>\n\t\t\t\t<\/div>\n\t\t<div class=\"elementor-element elementor-element-54172da e-flex e-con-boxed e-con e-parent\" data-id=\"54172da\" data-element_type=\"container\" data-e-type=\"container\" data-settings=\"{&quot;background_background&quot;:&quot;classic&quot;}\">\n\t\t\t\t\t<div class=\"e-con-inner\">\n\t\t\t\t<div class=\"elementor-element elementor-element-c923758 elementor-widget__width-initial elementor-widget elementor-widget-heading\" data-id=\"c923758\" data-element_type=\"widget\" data-e-type=\"widget\" data-widget_type=\"heading.default\">\n\t\t\t\t<div class=\"elementor-widget-container\">\n\t\t\t\t\t<h4 class=\"elementor-heading-title elementor-size-default\">Ku aplikohet?<\/h4>\t\t\t\t<\/div>\n\t\t\t\t<\/div>\n\t\t\t\t\t<\/div>\n\t\t\t\t<\/div>\n\t\t<div class=\"elementor-element elementor-element-880e299 e-flex e-con-boxed e-con e-parent\" data-id=\"880e299\" data-element_type=\"container\" data-e-type=\"container\">\n\t\t\t\t\t<div class=\"e-con-inner\">\n\t\t<div class=\"elementor-element elementor-element-9b5bc38 e-con-full e-flex e-con e-parent\" data-id=\"9b5bc38\" data-element_type=\"container\" data-e-type=\"container\">\n\t\t\t\t<div class=\"elementor-element elementor-element-2df647c elementor-widget elementor-widget-heading\" data-id=\"2df647c\" data-element_type=\"widget\" data-e-type=\"widget\" data-widget_type=\"heading.default\">\n\t\t\t\t<div class=\"elementor-widget-container\">\n\t\t\t\t\t<h3 class=\"elementor-heading-title elementor-size-default\">\u00cbsht\u00eb i p\u00ebrshtatsh\u00ebm p\u00ebr:<\/h3>\t\t\t\t<\/div>\n\t\t\t\t<\/div>\n\t\t\t\t<div class=\"elementor-element elementor-element-97c6ec4 elementor-widget elementor-widget-text-editor\" data-id=\"97c6ec4\" data-element_type=\"widget\" data-e-type=\"widget\" data-widget_type=\"text-editor.default\">\n\t\t\t\t<div class=\"elementor-widget-container\">\n\t\t\t\t\t\t\t\t\t<div class=\"flex_column av_one_half flex_column_div av-zero-column-padding avia-builder-el-13 el_after_av_one_half el_before_av_hr\"><section class=\"av_textblock_section\"><div class=\"avia_textblock\">Lla\u00e7, gur, mermer, granit, dru, qeramik\u00eb, qelq, smalt, plastik\u00eb, akrilik, laminat, vinyl, silikon, gom\u00eb, teflon, \u00e7elik dhe krom.<\/div><\/section><\/div>\t\t\t\t\t\t\t\t<\/div>\n\t\t\t\t<\/div>\n\t\t\t\t<\/div>\n\t\t<div class=\"elementor-element elementor-element-b714236 e-con-full e-flex e-con e-parent\" data-id=\"b714236\" data-element_type=\"container\" data-e-type=\"container\">\n\t\t\t\t<div class=\"elementor-element elementor-element-0e17b06 elementor-widget elementor-widget-heading\" data-id=\"0e17b06\" data-element_type=\"widget\" data-e-type=\"widget\" data-widget_type=\"heading.default\">\n\t\t\t\t<div class=\"elementor-widget-container\">\n\t\t\t\t\t<h3 class=\"elementor-heading-title elementor-size-default\">Nuk \u00ebsht\u00eb i p\u00ebrshtatsh\u00ebm p\u00ebr:<\/h3>\t\t\t\t<\/div>\n\t\t\t\t<\/div>\n\t\t\t\t<div class=\"elementor-element elementor-element-577f91d elementor-widget elementor-widget-text-editor\" data-id=\"577f91d\" data-element_type=\"widget\" data-e-type=\"widget\" data-widget_type=\"text-editor.default\">\n\t\t\t\t<div class=\"elementor-widget-container\">\n\t\t\t\t\t\t\t\t\t<p>Sip\u00ebrfaqet prej gipsi, alumini, bakri, bronzi dhe druri t\u00eb lyer ose t\u00eb llakuar.<\/p>\t\t\t\t\t\t\t\t<\/div>\n\t\t\t\t<\/div>\n\t\t\t\t<\/div>\n\t\t\t\t\t<\/div>\n\t\t\t\t<\/div>\n\t\t<div class=\"elementor-element elementor-element-7966494 e-flex e-con-boxed e-con e-parent\" data-id=\"7966494\" data-element_type=\"container\" data-e-type=\"container\" data-settings=\"{&quot;background_background&quot;:&quot;classic&quot;}\">\n\t\t\t\t\t<div class=\"e-con-inner\">\n\t\t\t\t<div class=\"elementor-element elementor-element-d793950 elementor-widget elementor-widget-heading\" data-id=\"d793950\" data-element_type=\"widget\" data-e-type=\"widget\" data-widget_type=\"heading.default\">\n\t\t\t\t<div class=\"elementor-widget-container\">\n\t\t\t\t\t<h2 class=\"elementor-heading-title elementor-size-default translation-block\">POROSIT<br> ONLINE<\/h2>\t\t\t\t<\/div>\n\t\t\t\t<\/div>\n\t\t\t\t<div class=\"elementor-element elementor-element-1a7fa36 elementor-align-center elementor-widget elementor-widget-button\" data-id=\"1a7fa36\" data-element_type=\"widget\" data-e-type=\"widget\" data-widget_type=\"button.default\">\n\t\t\t\t<div class=\"elementor-widget-container\">\n\t\t\t\t\t\t\t\t\t<div class=\"elementor-button-wrapper\">\n\t\t\t\t\t<a class=\"elementor-button elementor-button-link elementor-size-sm\" href=\"https:\/\/roma.rs\/odstranjivac-budji-stop-kondenz-500ml\">\n\t\t\t\t\t\t<span class=\"elementor-button-content-wrapper\">\n\t\t\t\t\t\t\t\t\t<span class=\"elementor-button-text\">Klikoni k\u00ebtu p\u00ebr t\u00eb porositur SK Cleaner m\u00ebnjanues i mykut<\/span>\n\t\t\t\t\t<\/span>\n\t\t\t\t\t<\/a>\n\t\t\t\t<\/div>\n\t\t\t\t\t\t\t\t<\/div>\n\t\t\t\t<\/div>\n\t\t\t\t<div class=\"elementor-element elementor-element-fc07ae6 elementor-widget elementor-widget-heading\" data-id=\"fc07ae6\" data-element_type=\"widget\" data-e-type=\"widget\" data-widget_type=\"heading.default\">\n\t\t\t\t<div class=\"elementor-widget-container\">\n\t\t\t\t\t<span class=\"elementor-heading-title elementor-size-default\">+382 77 27 27 00 p\u00ebr Malin e Zi<\/span>\t\t\t\t<\/div>\n\t\t\t\t<\/div>\n\t\t\t\t<div class=\"elementor-element elementor-element-b344399 elementor-align-center elementor-widget elementor-widget-button\" data-id=\"b344399\" data-element_type=\"widget\" data-e-type=\"widget\" data-widget_type=\"button.default\">\n\t\t\t\t<div class=\"elementor-widget-container\">\n\t\t\t\t\t\t\t\t\t<div class=\"elementor-button-wrapper\">\n\t\t\t\t\t<a class=\"elementor-button elementor-button-link elementor-size-sm\" href=\"https:\/\/stopkondenz.com\/sq\/gde-kupiti\/\">\n\t\t\t\t\t\t<span class=\"elementor-button-content-wrapper\">\n\t\t\t\t\t\t\t\t\t<span class=\"elementor-button-text\">Klikoni k\u00ebtu p\u00ebr list\u00ebn e plot\u00eb t\u00eb pikave t\u00eb shitjes<\/span>\n\t\t\t\t\t<\/span>\n\t\t\t\t\t<\/a>\n\t\t\t\t<\/div>\n\t\t\t\t\t\t\t\t<\/div>\n\t\t\t\t<\/div>\n\t\t\t\t\t<\/div>\n\t\t\t\t<\/div>\n\t\t\t\t<\/div>","protected":false},"excerpt":{"rendered":"<p>Odstranjiva\u010d bu\u0111i SK Cleaner Koristi se u doma\u0107instvima, javnim i industrijskim objektima za tretiranje povr\u0161ina koje nisu u direktnom kontaktu sa hranom za ljude ili \u017eivotinje. Kako se upotrebljava? Naprskati pogo\u0111ena mesta sa udaljenosti od 10-15cm i ostaviti da deluje.\u00a0Posle 15-20 min po potrebi isprati vodom. Ostaviti da se osu\u0161i. Nakon toga sve tretirane povr\u0161ine [&hellip;]<\/p>\n","protected":false},"author":7,"featured_media":0,"parent":0,"menu_order":0,"comment_status":"closed","ping_status":"closed","template":"","meta":{"_monsterinsights_skip_tracking":false,"_monsterinsights_sitenote_active":false,"_monsterinsights_sitenote_note":"","_monsterinsights_sitenote_category":0,"_uf_show_specific_survey":0,"_uf_disable_surveys":false,"footnotes":""},"class_list":["post-194","page","type-page","status-publish","hentry"],"_links":{"self":[{"href":"https:\/\/stopkondenz.com\/sq\/wp-json\/wp\/v2\/pages\/194","targetHints":{"allow":["GET"]}}],"collection":[{"href":"https:\/\/stopkondenz.com\/sq\/wp-json\/wp\/v2\/pages"}],"about":[{"href":"https:\/\/stopkondenz.com\/sq\/wp-json\/wp\/v2\/types\/page"}],"author":[{"embeddable":true,"href":"https:\/\/stopkondenz.com\/sq\/wp-json\/wp\/v2\/users\/7"}],"replies":[{"embeddable":true,"href":"https:\/\/stopkondenz.com\/sq\/wp-json\/wp\/v2\/comments?post=194"}],"version-history":[{"count":22,"href":"https:\/\/stopkondenz.com\/sq\/wp-json\/wp\/v2\/pages\/194\/revisions"}],"predecessor-version":[{"id":567,"href":"https:\/\/stopkondenz.com\/sq\/wp-json\/wp\/v2\/pages\/194\/revisions\/567"}],"wp:attachment":[{"href":"https:\/\/stopkondenz.com\/sq\/wp-json\/wp\/v2\/media?parent=194"}],"curies":[{"name":"wp","href":"https:\/\/api.w.org\/{rel}","templated":true}]}}